{"id":335424,"date":"2022-05-05T08:43:58","date_gmt":"2022-05-05T06:43:58","guid":{"rendered":"https:\/\/www.prestar.cz\/?page_id=335424"},"modified":"2024-06-03T14:43:27","modified_gmt":"2024-06-03T12:43:27","slug":"automation-3","status":"publish","type":"page","link":"https:\/\/www.prestar.cz\/en\/automatizace-3\/","title":{"rendered":"Prestar Automation"},"content":{"rendered":"\n[et_pb_section fb_built=&#8220;1&#8243; disabled_on=&#8220;off|off|off&#8220; _builder_version=&#8220;4.18.0&#8243; _module_preset=&#8220;default&#8220; background_color=&#8220;rgba(0,140,154,0.09)&#8220; bottom_divider_color=&#8220;#FFFFFF&#8220; da_disable_devices=&#8220;off|off|off&#8220; global_colors_info=&#8220;{}&#8220; da_is_popup=&#8220;off&#8220; da_exit_intent=&#8220;off&#8220; da_has_close=&#8220;on&#8220; da_alt_close=&#8220;off&#8220; da_dark_close=&#8220;off&#8220; da_not_modal=&#8220;on&#8220; da_is_singular=&#8220;off&#8220; da_with_loader=&#8220;off&#8220; da_has_shadow=&#8220;on&#8220;][et_pb_row column_structure=&#8220;1_2,1_2&#8243; _builder_version=&#8220;4.18.0&#8243; _module_preset=&#8220;default&#8220; max_width=&#8220;3560px&#8220; global_colors_info=&#8220;{}&#8220;][et_pb_column type=&#8220;1_2&#8243; _builder_version=&#8220;4.18.0&#8243; _module_preset=&#8220;default&#8220; custom_padding=&#8220;|||5%|false|false&#8220; global_colors_info=&#8220;{}&#8220;][et_pb_text _builder_version=&#8220;4.18.0&#8243; _module_preset=&#8220;default&#8220; text_font=&#8220;|||on|||||&#8220; text_text_color=&#8220;#008C9A&#8220; module_alignment=&#8220;left&#8220; custom_margin=&#8220;15%||-3px||false|false&#8220; custom_padding=&#8220;||8px|||&#8220; global_colors_info=&#8220;{}&#8220;]<p>Automatizace v pr\u016fmyslu<\/p>[\/et_pb_text][et_pb_text _builder_version=&#8220;4.18.0&#8243; _module_preset=&#8220;default&#8220; header_font=&#8220;|800|||||||&#8220; header_text_color=&#8220;#005E68&#8243; header_font_size=&#8220;3vw&#8220; header_line_height=&#8220;1.2em&#8220; module_alignment=&#8220;left&#8220; header_font_size_tablet=&#8220;50px&#8220; header_font_size_phone=&#8220;40px&#8220; header_font_size_last_edited=&#8220;on|desktop&#8220; global_colors_info=&#8220;{}&#8220;]<h1>Poj\u010fme vyr\u00e1b\u011bt budoucnost efektivn\u011bji!<\/h1>[\/et_pb_text][et_pb_text _builder_version=&#8220;4.18.0&#8243; _module_preset=&#8220;default&#8220; max_width=&#8220;600px&#8220; module_alignment=&#8220;left&#8220; custom_margin=&#8220;||63px|||&#8220; global_colors_info=&#8220;{}&#8220;]<p>Jako gener\u00e1ln\u00ed dodavatel zaji\u0161\u0165ujme komplexn\u00ed slu\u017eby implementace chytr\u00e9 tov\u00e1rny s principy pr\u016fmyslu 4.0 od konstruk\u010dn\u00edho \u0159e\u0161en\u00ed, senzoriky, PLC, SCADA, MES syst\u00e9mu, a\u017e po propojen\u00ed s ERP syst\u00e9mem.<\/p>\n<p>Porad\u00edme ohledn\u011b sb\u011bru relevantn\u00edch online dat, vertik\u00e1ln\u00ed a horizont\u00e1ln\u00ed komunikac\u00ed nap\u0159\u00ed\u010d firmou. Bu\u010fte p\u0159\u00edkladem automatizace v\u00fdroby pro ostatn\u00ed.<\/p>\n<p><span>Na\u0161im c\u00edlem je naj\u00edt vhodn\u00e9 \u0159e\u0161en\u00ed s c\u00edlem vy\u0161\u0161\u00ed efektivity produkce s kr\u00e1tkou n\u00e1vratnost\u00ed vlo\u017een\u00e9 investice.<\/span><\/p>[\/et_pb_text][et_pb_button button_url=&#8220;#prehled&#8220; button_text=&#8220;P\u0159ehled produkt\u016f&#8220; _builder_version=&#8220;4.18.0&#8243; _module_preset=&#8220;default&#8220; custom_button=&#8220;on&#8220; button_text_color=&#8220;#005E68&#8243; button_bg_color=&#8220;RGBA(255,255,255,0)&#8220; button_border_width=&#8220;0px&#8220; button_border_color=&#8220;RGBA(255,255,255,0)&#8220; button_border_radius=&#8220;0px&#8220; button_letter_spacing=&#8220;3px&#8220; button_font=&#8220;||||||||&#8220; button_icon=&#8220;&#x22;||divi||400&#8243; button_on_hover=&#8220;off&#8220; custom_margin=&#8220;8%||4%||false|false&#8220; hover_enabled=&#8220;0&#8243; global_colors_info=&#8220;{}&#8220; button_text_color__hover_enabled=&#8220;off|desktop&#8220; button_text_color__hover=&#8220;#FFFFFF&#8220; button_bg_color__hover_enabled=&#8220;off|desktop&#8220; button_bg_color__hover=&#8220;#008C9A&#8220; button_bg_enable_color__hover=&#8220;on&#8220; button_border_color__hover_enabled=&#8220;off|desktop&#8220; button_border_color__hover=&#8220;#008C9A&#8220; box_shadow_spread__hover_enabled=&#8220;on|hover&#8220; box_shadow_spread__hover=&#8220;-6px&#8220; button_letter_spacing__hover_enabled=&#8220;on|desktop&#8220; button_letter_spacing__hover=&#8220;4px&#8220; sticky_enabled=&#8220;0&#8243;][\/et_pb_button][\/et_pb_column][et_pb_column type=&#8220;1_2&#8243; _builder_version=&#8220;4.18.0&#8243; _module_preset=&#8220;default&#8220; custom_padding=&#8220;200px||||false|false&#8220; global_colors_info=&#8220;{}&#8220;][dipi_image_hotspot img_src=&#8220;https:\/\/www.prestar.cz\/wp-content\/uploads\/2022\/03\/Automatizace-cover.png&#8220; _builder_version=&#8220;4.18.0&#8243; _module_preset=&#8220;default&#8220; width=&#8220;89%&#8220; max_width=&#8220;100%&#8220; global_colors_info=&#8220;{}&#8220;][dipi_image_hotspot_child hotspot_ripple_effect=&#8220;on&#8220; hotspot_ripple_effect_style=&#8220;style-2&#8243; hotspot_ripple_effect_color=&#8220;#FFFFFF&#8220; hotspot_ripple_effect_size=&#8220;50px&#8220; hotspot_position_vertical=&#8220;18.9%&#8220; hotspot_position_horizontal=&#8220;35.6%&#8220; tooltip_bg=&#8220;rgba(255,255,255,0.95)&#8220; tooltip_title=&#8220;EPR&#8220; tooltip_desc=&#8220;<p>H-level+: spojen\u00ed na m\u00edru s ERP\/MES\/IT syst\u00e9my na b\u00e1zi OPC-UA, MQTT, TCP-IP, Modbus TCP<\/p>&#8220; tooltip_position=&#8220;bottom&#8220; tooltip_width=&#8220;500px&#8220; use_tooltip_arrow=&#8220;on&#8220; arrow_color=&#8220;#FFFFFF&#8220; tooltip_padding=&#8220;30px|30px|30px|30px|true|true&#8220; _builder_version=&#8220;4.18.0&#8243; _module_preset=&#8220;default&#8220; tooltip_title_font=&#8220;|700|||||||&#8220; tooltip_title_text_color=&#8220;#005E68&#8243; tooltip_title_line_height=&#8220;1.7em&#8220; background_color=&#8220;RGBA(255,255,255,0)&#8220; background_enable_color=&#8220;on&#8220; custom_padding=&#8220;0px||0px||true|true&#8220; border_radii_tooltip_box=&#8220;on|15px|15px|15px|15px&#8220; border_color_all_tooltip_box=&#8220;#FFFFFF&#8220; box_shadow_style_tooltip_box=&#8220;preset3&#8243; global_colors_info=&#8220;{}&#8220;][\/dipi_image_hotspot_child][dipi_image_hotspot_child hotspot_ripple_effect=&#8220;on&#8220; hotspot_ripple_effect_style=&#8220;style-2&#8243; hotspot_ripple_effect_color=&#8220;#008C9A&#8220; hotspot_ripple_effect_size=&#8220;50px&#8220; hotspot_position_vertical=&#8220;37.4%&#8220; hotspot_position_horizontal=&#8220;46.7%&#8220; tooltip_bg=&#8220;rgba(255,255,255,0.95)&#8220; tooltip_title=&#8220;MES&#8220; tooltip_desc=&#8220;<p><strong>MES+<\/strong>: modul\u00e1rn\u00ed syst\u00e9m pro chytr\u00e9 tov\u00e1rny a on-line sb\u011br relevantn\u00edch dat, monitorov\u00e1n\u00ed v\u00fdroby, pl\u00e1nov\u00e1n\u00ed a \u0159\u00edzen\u00ed v\u00fdroby, \u0159\u00edzen\u00ed \u00fadr\u017eby, \u0159\u00edzen\u00ed kvality a traceability, vizualizaci v\u00fdroby, v\u00fdkonnostn\u00ed anal\u00fdzy<\/p>\n<p> <\/p>&#8220; tooltip_position=&#8220;bottom&#8220; tooltip_width=&#8220;500px&#8220; use_tooltip_arrow=&#8220;on&#8220; arrow_color=&#8220;#FFFFFF&#8220; tooltip_padding=&#8220;30px|30px|30px|30px|true|true&#8220; _builder_version=&#8220;4.18.0&#8243; _module_preset=&#8220;default&#8220; tooltip_title_font=&#8220;|700|||||||&#8220; tooltip_title_text_color=&#8220;#005E68&#8243; tooltip_title_letter_spacing=&#8220;0px&#8220; tooltip_title_line_height=&#8220;1.7em&#8220; background_color=&#8220;RGBA(255,255,255,0)&#8220; background_enable_color=&#8220;on&#8220; border_radii_tooltip_box=&#8220;on|15px|15px|15px|15px&#8220; border_color_all_tooltip_box=&#8220;rgba(255,255,255,0.9)&#8220; box_shadow_style_tooltip_box=&#8220;preset3&#8243; global_colors_info=&#8220;{}&#8220;][\/dipi_image_hotspot_child][dipi_image_hotspot_child hotspot_ripple_effect=&#8220;on&#8220; hotspot_ripple_effect_style=&#8220;style-2&#8243; hotspot_ripple_effect_color=&#8220;#FFFFFF&#8220; hotspot_ripple_effect_size=&#8220;50px&#8220; hotspot_ripple_effect_speed=&#8220;3&#8243; hotspot_position_vertical=&#8220;54.3%&#8220; hotspot_position_horizontal=&#8220;27%&#8220; tooltip_bg=&#8220;rgba(255,255,255,0.95)&#8220; tooltip_title=&#8220;SCADA network&#8220; tooltip_desc=&#8220;<p><strong>SCADA+: <\/strong>vel\u00edny pro komplexn\u00ed linky, aplikace schopna vizualizovat data ze v\u0161ech sn\u00edma\u010d\u016f a ak\u010dn\u00edch \u010dlen\u016f na lince<\/p>\n<p><strong>Mobility+: <\/strong>Mobiln\u00ed panel nebo pr\u016fmyslov\u00fd tablet pro \u00fadr\u017ebu, servis, lok\u00e1ln\u00ed ovl\u00e1d\u00e1n\u00ed<\/p>\n<p>klientsk\u00e1 vizualiza\u010dn\u00ed aplikace, zrcadlov\u00fd obraz aplikace vel\u00ednu<\/p>\n<p><strong>Digital Twin+: <\/strong>fyzik\u00e1ln\u00ed model linky (digit\u00e1ln\u00ed dvoj\u010de)<\/p>&#8220; tooltip_position=&#8220;bottom&#8220; tooltip_width=&#8220;500px&#8220; use_tooltip_arrow=&#8220;on&#8220; arrow_color=&#8220;#FFFFFF&#8220; tooltip_padding=&#8220;30px|30px|30px|30px|true|true&#8220; _builder_version=&#8220;4.18.0&#8243; _module_preset=&#8220;default&#8220; tooltip_title_font=&#8220;|700|||||||&#8220; tooltip_title_text_color=&#8220;#005E68&#8243; tooltip_title_line_height=&#8220;1.7em&#8220; background_color=&#8220;RGBA(255,255,255,0)&#8220; background_enable_color=&#8220;on&#8220; border_radii_tooltip_box=&#8220;on|15px|15px|15px|15px&#8220; box_shadow_style_tooltip_box=&#8220;preset3&#8243; global_colors_info=&#8220;{}&#8220;][\/dipi_image_hotspot_child][dipi_image_hotspot_child title=&#8220;PLC&#8220; hotspot_ripple_effect=&#8220;on&#8220; hotspot_ripple_effect_style=&#8220;style-2&#8243; hotspot_ripple_effect_color=&#8220;#008C9A&#8220; hotspot_ripple_effect_size=&#8220;50px&#8220; hotspot_position_vertical=&#8220;68.9%&#8220; hotspot_position_horizontal=&#8220;55%&#8220; tooltip_bg=&#8220;rgba(255,255,255,0.95)&#8220; tooltip_title=&#8220;PLC&#8220; tooltip_desc=&#8220;<p><strong>IoT+: <\/strong>zabezpe\u010den\u00e9 p\u0159ipojen\u00ed k internetu, pomoc\u00ed s\u00edt\u011b z\u00e1kazn\u00edka nebo p\u0159es mobiln\u00edho oper\u00e1tora umo\u017en\u00ed vzd\u00e1lenou spr\u00e1vu a roz\u0161\u00ed\u0159en\u00e9 funkce bal\u00ed\u010dk\u016f (Diagnostika+, Servis+, Vibro+)<\/p>\n<p><strong>RFID+: <\/strong>logov\u00e1n\u00ed oper\u00e1tor\u016f, hl\u00edd\u00e1n\u00ed p\u0159\u00edpravk\u016f dle zvolen\u00e9 v\u00fdrobn\u00ed metody<\/p>\n<p><strong>Servis+:<\/strong> interaktivn\u00ed postupy servisn\u00edch \u010dinnost\u00ed a \u00fadr\u017eby (videa, PDF na panelech HMI), zobrazen\u00ed n\u00e1hradn\u00edch a opot\u0159ebiteln\u00fdch d\u00edl\u016f, p\u0159i p\u0159ipojen\u00ed k internetu zasl\u00e1n\u00ed emailu s \u017e\u00e1dosti o dod\u00e1n\u00ed (servisn\u00edmu st\u0159edisku Prestar nebo z\u00e1kazn\u00edka)<\/p>\n<p><strong>Vibro+: <\/strong> vibrodiagnostika, z\u00edsk\u00e1v\u00e1n\u00ed dat pro prediktivn\u00ed \u00fadr\u017ebu, upozorn\u011bn\u00ed p\u0159es email<\/p>\n<p><strong>Data+: <\/strong>archivace dat lok\u00e1ln\u011b na b\u00e1zi MS SQL<\/p>\n<p><strong>Data Cloud+<\/strong>: cloudov\u00e9 \u0159e\u0161en\u00ed archivace dat<\/p>\n<p><strong>Diagnostika+:<\/strong> interaktivn\u00ed diagnostika, p\u0159i poru\u0161e odk\u00e1\u017ee graficky m\u00edsto na lince, n\u00e1vod\/postup jak odstranit poruchu<\/p>&#8220; tooltip_position=&#8220;bottom&#8220; tooltip_width=&#8220;500px&#8220; tooltip_content_align=&#8220;center&#8220; use_tooltip_arrow=&#8220;on&#8220; arrow_color=&#8220;#FFFFFF&#8220; tooltip_padding=&#8220;30px|30px|30px|30px|true|true&#8220; _builder_version=&#8220;4.18.0&#8243; _module_preset=&#8220;default&#8220; tooltip_title_font=&#8220;|700|||||||&#8220; tooltip_title_text_color=&#8220;#005E68&#8243; tooltip_title_line_height=&#8220;1.7em&#8220; background_color=&#8220;RGBA(255,255,255,0)&#8220; background_enable_color=&#8220;on&#8220; border_radii_tooltip_box=&#8220;on|15px|15px|15px|15px&#8220; box_shadow_style_tooltip_box=&#8220;preset3&#8243; global_colors_info=&#8220;{}&#8220;][\/dipi_image_hotspot_child][dipi_image_hotspot_child hotspot_ripple_effect=&#8220;on&#8220; hotspot_ripple_effect_style=&#8220;style-2&#8243; hotspot_ripple_effect_color=&#8220;#FFFFFF&#8220; hotspot_ripple_effect_size=&#8220;50px&#8220; hotspot_position_vertical=&#8220;85.6%&#8220; hotspot_position_horizontal=&#8220;24%&#8220; tooltip_bg=&#8220;rgba(255,255,255,0.95)&#8220; tooltip_title=&#8220;Sensor&#8220; tooltip_desc=&#8220;<p><strong>Optimalizace+:<\/strong> zku\u0161ebn\u00edho provoz po p\u0159ed\u00e1n\u00ed linky za \u00fa\u010dasti program\u00e1tora s roz\u0161\u00ed\u0159en\u00fdm \u0161kolen\u00edm oper\u00e1tor\u016f a optimalizac\u00ed v\u00fdrobn\u00edho procesu<\/p>&#8220; tooltip_position=&#8220;bottom&#8220; tooltip_width=&#8220;500px&#8220; use_tooltip_arrow=&#8220;on&#8220; arrow_color=&#8220;#FFFFFF&#8220; tooltip_padding=&#8220;30px|30px|30px|30px|true|true&#8220; _builder_version=&#8220;4.18.0&#8243; _module_preset=&#8220;default&#8220; tooltip_title_font=&#8220;|700|||||||&#8220; tooltip_title_text_color=&#8220;#005E68&#8243; tooltip_title_line_height=&#8220;1.7em&#8220; background_color=&#8220;RGBA(255,255,255,0)&#8220; background_enable_color=&#8220;on&#8220; border_radii_tooltip_box=&#8220;on|15px|15px|15px|15px&#8220; box_shadow_style_tooltip_box=&#8220;preset3&#8243; global_colors_info=&#8220;{}&#8220;][\/dipi_image_hotspot_child][\/dipi_image_hotspot][\/et_pb_column][\/et_pb_row][\/et_pb_section][et_pb_section fb_built=&#8220;1&#8243; module_id=&#8220;prehled&#8220; _builder_version=&#8220;4.18.0&#8243; _module_preset=&#8220;default&#8220; background_color=&#8220;rgba(0,140,154,0.09)&#8220; da_disable_devices=&#8220;off|off|off&#8220; global_module=&#8220;340902&#8243; global_colors_info=&#8220;{}&#8220; da_is_popup=&#8220;off&#8220; da_exit_intent=&#8220;off&#8220; da_has_close=&#8220;on&#8220; da_alt_close=&#8220;off&#8220; da_dark_close=&#8220;off&#8220; da_not_modal=&#8220;on&#8220; da_is_singular=&#8220;off&#8220; da_with_loader=&#8220;off&#8220; da_has_shadow=&#8220;on&#8220;][et_pb_row column_structure=&#8220;1_4,1_4,1_4,1_4&#8243; use_custom_gutter=&#8220;on&#8220; make_equal=&#8220;on&#8220; _builder_version=&#8220;4.19.4&#8243; _module_preset=&#8220;default&#8220; custom_margin=&#8220;7%|auto|4%|auto|false|false&#8220; custom_margin_tablet=&#8220;365px|auto||auto||&#8220; custom_margin_phone=&#8220;0px||||false|false&#8220; custom_margin_last_edited=&#8220;on|desktop&#8220; scroll_vertical_motion=&#8220;0|50|50|100|-1|0|1.5&#8243; sticky_position_tablet=&#8220;&#8220; sticky_position_phone=&#8220;&#8220; sticky_position_last_edited=&#8220;on|phone&#8220; scroll_vertical_motion_tablet=&#8220;0|50|50|100|-1|0|1.5&#8243; scroll_vertical_motion_phone=&#8220;0|50|50|100|0|0|0&#8243; scroll_vertical_motion_last_edited=&#8220;on|phone&#8220; global_colors_info=&#8220;{}&#8220;][et_pb_column type=&#8220;1_4&#8243; _builder_version=&#8220;4.17.4&#8243; _module_preset=&#8220;default&#8220; background_color=&#8220;RGBA(255,255,255,0)&#8220; box_shadow_style=&#8220;preset3&#8243; box_shadow_spread=&#8220;-80px&#8220; global_colors_info=&#8220;{}&#8220; box_shadow_spread__hover_enabled=&#8220;on|hover&#8220; box_shadow_spread__hover=&#8220;-6px&#8220; background_color__hover=&#8220;rgba(0,140,154,0.2)&#8220; background__hover_enabled=&#8220;on|hover&#8220; background_enable_color__hover=&#8220;on&#8220;][et_pb_blurb title=&#8220;Automatizovan\u00e1 doprava pap\u00edrov\u00fdch rol\u00ed&#8220; image=&#8220;https:\/\/www.prestar.cz\/wp-content\/uploads\/2022\/03\/Aut-2.png&#8220; image_icon_width=&#8220;100%&#8220; image_icon_width_tablet=&#8220;100%&#8220; image_icon_width_phone=&#8220;100%&#8220; image_icon_width_last_edited=&#8220;on|phone&#8220; _builder_version=&#8220;4.21.0&#8243; _module_preset=&#8220;default&#8220; header_font=&#8220;|800|||||||&#8220; header_text_align=&#8220;center&#8220; header_font_size=&#8220;19px&#8220; header_line_height=&#8220;1.3em&#8220; body_text_align=&#8220;center&#8220; custom_margin=&#8220;-30%||||false|false&#8220; custom_margin_tablet=&#8220;-130px||||false|false&#8220; custom_margin_phone=&#8220;0px||||false|false&#8220; custom_margin_last_edited=&#8220;on|desktop&#8220; custom_padding=&#8220;|10%|10%|10%|false|true&#8220; custom_padding_tablet=&#8220;|40px|50px|40px|false|true&#8220; custom_padding_phone=&#8220;40px|10px|40px|10px|true|true&#8220; custom_padding_last_edited=&#8220;on|phone&#8220; link_option_url=&#8220;\/automatizovana-doprava-papirovych-roli\/&#8220; hover_enabled=&#8220;0&#8243; border_width_all_image=&#8220;10px&#8220; border_color_all_image=&#8220;RGBA(255,255,255,0)&#8220; global_colors_info=&#8220;{}&#8220; border_width_all_image__hover=&#8220;0px&#8220; border_width_all_image__hover_enabled=&#8220;on|desktop&#8220; sticky_enabled=&#8220;0&#8243;][\/et_pb_blurb][\/et_pb_column][et_pb_column type=&#8220;1_4&#8243; _builder_version=&#8220;4.17.4&#8243; _module_preset=&#8220;default&#8220; background_color=&#8220;RGBA(255,255,255,0)&#8220; box_shadow_style=&#8220;preset3&#8243; box_shadow_spread=&#8220;-80px&#8220; global_colors_info=&#8220;{}&#8220; box_shadow_spread__hover_enabled=&#8220;on|hover&#8220; box_shadow_spread__hover=&#8220;-6px&#8220; background_color__hover=&#8220;rgba(0,140,154,0.2)&#8220; background__hover_enabled=&#8220;on|hover&#8220; background_enable_color__hover=&#8220;on&#8220;][et_pb_blurb title=&#8220;Linka na st\u0159\u00edh\u00e1n\u00ed textili\u00ed&#8220; image=&#8220;https:\/\/www.prestar.cz\/wp-content\/uploads\/2022\/03\/Aut-3.png&#8220; image_icon_width=&#8220;100%&#8220; image_icon_width_tablet=&#8220;100%&#8220; image_icon_width_phone=&#8220;100%&#8220; image_icon_width_last_edited=&#8220;on|phone&#8220; _builder_version=&#8220;4.18.0&#8243; _module_preset=&#8220;default&#8220; header_font=&#8220;|800|||||||&#8220; header_text_align=&#8220;center&#8220; header_font_size=&#8220;19px&#8220; header_line_height=&#8220;1.3em&#8220; body_text_align=&#8220;center&#8220; custom_margin=&#8220;-30%||||false|false&#8220; custom_margin_tablet=&#8220;-130px||||false|false&#8220; custom_margin_phone=&#8220;0px||||false|false&#8220; custom_margin_last_edited=&#8220;on|desktop&#8220; custom_padding=&#8220;|10%|10%|10%|false|true&#8220; custom_padding_tablet=&#8220;|40px|50px|40px|false|true&#8220; custom_padding_phone=&#8220;40px|10px|40px|10px|true|true&#8220; custom_padding_last_edited=&#8220;on|phone&#8220; link_option_url=&#8220;https:\/\/www.prestar.cz\/nuzky-na-textilie\/&#8220; border_width_all_image=&#8220;10px&#8220; border_color_all_image=&#8220;RGBA(255,255,255,0)&#8220; global_colors_info=&#8220;{}&#8220; border_width_all_image__hover=&#8220;0px&#8220; border_width_all_image__hover_enabled=&#8220;on|desktop&#8220;][\/et_pb_blurb][\/et_pb_column][et_pb_column type=&#8220;1_4&#8243; _builder_version=&#8220;4.17.4&#8243; _module_preset=&#8220;default&#8220; background_color=&#8220;RGBA(255,255,255,0)&#8220; box_shadow_style=&#8220;preset3&#8243; box_shadow_spread=&#8220;-80px&#8220; global_colors_info=&#8220;{}&#8220; box_shadow_spread__hover_enabled=&#8220;on|hover&#8220; box_shadow_spread__hover=&#8220;-6px&#8220; background_color__hover=&#8220;rgba(0,140,154,0.2)&#8220; background__hover_enabled=&#8220;on|hover&#8220; background_enable_color__hover=&#8220;on&#8220;][et_pb_blurb title=&#8220;Za\u0159\u00edzen\u00ed pro ot\u00e1\u010den\u00ed forem&#8220; image=&#8220;https:\/\/www.prestar.cz\/wp-content\/uploads\/2022\/03\/Aut-4.png&#8220; image_icon_width=&#8220;100%&#8220; image_icon_width_tablet=&#8220;100%&#8220; image_icon_width_phone=&#8220;100%&#8220; image_icon_width_last_edited=&#8220;on|phone&#8220; _builder_version=&#8220;4.18.0&#8243; _module_preset=&#8220;default&#8220; header_font=&#8220;|800|||||||&#8220; header_text_align=&#8220;center&#8220; header_font_size=&#8220;19px&#8220; header_line_height=&#8220;1.3em&#8220; body_text_align=&#8220;center&#8220; custom_margin=&#8220;-30%||||false|false&#8220; custom_margin_tablet=&#8220;-130px||||false|false&#8220; custom_margin_phone=&#8220;0px||||false|false&#8220; custom_margin_last_edited=&#8220;on|desktop&#8220; custom_padding=&#8220;|10%|10%|10%|false|true&#8220; custom_padding_tablet=&#8220;|40px|50px|40px|false|true&#8220; custom_padding_phone=&#8220;40px|10px|40px|10px|true|true&#8220; custom_padding_last_edited=&#8220;on|phone&#8220; link_option_url=&#8220;https:\/\/www.prestar.cz\/zarizeni-na-otaceni-forem\/&#8220; border_width_all_image=&#8220;10px&#8220; border_color_all_image=&#8220;RGBA(255,255,255,0)&#8220; global_colors_info=&#8220;{}&#8220; border_width_all_image__hover=&#8220;0px&#8220; border_width_all_image__hover_enabled=&#8220;on|desktop&#8220;][\/et_pb_blurb][\/et_pb_column][et_pb_column type=&#8220;1_4&#8243; _builder_version=&#8220;4.18.0&#8243; _module_preset=&#8220;default&#8220; background_color=&#8220;RGBA(255,255,255,0)&#8220; box_shadow_style=&#8220;preset3&#8243; box_shadow_spread=&#8220;-80px&#8220; global_colors_info=&#8220;{}&#8220; background_color__hover=&#8220;rgba(0,140,154,0.2)&#8220; background__hover_enabled=&#8220;on|hover&#8220; box_shadow_spread__hover=&#8220;-6px&#8220; box_shadow_spread__hover_enabled=&#8220;on|hover&#8220; background_enable_color__hover=&#8220;on&#8220;][et_pb_blurb title=&#8220;Linka na t\u0159\u00edd\u011bn\u00ed palet&#8220; image=&#8220;https:\/\/www.prestar.cz\/wp-content\/uploads\/2022\/03\/Aut-1.png&#8220; image_icon_width=&#8220;100%&#8220; image_icon_width_tablet=&#8220;100%&#8220; image_icon_width_phone=&#8220;100%&#8220; image_icon_width_last_edited=&#8220;on|phone&#8220; _builder_version=&#8220;4.18.0&#8243; _module_preset=&#8220;default&#8220; header_font=&#8220;|800|||||||&#8220; header_text_align=&#8220;center&#8220; header_font_size=&#8220;19px&#8220; header_line_height=&#8220;1.3em&#8220; body_text_align=&#8220;center&#8220; custom_margin=&#8220;-30%||||false|false&#8220; custom_margin_tablet=&#8220;-130px||||false|false&#8220; custom_margin_phone=&#8220;0px||||false|false&#8220; custom_margin_last_edited=&#8220;on|desktop&#8220; custom_padding=&#8220;|10%|10%|10%|false|true&#8220; custom_padding_tablet=&#8220;|40px|50px|40px|false|true&#8220; custom_padding_phone=&#8220;40px|10px|40px|10px|true|true&#8220; custom_padding_last_edited=&#8220;on|phone&#8220; link_option_url=&#8220;https:\/\/www.prestar.cz\/linka-na-trideni-euro-palet\/&#8220; border_width_all_image=&#8220;10px&#8220; border_color_all_image=&#8220;RGBA(255,255,255,0)&#8220; global_colors_info=&#8220;{}&#8220; border_width_all_image__hover=&#8220;0px&#8220; border_width_all_image__hover_enabled=&#8220;on|desktop&#8220;][\/et_pb_blurb][\/et_pb_column][\/et_pb_row][et_pb_row _builder_version=&#8220;4.16&#8243; _module_preset=&#8220;default&#8220; custom_margin=&#8220;60px|auto||auto||&#8220; custom_padding=&#8220;||125px|||&#8220; global_colors_info=&#8220;{}&#8220;][et_pb_column type=&#8220;4_4&#8243; _builder_version=&#8220;4.16&#8243; _module_preset=&#8220;default&#8220; global_colors_info=&#8220;{}&#8220;][et_pb_text _builder_version=&#8220;4.16&#8243; _module_preset=&#8220;default&#8220; text_font=&#8220;|||on|||||&#8220; text_text_color=&#8220;#008C9A&#8220; custom_margin=&#8220;50px||-3px|||&#8220; custom_padding=&#8220;||8px|||&#8220; global_colors_info=&#8220;{}&#8220;]<p style=\"text-align: center;\">Automatizace p\u0159in\u00e1\u0161\u00ed ovoce<\/p>[\/et_pb_text][et_pb_text _builder_version=&#8220;4.18.0&#8243; _module_preset=&#8220;default&#8220; header_font=&#8220;|800|||||||&#8220; header_text_color=&#8220;#005E68&#8243; header_font_size=&#8220;40px&#8220; header_line_height=&#8220;1.3em&#8220; max_width=&#8220;800px&#8220; module_alignment=&#8220;center&#8220; custom_margin=&#8220;0px||||false|false&#8220; header_font_size_tablet=&#8220;40px&#8220; header_font_size_phone=&#8220;30px&#8220; header_font_size_last_edited=&#8220;on|desktop&#8220; global_colors_info=&#8220;{}&#8220;]<h1 style=\"text-align: center;\">79% z\u00e1kazn\u00edk\u016f lituje, \u017ee rozhodnut\u00ed k automatizaci neu\u010dinili rychleji<\/h1>[\/et_pb_text][\/et_pb_column][\/et_pb_row][\/et_pb_section]\n","protected":false},"excerpt":{"rendered":"<p>Automation; efficiency; savings; industry; innovation; customer; tailored<\/p>","protected":false},"author":1,"featured_media":0,"parent":0,"menu_order":0,"comment_status":"closed","ping_status":"closed","template":"","meta":{"_et_pb_use_builder":"on","_et_pb_old_content":"","_et_gb_content_width":"","inline_featured_image":false,"footnotes":""},"dipi_cpt_category":[],"class_list":["post-335424","page","type-page","status-publish","hentry"],"_links":{"self":[{"href":"https:\/\/www.prestar.cz\/en\/wp-json\/wp\/v2\/pages\/335424","targetHints":{"allow":["GET"]}}],"collection":[{"href":"https:\/\/www.prestar.cz\/en\/wp-json\/wp\/v2\/pages"}],"about":[{"href":"https:\/\/www.prestar.cz\/en\/wp-json\/wp\/v2\/types\/page"}],"author":[{"embeddable":true,"href":"https:\/\/www.prestar.cz\/en\/wp-json\/wp\/v2\/users\/1"}],"replies":[{"embeddable":true,"href":"https:\/\/www.prestar.cz\/en\/wp-json\/wp\/v2\/comments?post=335424"}],"version-history":[{"count":129,"href":"https:\/\/www.prestar.cz\/en\/wp-json\/wp\/v2\/pages\/335424\/revisions"}],"predecessor-version":[{"id":351663,"href":"https:\/\/www.prestar.cz\/en\/wp-json\/wp\/v2\/pages\/335424\/revisions\/351663"}],"wp:attachment":[{"href":"https:\/\/www.prestar.cz\/en\/wp-json\/wp\/v2\/media?parent=335424"}],"wp:term":[{"taxonomy":"dipi_cpt_category","embeddable":true,"href":"https:\/\/www.prestar.cz\/en\/wp-json\/wp\/v2\/dipi_cpt_category?post=335424"}],"curies":[{"name":"wp","href":"https:\/\/api.w.org\/{rel}","templated":true}]}}