{"id":336732,"date":"2022-08-07T19:30:02","date_gmt":"2022-08-07T17:30:02","guid":{"rendered":"https:\/\/www.prestar.cz\/?page_id=336732"},"modified":"2025-08-27T12:48:45","modified_gmt":"2025-08-27T10:48:45","slug":"service-2","status":"publish","type":"page","link":"https:\/\/www.prestar.cz\/en\/servis\/","title":{"rendered":"Service"},"content":{"rendered":"<p>[et_pb_section fb_built=&#8220;1&#8243; disabled_on=&#8220;off|off|off&#8220; _builder_version=&#8220;4.27.4&#8243; _module_preset=&#8220;default&#8220; background_color=&#8220;RGBA(255,255,255,0)&#8220; custom_margin=&#8220;0px||||false|false&#8220; custom_padding=&#8220;0px||||false|false&#8220; da_disable_devices=&#8220;off|off|off&#8220; global_colors_info=&#8220;{}&#8220; da_is_popup=&#8220;off&#8220; da_exit_intent=&#8220;off&#8220; da_has_close=&#8220;on&#8220; da_alt_close=&#8220;off&#8220; da_dark_close=&#8220;off&#8220; da_not_modal=&#8220;on&#8220; da_is_singular=&#8220;off&#8220; da_with_loader=&#8220;off&#8220; da_has_shadow=&#8220;on&#8220;][et_pb_row disabled_on=&#8220;off|off|off&#8220; _builder_version=&#8220;4.27.4&#8243; _module_preset=&#8220;default&#8220; width=&#8220;100%&#8220; max_width=&#8220;2560px&#8220; min_height=&#8220;242.8px&#8220; custom_margin=&#8220;0px||||false|false&#8220; custom_padding=&#8220;0px||0px||false|false&#8220; global_colors_info=&#8220;{}&#8220;][et_pb_column type=&#8220;4_4&#8243; _builder_version=&#8220;4.17.6&#8243; _module_preset=&#8220;default&#8220; global_colors_info=&#8220;{}&#8220;][dipi_svg_animator src=&#8220;https:\/\/www.prestar.cz\/wp-content\/uploads\/2022\/08\/servis-up-2.svg&#8220; anim_dur=&#8220;400&#8243; anim_start=&#8220;inViewport&#8220; replay_on_click=&#8220;on&#8220; disabled_on=&#8220;off|off|off&#8220; _builder_version=&#8220;4.27.4&#8243; _module_preset=&#8220;default&#8220; width=&#8220;100%&#8220; max_width=&#8220;100%&#8220; height=&#8220;100px&#8220; custom_margin=&#8220;-10px||||false|false&#8220; filter_opacity=&#8220;15%&#8220; global_colors_info=&#8220;{}&#8220;][\/dipi_svg_animator][\/et_pb_column][\/et_pb_row][et_pb_row _builder_version=&#8220;4.27.4&#8243; _module_preset=&#8220;default&#8220; global_colors_info=&#8220;{}&#8220;][et_pb_column type=&#8220;4_4&#8243; _builder_version=&#8220;4.27.4&#8243; _module_preset=&#8220;default&#8220; global_colors_info=&#8220;{}&#8220;][et_pb_text _builder_version=&#8220;4.27.4&#8243; _module_preset=&#8220;default&#8220; header_font=&#8220;|800|||||||&#8220; header_text_color=&#8220;#005E68&#8243; header_font_size=&#8220;3vw&#8220; header_line_height=&#8220;1.6em&#8220; width=&#8220;80%&#8220; max_width=&#8220;800px&#8220; module_alignment=&#8220;center&#8220; custom_margin=&#8220;-10px||||false|false&#8220; custom_margin_tablet=&#8220;-100px||||false|false&#8220; custom_margin_phone=&#8220;50px||||false|false&#8220; custom_margin_last_edited=&#8220;on|phone&#8220; header_font_size_tablet=&#8220;60px&#8220; header_font_size_phone=&#8220;30px&#8220; header_font_size_last_edited=&#8220;on|desktop&#8220; global_colors_info=&#8220;{}&#8220;]<\/p>\n<h1 style=\"text-align: center;\">O na\u0161e produkty se postar\u00e1me<\/h1>\n<p style=\"text-align: center;\">[\/et_pb_text][et_pb_text _builder_version=&#8220;4.17.6&#8243; _module_preset=&#8220;default&#8220; max_width=&#8220;600px&#8220; module_alignment=&#8220;center&#8220; global_colors_info=&#8220;{}&#8220;]<\/p>\n<p style=\"text-align: center;\">Nab\u00edz\u00edme konzultace se z\u00e1kazn\u00edky o tom, jak nejl\u00e9pe pracovat se za\u0159\u00edzen\u00edmi od n\u00e1s, jak je chr\u00e1nit a prov\u00e1d\u011bt preventivn\u00ed \u00fadr\u017ebu. Po dohod\u011b m\u016f\u017eeme servis prov\u00e1d\u011bt i na stroj\u00edch od jin\u00fdch v\u00fdrobc\u016f u n\u00e1s i v zahrani\u010d\u00ed.<\/p>\n<p>[\/et_pb_text][\/et_pb_column][\/et_pb_row][\/et_pb_section][et_pb_section fb_built=&#8220;1&#8243; module_id=&#8220;balici_stroje&#8220; _builder_version=&#8220;4.17.6&#8243; _module_preset=&#8220;default&#8220; background_color=&#8220;rgba(0,140,154,0.09)&#8220; custom_padding=&#8220;5%|6%|5%|6%|false|true&#8220; da_disable_devices=&#8220;off|off|off&#8220; global_colors_info=&#8220;{}&#8220; da_is_popup=&#8220;off&#8220; da_exit_intent=&#8220;off&#8220; da_has_close=&#8220;on&#8220; da_alt_close=&#8220;off&#8220; da_dark_close=&#8220;off&#8220; da_not_modal=&#8220;on&#8220; da_is_singular=&#8220;off&#8220; da_with_loader=&#8220;off&#8220; da_has_shadow=&#8220;on&#8220;][et_pb_row column_structure=&#8220;1_4,1_4,1_4,1_4&#8243; use_custom_gutter=&#8220;on&#8220; gutter_width=&#8220;1&#8243; make_equal=&#8220;on&#8220; _builder_version=&#8220;4.22.1&#8243; _module_preset=&#8220;default&#8220; width=&#8220;95%&#8220; max_width=&#8220;2560px&#8220; custom_margin=&#8220;||0px||false|false&#8220; custom_padding=&#8220;||0px||false|false&#8220; global_colors_info=&#8220;{}&#8220;][et_pb_column type=&#8220;1_4&#8243; _builder_version=&#8220;4.17.6&#8243; _module_preset=&#8220;default&#8220; global_colors_info=&#8220;{}&#8220;][et_pb_blurb title=&#8220;Konzultace se z\u00e1kazn\u00edky&#8220; use_icon=&#8220;on&#8220; font_icon=&#8220;&#xf0c0;||fa||900&#8243; image_icon_width=&#8220;50px&#8220; _builder_version=&#8220;4.17.6&#8243; _module_preset=&#8220;default&#8220; header_font=&#8220;|800|||||||&#8220; header_text_align=&#8220;center&#8220; header_text_color=&#8220;#005E68&#8243; header_font_size=&#8220;25px&#8220; header_line_height=&#8220;1.7em&#8220; body_text_align=&#8220;center&#8220; body_line_height=&#8220;1.8em&#8220; background_color=&#8220;RGBA(255,255,255,0)&#8220; min_height=&#8220;420px&#8220; min_height_tablet=&#8220;420px&#8220; min_height_phone=&#8220;420px&#8220; min_height_last_edited=&#8220;on|phone&#8220; custom_margin=&#8220;||0px||false|false&#8220; custom_padding=&#8220;20%|10%|20%|10%|true|true&#8220; header_font_size_tablet=&#8220;25px&#8220; header_font_size_phone=&#8220;25px&#8220; header_font_size_last_edited=&#8220;on|desktop&#8220; border_width_right=&#8220;1px&#8220; border_color_right=&#8220;#008C9A&#8220; border_width_bottom=&#8220;1px&#8220; border_color_bottom=&#8220;#008C9A&#8220; border_width_right_tablet=&#8220;1px&#8220; border_width_right_phone=&#8220;0px&#8220; border_width_right_last_edited=&#8220;on|phone&#8220; border_width_bottom_tablet=&#8220;1px&#8220; border_width_bottom_phone=&#8220;0px&#8220; border_width_bottom_last_edited=&#8220;on|phone&#8220; global_colors_info=&#8220;{}&#8220;]<\/p>\n<p>P\u0159ijdeme za V\u00e1mi na m\u00edsto a po zhodnocen\u00ed situace navrhnou to prav\u00e9 \u0159e\u0161en\u00ed.<\/p>\n<p>[\/et_pb_blurb][\/et_pb_column][et_pb_column type=&#8220;1_4&#8243; _builder_version=&#8220;4.17.6&#8243; _module_preset=&#8220;default&#8220; global_colors_info=&#8220;{}&#8220;][et_pb_blurb title=&#8220;Preventivn\u00ed a prediktiv. \u00fadr\u017eba&#8220; use_icon=&#8220;on&#8220; font_icon=&#8220;&#xf085;||fa||900&#8243; image_icon_width=&#8220;50px&#8220; _builder_version=&#8220;4.25.1&#8243; _module_preset=&#8220;default&#8220; header_font=&#8220;|800|||||||&#8220; header_text_align=&#8220;center&#8220; header_text_color=&#8220;#005E68&#8243; header_font_size=&#8220;25px&#8220; header_line_height=&#8220;1.7em&#8220; body_text_align=&#8220;center&#8220; body_line_height=&#8220;1.8em&#8220; background_color=&#8220;RGBA(255,255,255,0)&#8220; min_height=&#8220;420px&#8220; min_height_tablet=&#8220;420px&#8220; min_height_phone=&#8220;420px&#8220; min_height_last_edited=&#8220;on|phone&#8220; custom_margin=&#8220;||0px||false|false&#8220; custom_padding=&#8220;20%|10%|20%|10%|true|true&#8220; header_font_size_tablet=&#8220;25px&#8220; header_font_size_phone=&#8220;25px&#8220; header_font_size_last_edited=&#8220;on|desktop&#8220; border_width_right=&#8220;1px&#8220; border_color_right=&#8220;#008C9A&#8220; border_width_bottom=&#8220;1px&#8220; border_color_bottom=&#8220;#008C9A&#8220; border_width_right_tablet=&#8220;1px&#8220; border_width_right_phone=&#8220;0px&#8220; border_width_right_last_edited=&#8220;on|phone&#8220; border_width_bottom_tablet=&#8220;1px&#8220; border_width_bottom_phone=&#8220;0px&#8220; border_width_bottom_last_edited=&#8220;on|phone&#8220; global_colors_info=&#8220;{}&#8220;]<\/p>\n<p>Na\u0161i servisn\u00ed technici budou na \u00fadr\u017ebu Va\u0161ich stroj\u016f myslet za V\u00e1s.<\/p>\n<p>[\/et_pb_blurb][\/et_pb_column][et_pb_column type=&#8220;1_4&#8243; _builder_version=&#8220;4.17.6&#8243; _module_preset=&#8220;default&#8220; global_colors_info=&#8220;{}&#8220;][et_pb_blurb title=&#8220;Instalace a mont\u00e1\u017e&#8220; use_icon=&#8220;on&#8220; font_icon=&#8220;&#xe035;||divi||400&#8243; image_icon_width=&#8220;50px&#8220; _builder_version=&#8220;4.17.6&#8243; _module_preset=&#8220;default&#8220; header_font=&#8220;|800|||||||&#8220; header_text_align=&#8220;center&#8220; header_text_color=&#8220;#005E68&#8243; header_font_size=&#8220;25px&#8220; header_line_height=&#8220;1.7em&#8220; body_text_align=&#8220;center&#8220; body_line_height=&#8220;1.8em&#8220; background_color=&#8220;RGBA(255,255,255,0)&#8220; min_height=&#8220;420px&#8220; min_height_tablet=&#8220;420px&#8220; min_height_phone=&#8220;420px&#8220; min_height_last_edited=&#8220;on|phone&#8220; custom_margin=&#8220;||0px||false|false&#8220; custom_padding=&#8220;20%|10%|20%|10%|true|true&#8220; header_font_size_tablet=&#8220;25px&#8220; header_font_size_phone=&#8220;25px&#8220; header_font_size_last_edited=&#8220;on|desktop&#8220; border_width_right=&#8220;1px&#8220; border_color_right=&#8220;#008C9A&#8220; border_width_bottom=&#8220;1px&#8220; border_color_bottom=&#8220;#008C9A&#8220; border_width_right_tablet=&#8220;1px&#8220; border_width_right_phone=&#8220;0px&#8220; border_width_right_last_edited=&#8220;on|phone&#8220; border_width_bottom_tablet=&#8220;1px&#8220; border_width_bottom_phone=&#8220;0px&#8220; border_width_bottom_last_edited=&#8220;on|phone&#8220; global_colors_info=&#8220;{}&#8220;]<\/p>\n<p>Na\u0161i mont\u00e9\u0159i p\u0159ijedou a\u017e k V\u00e1m a cel\u00e9 za\u0159\u00edzen\u00ed p\u0159ivedou k \u017eivotu.<\/p>\n<p>[\/et_pb_blurb][\/et_pb_column][et_pb_column type=&#8220;1_4&#8243; _builder_version=&#8220;4.17.6&#8243; _module_preset=&#8220;default&#8220; global_colors_info=&#8220;{}&#8220;][et_pb_blurb title=&#8220;\u00dadr\u017eba \u0159\u00edd\u00edc\u00edch syst\u00e9m\u016f&#8220; use_icon=&#8220;on&#8220; font_icon=&#8220;&#xf1de;||fa||900&#8243; image_icon_width=&#8220;50px&#8220; _builder_version=&#8220;4.17.6&#8243; _module_preset=&#8220;default&#8220; header_font=&#8220;|800|||||||&#8220; header_text_align=&#8220;center&#8220; header_text_color=&#8220;#005E68&#8243; header_font_size=&#8220;25px&#8220; header_line_height=&#8220;1.7em&#8220; body_text_align=&#8220;center&#8220; body_line_height=&#8220;1.8em&#8220; background_color=&#8220;RGBA(255,255,255,0)&#8220; min_height=&#8220;420px&#8220; min_height_tablet=&#8220;420px&#8220; min_height_phone=&#8220;420px&#8220; min_height_last_edited=&#8220;on|phone&#8220; custom_margin=&#8220;||0px||false|false&#8220; custom_padding=&#8220;20%|10%|20%|10%|true|true&#8220; header_font_size_tablet=&#8220;25px&#8220; header_font_size_phone=&#8220;25px&#8220; header_font_size_last_edited=&#8220;on|desktop&#8220; border_color_right=&#8220;#008C9A&#8220; border_width_bottom=&#8220;1px&#8220; border_color_bottom=&#8220;#008C9A&#8220; border_width_right_tablet=&#8220;&#8220; border_width_right_phone=&#8220;0px&#8220; border_width_right_last_edited=&#8220;on|phone&#8220; border_width_bottom_tablet=&#8220;1px&#8220; border_width_bottom_phone=&#8220;0px&#8220; border_width_bottom_last_edited=&#8220;on|phone&#8220; global_colors_info=&#8220;{}&#8220;]<\/p>\n<p>O syst\u00e9my ve Va\u0161ich za\u0159\u00edzen\u00edch se budeme starat a pravideln\u011b je aktualizovat.<\/p>\n<p>[\/et_pb_blurb][\/et_pb_column][\/et_pb_row][et_pb_row column_structure=&#8220;1_4,1_4,1_4,1_4&#8243; use_custom_gutter=&#8220;on&#8220; gutter_width=&#8220;1&#8243; make_equal=&#8220;on&#8220; _builder_version=&#8220;4.17.6&#8243; _module_preset=&#8220;default&#8220; width=&#8220;95%&#8220; max_width=&#8220;2560px&#8220; custom_margin=&#8220;||0px||false|false&#8220; custom_padding=&#8220;0px||80px||false|false&#8220; global_colors_info=&#8220;{}&#8220;][et_pb_column type=&#8220;1_4&#8243; _builder_version=&#8220;4.17.6&#8243; _module_preset=&#8220;default&#8220; global_colors_info=&#8220;{}&#8220;][et_pb_blurb title=&#8220;\u0160kolen\u00ed u\u017eivatel\u016f&#8220; use_icon=&#8220;on&#8220; font_icon=&#8220;&#xf51c;||fa||900&#8243; image_icon_width=&#8220;50px&#8220; _builder_version=&#8220;4.17.6&#8243; _module_preset=&#8220;default&#8220; header_font=&#8220;|800|||||||&#8220; header_text_align=&#8220;center&#8220; header_text_color=&#8220;#005E68&#8243; header_font_size=&#8220;25px&#8220; header_line_height=&#8220;1.7em&#8220; body_text_align=&#8220;center&#8220; body_line_height=&#8220;1.8em&#8220; background_color=&#8220;RGBA(255,255,255,0)&#8220; min_height=&#8220;420px&#8220; min_height_tablet=&#8220;420px&#8220; min_height_phone=&#8220;420px&#8220; min_height_last_edited=&#8220;on|phone&#8220; custom_margin=&#8220;||0px||false|false&#8220; custom_padding=&#8220;20%|10%|20%|10%|true|true&#8220; header_font_size_tablet=&#8220;25px&#8220; header_font_size_phone=&#8220;25px&#8220; header_font_size_last_edited=&#8220;on|desktop&#8220; border_width_right=&#8220;1px&#8220; border_color_right=&#8220;#008C9A&#8220; border_color_bottom=&#8220;#008C9A&#8220; border_width_right_tablet=&#8220;1px&#8220; border_width_right_phone=&#8220;0px&#8220; border_width_right_last_edited=&#8220;on|phone&#8220; border_width_bottom_tablet=&#8220;&#8220; border_width_bottom_phone=&#8220;0px&#8220; border_width_bottom_last_edited=&#8220;on|phone&#8220; global_colors_info=&#8220;{}&#8220;]<\/p>\n<p>V r\u00e1mci mont\u00e1\u017e\u00ed a servisn\u00edch kontrol tak\u00e9 za\u0161kol\u00edme Va\u0161e zam\u011bstnance.<\/p>\n<p>[\/et_pb_blurb][\/et_pb_column][et_pb_column type=&#8220;1_4&#8243; _builder_version=&#8220;4.17.6&#8243; _module_preset=&#8220;default&#8220; global_colors_info=&#8220;{}&#8220;][et_pb_blurb title=&#8220;Technick\u00e9 revize stroj\u016f&#8220; use_icon=&#8220;on&#8220; font_icon=&#8220;&#xf0ae;||fa||900&#8243; image_icon_width=&#8220;50px&#8220; _builder_version=&#8220;4.17.6&#8243; _module_preset=&#8220;default&#8220; header_font=&#8220;|800|||||||&#8220; header_text_align=&#8220;center&#8220; header_text_color=&#8220;#005E68&#8243; header_font_size=&#8220;25px&#8220; header_line_height=&#8220;1.7em&#8220; body_text_align=&#8220;center&#8220; body_line_height=&#8220;1.8em&#8220; background_color=&#8220;RGBA(255,255,255,0)&#8220; min_height=&#8220;420px&#8220; min_height_tablet=&#8220;420px&#8220; min_height_phone=&#8220;420px&#8220; min_height_last_edited=&#8220;on|phone&#8220; custom_margin=&#8220;||0px||false|false&#8220; custom_padding=&#8220;20%|10%|20%|10%|true|true&#8220; header_font_size_tablet=&#8220;25px&#8220; header_font_size_phone=&#8220;25px&#8220; header_font_size_last_edited=&#8220;on|desktop&#8220; border_width_right=&#8220;1px&#8220; border_color_right=&#8220;#008C9A&#8220; border_color_bottom=&#8220;#008C9A&#8220; border_width_right_tablet=&#8220;1px&#8220; border_width_right_phone=&#8220;0px&#8220; border_width_right_last_edited=&#8220;on|phone&#8220; border_width_bottom_tablet=&#8220;&#8220; border_width_bottom_phone=&#8220;0px&#8220; border_width_bottom_last_edited=&#8220;on|phone&#8220; global_colors_info=&#8220;{}&#8220;]<\/p>\n<p>Na\u0161i servisn\u00ed technici budou na \u00fadr\u017ebu Va\u0161ich stroj\u016f myslet za V\u00e1s.<\/p>\n<p>[\/et_pb_blurb][\/et_pb_column][et_pb_column type=&#8220;1_4&#8243; _builder_version=&#8220;4.17.6&#8243; _module_preset=&#8220;default&#8220; global_colors_info=&#8220;{}&#8220;][et_pb_blurb title=&#8220;Z\u00e1ru\u010dn\u00ed servis&#8220; use_icon=&#8220;on&#8220; font_icon=&#8220;&#xe085;||divi||400&#8243; image_icon_width=&#8220;50px&#8220; _builder_version=&#8220;4.17.6&#8243; _module_preset=&#8220;default&#8220; header_font=&#8220;|800|||||||&#8220; header_text_align=&#8220;center&#8220; header_text_color=&#8220;#005E68&#8243; header_font_size=&#8220;25px&#8220; header_line_height=&#8220;1.7em&#8220; body_text_align=&#8220;center&#8220; body_line_height=&#8220;1.8em&#8220; background_color=&#8220;RGBA(255,255,255,0)&#8220; min_height=&#8220;420px&#8220; min_height_tablet=&#8220;420px&#8220; min_height_phone=&#8220;420px&#8220; min_height_last_edited=&#8220;on|phone&#8220; custom_margin=&#8220;||0px||false|false&#8220; custom_padding=&#8220;20%|10%|20%|10%|true|true&#8220; header_font_size_tablet=&#8220;25px&#8220; header_font_size_phone=&#8220;25px&#8220; header_font_size_last_edited=&#8220;on|desktop&#8220; border_width_right=&#8220;1px&#8220; border_color_right=&#8220;#008C9A&#8220; border_color_bottom=&#8220;#008C9A&#8220; border_width_right_tablet=&#8220;1px&#8220; border_width_right_phone=&#8220;0px&#8220; border_width_right_last_edited=&#8220;on|phone&#8220; border_width_bottom_tablet=&#8220;&#8220; border_width_bottom_phone=&#8220;0px&#8220; border_width_bottom_last_edited=&#8220;on|phone&#8220; global_colors_info=&#8220;{}&#8220;]<\/p>\n<p>Standardem je u n\u00e1s z\u00e1ru\u010dn\u00ed servis pro na\u0161e z\u00e1kazn\u00edky<\/p>\n<p>[\/et_pb_blurb][\/et_pb_column][et_pb_column type=&#8220;1_4&#8243; _builder_version=&#8220;4.17.6&#8243; _module_preset=&#8220;default&#8220; global_colors_info=&#8220;{}&#8220;][et_pb_blurb title=&#8220;Poz\u00e1ru\u010dn\u00ed servis&#8220; use_icon=&#8220;on&#8220; font_icon=&#8220;&#xe07c;||divi||400&#8243; image_icon_width=&#8220;50px&#8220; _builder_version=&#8220;4.17.6&#8243; _module_preset=&#8220;default&#8220; header_font=&#8220;|800|||||||&#8220; header_text_align=&#8220;center&#8220; header_text_color=&#8220;#005E68&#8243; header_font_size=&#8220;25px&#8220; header_line_height=&#8220;1.7em&#8220; body_text_align=&#8220;center&#8220; body_line_height=&#8220;1.8em&#8220; background_color=&#8220;RGBA(255,255,255,0)&#8220; min_height=&#8220;420px&#8220; min_height_tablet=&#8220;420px&#8220; min_height_phone=&#8220;420px&#8220; min_height_last_edited=&#8220;on|phone&#8220; custom_margin=&#8220;||0px||false|false&#8220; custom_padding=&#8220;20%|10%|20%|10%|true|true&#8220; header_font_size_tablet=&#8220;25px&#8220; header_font_size_phone=&#8220;25px&#8220; header_font_size_last_edited=&#8220;on|desktop&#8220; border_color_right=&#8220;#008C9A&#8220; border_color_bottom=&#8220;#008C9A&#8220; border_width_right_tablet=&#8220;&#8220; border_width_right_phone=&#8220;0px&#8220; border_width_right_last_edited=&#8220;on|phone&#8220; border_width_bottom_tablet=&#8220;&#8220; border_width_bottom_phone=&#8220;0px&#8220; border_width_bottom_last_edited=&#8220;on|phone&#8220; global_colors_info=&#8220;{}&#8220;]<\/p>\n<p>Spole\u010dn\u011b se domluv\u00edme, i kdy\u017e u\u017e Va\u0161e za\u0159\u00edzen\u00ed nen\u00ed v z\u00e1ruce<\/p>\n<p>[\/et_pb_blurb][\/et_pb_column][\/et_pb_row][et_pb_row disabled_on=&#8220;off|off|off&#8220; _builder_version=&#8220;4.27.4&#8243; _module_preset=&#8220;default&#8220; background_color=&#8220;#FFFFFF&#8220; width=&#8220;100%&#8220; custom_margin=&#8220;0px||||false|false&#8220; custom_padding=&#8220;8%|4%||4%|false|true&#8220; border_radii=&#8220;off|30px|30px|30px|30px&#8220; global_colors_info=&#8220;{}&#8220;][et_pb_column type=&#8220;4_4&#8243; _builder_version=&#8220;4.18.0&#8243; _module_preset=&#8220;default&#8220; global_colors_info=&#8220;{}&#8220;][et_pb_team_member name=&#8220;Ale\u0161 Stanjura&#8220; position=&#8220;vedouc\u00ed servisu&#8220; image_url=&#8220;https:\/\/www.prestar.cz\/wp-content\/uploads\/2024\/01\/IMG_E4142-32-bzrva-scaled.jpg&#8220; disabled_on=&#8220;off|off|off&#8220; _builder_version=&#8220;4.27.4&#8243; _module_preset=&#8220;default&#8220; header_level=&#8220;h2&#8243; header_font=&#8220;|700|||||||&#8220; header_text_align=&#8220;center&#8220; header_text_color=&#8220;#005E68&#8243; header_line_height=&#8220;1.7em&#8220; body_font_size=&#8220;19px&#8220; position_text_align=&#8220;center&#8220; position_line_height=&#8220;6.1em&#8220; width=&#8220;100%&#8220; max_width=&#8220;100%&#8220; module_alignment=&#8220;center&#8220; custom_padding=&#8220;|26%||26%|false|true&#8220; border_radii_image=&#8220;on|10px|10px|10px|10px&#8220; global_colors_info=&#8220;{}&#8220;]<\/p>\n<p style=\"text-align: center;\"><strong>+420 731 881 364<\/strong><br \/><a href=\"mailto:servis@prestar.cz\">servis@prestar.cz<\/a><\/p>\n<p>[\/et_pb_team_member][et_pb_button button_url=&#8220;mailto:servis@prestar.cz&#8220; url_new_window=&#8220;on&#8220; button_text=&#8220;KONTAKTOVAT SERVIS&#8220; button_alignment=&#8220;center&#8220; _builder_version=&#8220;4.27.4&#8243; _module_preset=&#8220;default&#8220; custom_button=&#8220;on&#8220; button_text_size=&#8220;26px&#8220; button_text_color=&#8220;#008C9A&#8220; button_bg_color=&#8220;#FFFFFF&#8220; button_border_width=&#8220;5px&#8220; button_border_color=&#8220;#FFFFFF&#8220; button_border_radius=&#8220;10px&#8220; button_letter_spacing=&#8220;3px&#8220; custom_margin=&#8220;64px||50px||false|false&#8220; custom_padding=&#8220;10px||||false|false&#8220; box_shadow_style=&#8220;preset3&#8243; box_shadow_spread=&#8220;-80px&#8220; global_module=&#8220;349391&#8243; saved_tabs=&#8220;all&#8220; global_colors_info=&#8220;{}&#8220; button_text_color__hover_enabled=&#8220;on|hover&#8220; button_text_color__hover=&#8220;#FFFFFF&#8220; button_bg_color__hover_enabled=&#8220;on|hover&#8220; button_bg_color__hover=&#8220;#008C9A&#8220; button_bg_enable_color__hover=&#8220;on&#8220; button_border_color__hover_enabled=&#8220;on|desktop&#8220; button_border_color__hover=&#8220;#008C9A&#8220; box_shadow_spread__hover_enabled=&#8220;on|hover&#8220; box_shadow_spread__hover=&#8220;-6px&#8220;][\/et_pb_button][\/et_pb_column][\/et_pb_row][\/et_pb_section]<\/p>\n","protected":false},"excerpt":{"rendered":"<p>Service; Prestar; automation; robotics; customer; responsiveness; speed; accuracy; future; efficiency; prestar; savings; money <\/p>","protected":false},"author":1,"featured_media":0,"parent":0,"menu_order":0,"comment_status":"closed","ping_status":"closed","template":"","meta":{"_et_pb_use_builder":"on","_et_pb_old_content":"","_et_gb_content_width":"","inline_featured_image":false,"footnotes":""},"dipi_cpt_category":[],"class_list":["post-336732","page","type-page","status-publish","hentry"],"_links":{"self":[{"href":"https:\/\/www.prestar.cz\/en\/wp-json\/wp\/v2\/pages\/336732","targetHints":{"allow":["GET"]}}],"collection":[{"href":"https:\/\/www.prestar.cz\/en\/wp-json\/wp\/v2\/pages"}],"about":[{"href":"https:\/\/www.prestar.cz\/en\/wp-json\/wp\/v2\/types\/page"}],"author":[{"embeddable":true,"href":"https:\/\/www.prestar.cz\/en\/wp-json\/wp\/v2\/users\/1"}],"replies":[{"embeddable":true,"href":"https:\/\/www.prestar.cz\/en\/wp-json\/wp\/v2\/comments?post=336732"}],"version-history":[{"count":42,"href":"https:\/\/www.prestar.cz\/en\/wp-json\/wp\/v2\/pages\/336732\/revisions"}],"predecessor-version":[{"id":352532,"href":"https:\/\/www.prestar.cz\/en\/wp-json\/wp\/v2\/pages\/336732\/revisions\/352532"}],"wp:attachment":[{"href":"https:\/\/www.prestar.cz\/en\/wp-json\/wp\/v2\/media?parent=336732"}],"wp:term":[{"taxonomy":"dipi_cpt_category","embeddable":true,"href":"https:\/\/www.prestar.cz\/en\/wp-json\/wp\/v2\/dipi_cpt_category?post=336732"}],"curies":[{"name":"wp","href":"https:\/\/api.w.org\/{rel}","templated":true}]}}