{"id":340913,"date":"2022-09-14T21:47:44","date_gmt":"2022-09-14T19:47:44","guid":{"rendered":"https:\/\/www.prestar.cz\/?page_id=340913"},"modified":"2024-02-13T16:28:17","modified_gmt":"2024-02-13T15:28:17","slug":"fabric-scissors","status":"publish","type":"page","link":"https:\/\/www.prestar.cz\/en\/nuzky-na-textilie\/","title":{"rendered":"Fabric scissors"},"content":{"rendered":"<p>[et_pb_section fb_built=&#8220;1&#8243; module_id=&#8220;textil&#8220; _builder_version=&#8220;4.18.0&#8243; _module_preset=&#8220;default&#8220; background_color=&#8220;rgba(0,140,154,0.09)&#8220; custom_padding=&#8220;0px|6%|3%|6%|false|true&#8220; da_disable_devices=&#8220;off|off|off&#8220; global_colors_info=&#8220;{}&#8220; da_is_popup=&#8220;off&#8220; da_exit_intent=&#8220;off&#8220; da_has_close=&#8220;on&#8220; da_alt_close=&#8220;off&#8220; da_dark_close=&#8220;off&#8220; da_not_modal=&#8220;on&#8220; da_is_singular=&#8220;off&#8220; da_with_loader=&#8220;off&#8220; da_has_shadow=&#8220;on&#8220;][et_pb_row _builder_version=&#8220;4.18.0&#8243; _module_preset=&#8220;default&#8220; width=&#8220;90%&#8220; custom_margin=&#8220;||||false|false&#8220; custom_padding=&#8220;5%||||false|false&#8220; global_colors_info=&#8220;{}&#8220;][et_pb_column type=&#8220;4_4&#8243; _builder_version=&#8220;4.17.6&#8243; _module_preset=&#8220;default&#8220; custom_padding=&#8220;|5%||5%|false|true&#8220; global_colors_info=&#8220;{}&#8220;][et_pb_text _builder_version=&#8220;4.18.0&#8243; _module_preset=&#8220;default&#8220; header_font=&#8220;|800|||||||&#8220; header_text_color=&#8220;#005E68&#8243; header_font_size=&#8220;3vw&#8220; custom_margin=&#8220;||0%||false|false&#8220; header_font_size_tablet=&#8220;60px&#8220; header_font_size_phone=&#8220;30px&#8220; header_font_size_last_edited=&#8220;on|phone&#8220; global_colors_info=&#8220;{}&#8220;]<\/p>\n<h1>Linka na st\u0159\u00edh\u00e1n\u00ed textili\u00ed<\/h1>\n<p>[\/et_pb_text][\/et_pb_column][\/et_pb_row][et_pb_row column_structure=&#8220;1_2,1_2&#8243; _builder_version=&#8220;4.18.0&#8243; _module_preset=&#8220;default&#8220; background_color=&#8220;#FFFFFF&#8220; width=&#8220;95%&#8220; module_alignment=&#8220;center&#8220; custom_margin=&#8220;|0%||0%|false|true&#8220; custom_padding=&#8220;|0%||0%|false|true&#8220; hover_enabled=&#8220;0&#8243; border_radii=&#8220;on|30px|30px|30px|30px&#8220; global_colors_info=&#8220;{}&#8220; sticky_enabled=&#8220;0&#8243;][et_pb_column type=&#8220;1_2&#8243; _builder_version=&#8220;4.17.6&#8243; _module_preset=&#8220;default&#8220; custom_padding=&#8220;0%|0%||5%|false|false&#8220; sticky_limit_bottom=&#8220;section&#8220; global_colors_info=&#8220;{}&#8220;][et_pb_text disabled_on=&#8220;on|on|on&#8220; _builder_version=&#8220;4.18.0&#8243; _module_preset=&#8220;default&#8220; header_font=&#8220;|800|||||||&#8220; header_text_color=&#8220;#005E68&#8243; header_font_size=&#8220;40px&#8220; header_line_height=&#8220;1.6em&#8220; max_width=&#8220;600px&#8220; module_alignment=&#8220;left&#8220; custom_margin=&#8220;5%||||false|false&#8220; header_font_size_tablet=&#8220;40px&#8220; header_font_size_phone=&#8220;30px&#8220; header_font_size_last_edited=&#8220;on|desktop&#8220; disabled=&#8220;on&#8220; global_colors_info=&#8220;{}&#8220;]<\/p>\n<h1>Pro p\u0159esn\u00fd st\u0159ih na m\u00edru<\/h1>\n<p>[\/et_pb_text][et_pb_blurb title=&#8220;Popis za\u0159\u00edzen\u00ed &#8220; use_icon=&#8220;on&#8220; font_icon=&#8220;&#x5a;||divi||400&#8243; icon_placement=&#8220;left&#8220; content_max_width=&#8220;600px&#8220; _builder_version=&#8220;4.20.2&#8243; _module_preset=&#8220;default&#8220; header_font=&#8220;|700|||||||&#8220; header_line_height=&#8220;1.8em&#8220; max_width=&#8220;600px&#8220; module_alignment=&#8220;left&#8220; custom_margin=&#8220;||50px|||&#8220; custom_padding=&#8220;||0px||false|false&#8220; global_colors_info=&#8220;{}&#8220;]<\/p>\n<div title=\"Page 1\">\n<p><span><span class=\"ui-provider gq b c d e f g h i j k l m n o p q r s t u v w x y z ab ac ae af ag ah ai aj ak\" dir=\"ltr\">Za\u0159\u00edzen\u00ed pro odv\u00edjen\u00ed, d\u011blen\u00ed a skladov\u00e1n\u00ed l\u00e1tky. Je ur\u010deno k\u00a0d\u011blen\u00ed textiln\u00edho materi\u00e1lu z rol\u00ed a ukl\u00e1d\u00e1n\u00ed p\u0159\u00edst\u0159ih\u016f na zvedac\u00ed n\u016f\u017ekovou plo\u0161inu. Za\u0159\u00edzen\u00ed je automatick\u00e9, po zaveden\u00ed role do za\u0159\u00edzen\u00ed je navolen typ role a po\u017eadovan\u00e1 d\u00e9lka p\u0159\u00edst\u0159ihu d\u00e1le u\u017e za\u0159\u00edzen\u00ed pracuje automaticky.<\/span><\/span><\/p>\n<\/div>\n<p>[\/et_pb_blurb][et_pb_toggle title=&#8220;Technick\u00e9 parametry stroje&#8220; open_toggle_text_color=&#8220;#000000&#8243; open_toggle_background_color=&#8220;RGBA(255,255,255,0)&#8220; closed_toggle_background_color=&#8220;RGBA(255,255,255,0)&#8220; icon_color=&#8220;#008C9A&#8220; open_icon_color=&#8220;#008C9A&#8220; _builder_version=&#8220;4.20.2&#8243; _module_preset=&#8220;default&#8220; title_text_color=&#8220;#000000&#8243; title_level=&#8220;h4&#8243; title_font=&#8220;|700|||||||&#8220; title_line_height=&#8220;1.7em&#8220; max_width=&#8220;600px&#8220; custom_margin=&#8220;||0px||false|false&#8220; border_width_all=&#8220;0px&#8220; border_width_top=&#8220;1px&#8220; border_color_top=&#8220;#008C9A&#8220; global_colors_info=&#8220;{}&#8220;]<\/p>\n<ul>\n<li>Parametry role:\n<ul>\n<li>\u0160\u00ed\u0159ka: 800 \u2013 2\u00a0000 mm<\/li>\n<li>Pr\u016fm\u011br role: a\u017e 1\u00a0500 mm<\/li>\n<\/ul>\n<\/li>\n<li>D\u011blen\u00ed materi\u00e1l\u016f povrchov\u00e9 hmotnosti 100 g\/m<i>2 <\/i>a\u017e 2\u00a0500 g\/m<i>2<\/i><\/li>\n<li>Tlou\u0161\u0165ky materi\u00e1l\u016f 0,5 mm a\u017e 35 mm<\/li>\n<\/ul>\n<p>[\/et_pb_toggle][et_pb_toggle title=&#8220;Ostatn\u00ed vybaven\u00ed stroje&#8220; open_toggle_text_color=&#8220;#000000&#8243; open_toggle_background_color=&#8220;RGBA(255,255,255,0)&#8220; closed_toggle_background_color=&#8220;RGBA(255,255,255,0)&#8220; icon_color=&#8220;#008C9A&#8220; open_icon_color=&#8220;#008C9A&#8220; _builder_version=&#8220;4.20.2&#8243; _module_preset=&#8220;default&#8220; title_text_color=&#8220;#000000&#8243; title_level=&#8220;h4&#8243; title_font=&#8220;|700|||||||&#8220; title_line_height=&#8220;1.7em&#8220; max_width=&#8220;600px&#8220; custom_margin=&#8220;||50px||false|false&#8220; border_width_all=&#8220;0px&#8220; border_width_top=&#8220;1px&#8220; border_color_top=&#8220;#008C9A&#8220; border_width_bottom=&#8220;1px&#8220; border_color_bottom=&#8220;#008C9A&#8220; global_colors_info=&#8220;{}&#8220;]<\/p>\n<ul>\n<li>Ovl\u00e1d\u00e1n\u00ed pomoc\u00ed dotykov\u00e9ho pultu<\/li>\n<li>D\u011blen\u00ed do p\u0159\u00edst\u0159ih\u016f a ukl\u00e1d\u00e1n\u00ed na paletu<\/li>\n<li>M\u011b\u0159en\u00ed odvinut\u00e9 l\u00e1tky z\u00a0role<\/li>\n<li>M\u011b\u0159en\u00ed nad\u011blen\u00e9 l\u00e1tky na palet\u011b<\/li>\n<li>Vkl\u00e1d\u00e1n\u00ed st\u0159ihov\u00fdch receptur<\/li>\n<li>Softwarov\u00e1 kalibrace \u0159ezn\u00fdch podm\u00ednek<\/li>\n<li>Export dat do nad\u0159azen\u00fdch vnitropodnikov\u00fdch syst\u00e9m\u016f<\/li>\n<\/ul>\n<p>Syst\u00e9m d\u011blen\u00ed:<\/p>\n<ul>\n<li>Kotou\u010dovou \u0159eza\u010dkou<\/li>\n<li>Hydraulick\u00fdmi n\u016f\u017ekami<\/li>\n<\/ul>\n<p>[\/et_pb_toggle][dipi_masonry_gallery gallery_ids=&#8220;346055,346057,346059,346061,346063,346065&#8243; _builder_version=&#8220;4.20.2&#8243; _module_preset=&#8220;default&#8220; width=&#8220;100%&#8220; max_width=&#8220;600px&#8220; module_alignment=&#8220;left&#8220; filter_saturate=&#8220;0%&#8220; global_colors_info=&#8220;{}&#8220; filter_saturate__hover_enabled=&#8220;on|hover&#8220; filter_saturate__hover=&#8220;100%&#8220;][\/dipi_masonry_gallery][et_pb_button button_url=&#8220;mailto:m.vanek@prestar.cz?cc=prestar@prestar.cz&#038;subject=Popt%C3%A1vka%20z%20webu%20-%20Manipula%C4%8Dn%C3%AD%20technika&#038;body=Dobr%C3%BD%20den%2C%20R%C3%A1d%2Fa%20bych%20se%20dozv%C4%9Bd%C4%9Bl%2Fa%20v%C3%ADce%20o%20va%C5%A1ich%20produktech.%20Kontaktovat%20m%C4%9B%20m%C5%AF%C5%BEete%20na%20tel.%20%C4%8D%C3%ADsle%20(vypl%C5%88te).%20D%C4%9Bkuji%20a%20s%20pozdravem%2C%20&#8212;&#8212;&#8212;&#8212;&#8212;&#8212;&#8212;%20Hello%2C%20I%20would%20like%20to%20know%20more%20about%20your%20products.%20You%20can%20contact%20me%20at%20this%20number%3A%20(fill%20in).%20Best%20wishes%2C%20&#8243; button_text=&#8220;Kontaktovat obchodn\u00edka&#8220; button_alignment=&#8220;left&#8220; _builder_version=&#8220;4.21.0&#8243; _module_preset=&#8220;default&#8220; custom_button=&#8220;on&#8220; button_text_color=&#8220;#008C9A&#8220; button_bg_color=&#8220;#FFFFFF&#8220; button_border_width=&#8220;12px&#8220; button_border_color=&#8220;#FFFFFF&#8220; custom_margin=&#8220;||100px||false|false&#8220; box_shadow_style=&#8220;preset3&#8243; box_shadow_spread=&#8220;-80px&#8220; global_module=&#8220;349384&#8243; global_colors_info=&#8220;{}&#8220; button_text_color__hover_enabled=&#8220;on|hover&#8220; button_text_color__hover=&#8220;#FFFFFF&#8220; button_bg_color__hover_enabled=&#8220;on|hover&#8220; button_bg_color__hover=&#8220;#008C9A&#8220; button_bg_enable_color__hover=&#8220;on&#8220; button_border_color__hover_enabled=&#8220;on|desktop&#8220; button_border_color__hover=&#8220;#008C9A&#8220; box_shadow_spread__hover_enabled=&#8220;on|hover&#8220; box_shadow_spread__hover=&#8220;-6px&#8220;][\/et_pb_button][et_pb_image src=&#8220;https:\/\/www.prestar.cz\/wp-content\/uploads\/2022\/09\/Listy-s-logy-ke-kazdemu-produkto_nuzky-1.png&#8220; title_text=&#8220;Li\u0161ty s logy ke ka\u017ed\u00e9mu produkto_n\u016f\u017eky&#8220; _builder_version=&#8220;4.18.0&#8243; _module_preset=&#8220;default&#8220; filter_saturate=&#8220;0%&#8220; filter_opacity=&#8220;60%&#8220; global_colors_info=&#8220;{}&#8220;][\/et_pb_image][\/et_pb_column][et_pb_column type=&#8220;1_2&#8243; _builder_version=&#8220;4.18.0&#8243; _module_preset=&#8220;default&#8220; custom_padding=&#8220;|2%|20px||false|false&#8220; sticky_limit_bottom=&#8220;row&#8220; global_colors_info=&#8220;{}&#8220;][et_pb_product_viewer gallery_ids=&#8220;340611,340613,340615,340617,340619,340621,340623,340625,340627,340629,340631,340633,340635,340637,340639,340641,340643,340645,340647,340649,340651,340653,340655,340657,340659,340661,340663,340665,340667,340669,340671,340673,340675,340677,340679,340681&#8243; _builder_version=&#8220;4.19.4&#8243; _module_preset=&#8220;default&#8220; global_colors_info=&#8220;{}&#8220;][\/et_pb_product_viewer][et_pb_video src=&#8220;https:\/\/www.youtube.com\/watch?v=ki54V0JKS-o&#8220; _builder_version=&#8220;4.21.0&#8243; _module_preset=&#8220;default&#8220; global_colors_info=&#8220;{}&#8220;][\/et_pb_video][et_pb_video src=&#8220;https:\/\/youtu.be\/1NzPxlTzCIY&#8220; _builder_version=&#8220;4.24.0&#8243; _module_preset=&#8220;default&#8220; hover_enabled=&#8220;0&#8243; global_colors_info=&#8220;{}&#8220; sticky_enabled=&#8220;0&#8243;][\/et_pb_video][\/et_pb_column][\/et_pb_row][et_pb_row _builder_version=&#8220;4.20.2&#8243; _module_preset=&#8220;default&#8220; global_colors_info=&#8220;{}&#8220;][et_pb_column type=&#8220;4_4&#8243; _builder_version=&#8220;4.20.2&#8243; _module_preset=&#8220;default&#8220; global_colors_info=&#8220;{}&#8220;][\/et_pb_column][\/et_pb_row][\/et_pb_section][et_pb_section fb_built=&#8220;1&#8243; disabled_on=&#8220;on|on|on&#8220; module_id=&#8220;prehled&#8220; _builder_version=&#8220;4.22.1&#8243; _module_preset=&#8220;default&#8220; background_color=&#8220;rgba(0,140,154,0.09)&#8220; da_disable_devices=&#8220;off|off|off&#8220; disabled=&#8220;on&#8220; global_module=&#8220;340902&#8243; global_colors_info=&#8220;{}&#8220; da_is_popup=&#8220;off&#8220; da_exit_intent=&#8220;off&#8220; da_has_close=&#8220;on&#8220; da_alt_close=&#8220;off&#8220; da_dark_close=&#8220;off&#8220; da_not_modal=&#8220;on&#8220; da_is_singular=&#8220;off&#8220; da_with_loader=&#8220;off&#8220; da_has_shadow=&#8220;on&#8220;][et_pb_row column_structure=&#8220;1_4,1_4,1_4,1_4&#8243; use_custom_gutter=&#8220;on&#8220; make_equal=&#8220;on&#8220; _builder_version=&#8220;4.19.4&#8243; _module_preset=&#8220;default&#8220; custom_margin=&#8220;7%|auto|4%|auto|false|false&#8220; custom_margin_tablet=&#8220;365px|auto||auto||&#8220; custom_margin_phone=&#8220;0px||||false|false&#8220; custom_margin_last_edited=&#8220;on|desktop&#8220; scroll_vertical_motion=&#8220;0|50|50|100|-1|0|1.5&#8243; sticky_position_tablet=&#8220;&#8220; sticky_position_phone=&#8220;&#8220; sticky_position_last_edited=&#8220;on|phone&#8220; scroll_vertical_motion_tablet=&#8220;0|50|50|100|-1|0|1.5&#8243; scroll_vertical_motion_phone=&#8220;0|50|50|100|0|0|0&#8243; scroll_vertical_motion_last_edited=&#8220;on|phone&#8220; global_colors_info=&#8220;{}&#8220;][et_pb_column type=&#8220;1_4&#8243; _builder_version=&#8220;4.17.4&#8243; _module_preset=&#8220;default&#8220; background_color=&#8220;RGBA(255,255,255,0)&#8220; box_shadow_style=&#8220;preset3&#8243; box_shadow_spread=&#8220;-80px&#8220; global_colors_info=&#8220;{}&#8220; box_shadow_spread__hover_enabled=&#8220;on|hover&#8220; box_shadow_spread__hover=&#8220;-6px&#8220; background_color__hover=&#8220;rgba(0,140,154,0.2)&#8220; background__hover_enabled=&#8220;on|hover&#8220; background_enable_color__hover=&#8220;on&#8220;][et_pb_blurb title=&#8220;Automatizovan\u00e1 doprava pap\u00edrov\u00fdch rol\u00ed&#8220; image=&#8220;https:\/\/www.prestar.cz\/wp-content\/uploads\/2022\/03\/Aut-2.png&#8220; image_icon_width=&#8220;100%&#8220; image_icon_width_tablet=&#8220;100%&#8220; image_icon_width_phone=&#8220;100%&#8220; image_icon_width_last_edited=&#8220;on|phone&#8220; _builder_version=&#8220;4.21.0&#8243; _module_preset=&#8220;default&#8220; header_font=&#8220;|800|||||||&#8220; header_text_align=&#8220;center&#8220; header_font_size=&#8220;19px&#8220; header_line_height=&#8220;1.3em&#8220; body_text_align=&#8220;center&#8220; custom_margin=&#8220;-30%||||false|false&#8220; custom_margin_tablet=&#8220;-130px||||false|false&#8220; custom_margin_phone=&#8220;0px||||false|false&#8220; custom_margin_last_edited=&#8220;on|desktop&#8220; custom_padding=&#8220;|10%|10%|10%|false|true&#8220; custom_padding_tablet=&#8220;|40px|50px|40px|false|true&#8220; custom_padding_phone=&#8220;40px|10px|40px|10px|true|true&#8220; custom_padding_last_edited=&#8220;on|phone&#8220; link_option_url=&#8220;\/automatizovana-doprava-papirovych-roli\/&#8220; border_width_all_image=&#8220;10px&#8220; border_color_all_image=&#8220;RGBA(255,255,255,0)&#8220; global_colors_info=&#8220;{}&#8220; border_width_all_image__hover=&#8220;0px&#8220; border_width_all_image__hover_enabled=&#8220;on|desktop&#8220;][\/et_pb_blurb][\/et_pb_column][et_pb_column type=&#8220;1_4&#8243; _builder_version=&#8220;4.17.4&#8243; _module_preset=&#8220;default&#8220; background_color=&#8220;RGBA(255,255,255,0)&#8220; box_shadow_style=&#8220;preset3&#8243; box_shadow_spread=&#8220;-80px&#8220; global_colors_info=&#8220;{}&#8220; box_shadow_spread__hover_enabled=&#8220;on|hover&#8220; box_shadow_spread__hover=&#8220;-6px&#8220; background_color__hover=&#8220;rgba(0,140,154,0.2)&#8220; background__hover_enabled=&#8220;on|hover&#8220; background_enable_color__hover=&#8220;on&#8220;][et_pb_blurb title=&#8220;Linka na st\u0159\u00edh\u00e1n\u00ed textili\u00ed&#8220; image=&#8220;https:\/\/www.prestar.cz\/wp-content\/uploads\/2022\/03\/Aut-3.png&#8220; image_icon_width=&#8220;100%&#8220; image_icon_width_tablet=&#8220;100%&#8220; image_icon_width_phone=&#8220;100%&#8220; image_icon_width_last_edited=&#8220;on|phone&#8220; _builder_version=&#8220;4.18.0&#8243; _module_preset=&#8220;default&#8220; header_font=&#8220;|800|||||||&#8220; header_text_align=&#8220;center&#8220; header_font_size=&#8220;19px&#8220; header_line_height=&#8220;1.3em&#8220; body_text_align=&#8220;center&#8220; custom_margin=&#8220;-30%||||false|false&#8220; custom_margin_tablet=&#8220;-130px||||false|false&#8220; custom_margin_phone=&#8220;0px||||false|false&#8220; custom_margin_last_edited=&#8220;on|desktop&#8220; custom_padding=&#8220;|10%|10%|10%|false|true&#8220; custom_padding_tablet=&#8220;|40px|50px|40px|false|true&#8220; custom_padding_phone=&#8220;40px|10px|40px|10px|true|true&#8220; custom_padding_last_edited=&#8220;on|phone&#8220; link_option_url=&#8220;https:\/\/www.prestar.cz\/nuzky-na-textilie\/&#8220; border_width_all_image=&#8220;10px&#8220; border_color_all_image=&#8220;RGBA(255,255,255,0)&#8220; global_colors_info=&#8220;{}&#8220; border_width_all_image__hover=&#8220;0px&#8220; border_width_all_image__hover_enabled=&#8220;on|desktop&#8220;][\/et_pb_blurb][\/et_pb_column][et_pb_column type=&#8220;1_4&#8243; _builder_version=&#8220;4.17.4&#8243; _module_preset=&#8220;default&#8220; background_color=&#8220;RGBA(255,255,255,0)&#8220; box_shadow_style=&#8220;preset3&#8243; box_shadow_spread=&#8220;-80px&#8220; global_colors_info=&#8220;{}&#8220; box_shadow_spread__hover_enabled=&#8220;on|hover&#8220; box_shadow_spread__hover=&#8220;-6px&#8220; background_color__hover=&#8220;rgba(0,140,154,0.2)&#8220; background__hover_enabled=&#8220;on|hover&#8220; background_enable_color__hover=&#8220;on&#8220;][et_pb_blurb title=&#8220;Za\u0159\u00edzen\u00ed pro ot\u00e1\u010den\u00ed forem&#8220; image=&#8220;https:\/\/www.prestar.cz\/wp-content\/uploads\/2022\/03\/Aut-4.png&#8220; image_icon_width=&#8220;100%&#8220; image_icon_width_tablet=&#8220;100%&#8220; image_icon_width_phone=&#8220;100%&#8220; image_icon_width_last_edited=&#8220;on|phone&#8220; _builder_version=&#8220;4.18.0&#8243; _module_preset=&#8220;default&#8220; header_font=&#8220;|800|||||||&#8220; header_text_align=&#8220;center&#8220; header_font_size=&#8220;19px&#8220; header_line_height=&#8220;1.3em&#8220; body_text_align=&#8220;center&#8220; custom_margin=&#8220;-30%||||false|false&#8220; custom_margin_tablet=&#8220;-130px||||false|false&#8220; custom_margin_phone=&#8220;0px||||false|false&#8220; custom_margin_last_edited=&#8220;on|desktop&#8220; custom_padding=&#8220;|10%|10%|10%|false|true&#8220; custom_padding_tablet=&#8220;|40px|50px|40px|false|true&#8220; custom_padding_phone=&#8220;40px|10px|40px|10px|true|true&#8220; custom_padding_last_edited=&#8220;on|phone&#8220; link_option_url=&#8220;https:\/\/www.prestar.cz\/zarizeni-na-otaceni-forem\/&#8220; border_width_all_image=&#8220;10px&#8220; border_color_all_image=&#8220;RGBA(255,255,255,0)&#8220; global_colors_info=&#8220;{}&#8220; border_width_all_image__hover=&#8220;0px&#8220; border_width_all_image__hover_enabled=&#8220;on|desktop&#8220;][\/et_pb_blurb][\/et_pb_column][et_pb_column type=&#8220;1_4&#8243; _builder_version=&#8220;4.18.0&#8243; _module_preset=&#8220;default&#8220; background_color=&#8220;RGBA(255,255,255,0)&#8220; box_shadow_style=&#8220;preset3&#8243; box_shadow_spread=&#8220;-80px&#8220; global_colors_info=&#8220;{}&#8220; background_color__hover=&#8220;rgba(0,140,154,0.2)&#8220; background__hover_enabled=&#8220;on|hover&#8220; box_shadow_spread__hover=&#8220;-6px&#8220; box_shadow_spread__hover_enabled=&#8220;on|hover&#8220; background_enable_color__hover=&#8220;on&#8220;][et_pb_blurb title=&#8220;Linka na t\u0159\u00edd\u011bn\u00ed palet&#8220; image=&#8220;https:\/\/www.prestar.cz\/wp-content\/uploads\/2022\/03\/Aut-1.png&#8220; image_icon_width=&#8220;100%&#8220; image_icon_width_tablet=&#8220;100%&#8220; image_icon_width_phone=&#8220;100%&#8220; image_icon_width_last_edited=&#8220;on|phone&#8220; _builder_version=&#8220;4.18.0&#8243; _module_preset=&#8220;default&#8220; header_font=&#8220;|800|||||||&#8220; header_text_align=&#8220;center&#8220; header_font_size=&#8220;19px&#8220; header_line_height=&#8220;1.3em&#8220; body_text_align=&#8220;center&#8220; custom_margin=&#8220;-30%||||false|false&#8220; custom_margin_tablet=&#8220;-130px||||false|false&#8220; custom_margin_phone=&#8220;0px||||false|false&#8220; custom_margin_last_edited=&#8220;on|desktop&#8220; custom_padding=&#8220;|10%|10%|10%|false|true&#8220; custom_padding_tablet=&#8220;|40px|50px|40px|false|true&#8220; custom_padding_phone=&#8220;40px|10px|40px|10px|true|true&#8220; custom_padding_last_edited=&#8220;on|phone&#8220; link_option_url=&#8220;https:\/\/www.prestar.cz\/linka-na-trideni-euro-palet\/&#8220; border_width_all_image=&#8220;10px&#8220; border_color_all_image=&#8220;RGBA(255,255,255,0)&#8220; global_colors_info=&#8220;{}&#8220; border_width_all_image__hover=&#8220;0px&#8220; border_width_all_image__hover_enabled=&#8220;on|desktop&#8220;][\/et_pb_blurb][\/et_pb_column][\/et_pb_row][et_pb_row _builder_version=&#8220;4.16&#8243; _module_preset=&#8220;default&#8220; custom_margin=&#8220;60px|auto||auto||&#8220; custom_padding=&#8220;||125px|||&#8220; global_colors_info=&#8220;{}&#8220;][et_pb_column type=&#8220;4_4&#8243; _builder_version=&#8220;4.16&#8243; _module_preset=&#8220;default&#8220; global_colors_info=&#8220;{}&#8220;][et_pb_text _builder_version=&#8220;4.16&#8243; _module_preset=&#8220;default&#8220; text_font=&#8220;|||on|||||&#8220; text_text_color=&#8220;#008C9A&#8220; custom_margin=&#8220;50px||-3px|||&#8220; custom_padding=&#8220;||8px|||&#8220; global_colors_info=&#8220;{}&#8220;]<\/p>\n<p style=\"text-align: center;\">Automatizace p\u0159in\u00e1\u0161\u00ed ovoce<\/p>\n<p>[\/et_pb_text][et_pb_text _builder_version=&#8220;4.18.0&#8243; _module_preset=&#8220;default&#8220; header_font=&#8220;|800|||||||&#8220; header_text_color=&#8220;#005E68&#8243; header_font_size=&#8220;40px&#8220; header_line_height=&#8220;1.3em&#8220; max_width=&#8220;800px&#8220; module_alignment=&#8220;center&#8220; custom_margin=&#8220;0px||||false|false&#8220; header_font_size_tablet=&#8220;40px&#8220; header_font_size_phone=&#8220;30px&#8220; header_font_size_last_edited=&#8220;on|desktop&#8220; global_colors_info=&#8220;{}&#8220;]<\/p>\n<h1 style=\"text-align: center;\">79% z\u00e1kazn\u00edk\u016f lituje, \u017ee rozhodnut\u00ed k automatizaci neu\u010dinili rychleji<\/h1>\n<p>[\/et_pb_text][\/et_pb_column][\/et_pb_row][\/et_pb_section]<\/p>\n","protected":false},"excerpt":{"rendered":"<p>Textile shears; automation; automation in industry; future; efficiency; savings; money <\/p>","protected":false},"author":1,"featured_media":0,"parent":0,"menu_order":0,"comment_status":"closed","ping_status":"closed","template":"","meta":{"_et_pb_use_builder":"on","_et_pb_old_content":"","_et_gb_content_width":"","inline_featured_image":false,"footnotes":""},"dipi_cpt_category":[],"class_list":["post-340913","page","type-page","status-publish","hentry"],"_links":{"self":[{"href":"https:\/\/www.prestar.cz\/en\/wp-json\/wp\/v2\/pages\/340913","targetHints":{"allow":["GET"]}}],"collection":[{"href":"https:\/\/www.prestar.cz\/en\/wp-json\/wp\/v2\/pages"}],"about":[{"href":"https:\/\/www.prestar.cz\/en\/wp-json\/wp\/v2\/types\/page"}],"author":[{"embeddable":true,"href":"https:\/\/www.prestar.cz\/en\/wp-json\/wp\/v2\/users\/1"}],"replies":[{"embeddable":true,"href":"https:\/\/www.prestar.cz\/en\/wp-json\/wp\/v2\/comments?post=340913"}],"version-history":[{"count":15,"href":"https:\/\/www.prestar.cz\/en\/wp-json\/wp\/v2\/pages\/340913\/revisions"}],"predecessor-version":[{"id":351490,"href":"https:\/\/www.prestar.cz\/en\/wp-json\/wp\/v2\/pages\/340913\/revisions\/351490"}],"wp:attachment":[{"href":"https:\/\/www.prestar.cz\/en\/wp-json\/wp\/v2\/media?parent=340913"}],"wp:term":[{"taxonomy":"dipi_cpt_category","embeddable":true,"href":"https:\/\/www.prestar.cz\/en\/wp-json\/wp\/v2\/dipi_cpt_category?post=340913"}],"curies":[{"name":"wp","href":"https:\/\/api.w.org\/{rel}","templated":true}]}}