{"id":340919,"date":"2022-09-14T21:49:10","date_gmt":"2022-09-14T19:49:10","guid":{"rendered":"https:\/\/www.prestar.cz\/?page_id=340919"},"modified":"2024-09-03T11:07:04","modified_gmt":"2024-09-03T09:07:04","slug":"mould-turning-device","status":"publish","type":"page","link":"https:\/\/www.prestar.cz\/en\/zarizeni-na-otaceni-forem\/","title":{"rendered":"Machine for turning forms"},"content":{"rendered":"<p>[et_pb_section fb_built=&#8220;1&#8243; module_id=&#8220;formy&#8220; _builder_version=&#8220;4.18.0&#8243; _module_preset=&#8220;default&#8220; background_color=&#8220;rgba(0,140,154,0.09)&#8220; custom_padding=&#8220;0px|6%|3%|6%|false|true&#8220; da_disable_devices=&#8220;off|off|off&#8220; global_colors_info=&#8220;{}&#8220; da_is_popup=&#8220;off&#8220; da_exit_intent=&#8220;off&#8220; da_has_close=&#8220;on&#8220; da_alt_close=&#8220;off&#8220; da_dark_close=&#8220;off&#8220; da_not_modal=&#8220;on&#8220; da_is_singular=&#8220;off&#8220; da_with_loader=&#8220;off&#8220; da_has_shadow=&#8220;on&#8220;][et_pb_row _builder_version=&#8220;4.18.0&#8243; _module_preset=&#8220;default&#8220; width=&#8220;90%&#8220; custom_margin=&#8220;||||false|false&#8220; custom_padding=&#8220;5%||||false|false&#8220; global_colors_info=&#8220;{}&#8220;][et_pb_column type=&#8220;4_4&#8243; _builder_version=&#8220;4.17.6&#8243; _module_preset=&#8220;default&#8220; custom_padding=&#8220;|5%||5%|false|true&#8220; global_colors_info=&#8220;{}&#8220;][et_pb_text _builder_version=&#8220;4.18.0&#8243; _module_preset=&#8220;default&#8220; header_font=&#8220;|800|||||||&#8220; header_text_color=&#8220;#005E68&#8243; header_font_size=&#8220;3vw&#8220; custom_margin=&#8220;||0%||false|false&#8220; header_font_size_tablet=&#8220;60px&#8220; header_font_size_phone=&#8220;30px&#8220; header_font_size_last_edited=&#8220;on|phone&#8220; global_colors_info=&#8220;{}&#8220;]<\/p>\n<h1>Za\u0159\u00edzen\u00ed na ot\u00e1\u010den\u00ed forem<\/h1>\n<p>[\/et_pb_text][\/et_pb_column][\/et_pb_row][et_pb_row column_structure=&#8220;1_2,1_2&#8243; _builder_version=&#8220;4.18.0&#8243; _module_preset=&#8220;default&#8220; background_color=&#8220;#FFFFFF&#8220; width=&#8220;95%&#8220; module_alignment=&#8220;center&#8220; custom_margin=&#8220;|0%||0%|false|true&#8220; custom_padding=&#8220;|0%||0%|false|true&#8220; border_radii=&#8220;on|30px|30px|30px|30px&#8220; global_colors_info=&#8220;{}&#8220;][et_pb_column type=&#8220;1_2&#8243; _builder_version=&#8220;4.17.6&#8243; _module_preset=&#8220;default&#8220; custom_padding=&#8220;0%|0%||5%|false|false&#8220; sticky_limit_bottom=&#8220;section&#8220; global_colors_info=&#8220;{}&#8220;][et_pb_text disabled_on=&#8220;on|on|on&#8220; _builder_version=&#8220;4.18.0&#8243; _module_preset=&#8220;default&#8220; header_font=&#8220;|800|||||||&#8220; header_text_color=&#8220;#005E68&#8243; header_font_size=&#8220;40px&#8220; header_line_height=&#8220;1.6em&#8220; max_width=&#8220;600px&#8220; module_alignment=&#8220;left&#8220; custom_margin=&#8220;5%||||false|false&#8220; header_font_size_tablet=&#8220;40px&#8220; header_font_size_phone=&#8220;30px&#8220; header_font_size_last_edited=&#8220;on|desktop&#8220; disabled=&#8220;on&#8220; global_colors_info=&#8220;{}&#8220;]<\/p>\n<h1>Pro zefektivn\u011bn\u00ed manipulace a sn\u00ed\u017een\u00ed \u010dasov\u00e9 n\u00e1ro\u010dnosti<\/h1>\n<p>[\/et_pb_text][et_pb_blurb title=&#8220;Popis za\u0159\u00edzen\u00ed &#8220; use_icon=&#8220;on&#8220; font_icon=&#8220;&#x5a;||divi||400&#8243; icon_placement=&#8220;left&#8220; content_max_width=&#8220;600px&#8220; _builder_version=&#8220;4.17.6&#8243; _module_preset=&#8220;default&#8220; header_font=&#8220;|700|||||||&#8220; header_line_height=&#8220;1.8em&#8220; max_width=&#8220;600px&#8220; module_alignment=&#8220;left&#8220; custom_margin=&#8220;||50px|||&#8220; custom_padding=&#8220;||0px||false|false&#8220; global_colors_info=&#8220;{}&#8220;]<\/p>\n<div title=\"Page 1\">\n<div>\n<div>\n<div>\n<p>Komplexn\u00ed \u0159e\u0161en\u00ed manipulace s\u00a0formami, kter\u00e9 dok\u00e1\u017ee vyhov\u011bt mnoha r\u016fzn\u00fdm po\u017eadavk\u016fm.<\/p>\n<p>D\u00edky pokro\u010dil\u00e9mu hydraulicky poh\u00e1n\u011bn\u00e9mu syst\u00e9mu sv\u00edr\u00e1n\u00ed a elektricky \u0159e\u0161en\u00e9mu ot\u00e1\u010den\u00ed m\u016f\u017ee ot\u00e1\u010dec\u00ed stanice zajistit plynul\u00e9 a p\u0159esn\u00e9 ot\u00e1\u010den\u00ed. V\u00fdsledkem pou\u017eit\u00ed konstruk\u010dn\u00edch prvk\u016f stroj\u00edrensk\u00e9 kvality je za\u0159\u00edzen\u00ed, kter\u00e9 vy\u017eaduje jen velmi malou \u00fadr\u017ebu a nab\u00edz\u00ed kl\u00ed\u010dov\u00fd v\u00fdkon v pr\u016fmyslov\u00e9m prost\u0159ed\u00ed.<\/p>\n<\/div>\n<\/div>\n<\/div>\n<\/div>\n<p>[\/et_pb_blurb][et_pb_toggle title=&#8220;Technick\u00e9 parametry stroje&#8220; open_toggle_text_color=&#8220;#000000&#8243; open_toggle_background_color=&#8220;RGBA(255,255,255,0)&#8220; closed_toggle_background_color=&#8220;RGBA(255,255,255,0)&#8220; icon_color=&#8220;#008C9A&#8220; open_icon_color=&#8220;#008C9A&#8220; _builder_version=&#8220;4.20.2&#8243; _module_preset=&#8220;default&#8220; title_text_color=&#8220;#000000&#8243; title_level=&#8220;h4&#8243; title_font=&#8220;|700|||||||&#8220; title_line_height=&#8220;1.7em&#8220; max_width=&#8220;600px&#8220; custom_margin=&#8220;||0px||false|false&#8220; border_width_all=&#8220;0px&#8220; border_width_top=&#8220;1px&#8220; border_color_top=&#8220;#008C9A&#8220; global_colors_info=&#8220;{}&#8220;]<\/p>\n<p><span><span class=\"ui-provider gq b c d e f g h i j k l m n o p q r s t u v w x y z ab ac ae af ag ah ai aj ak\" dir=\"ltr\">Ot\u00e1\u010dec\u00ed za\u0159\u00edzen\u00ed je standartn\u011b vhodn\u00e9 pro formy o rozm\u011brech od 500 mm x 500 mm do 3 500 mm x 2 500 mm m\u016f\u017eeme v\u0161ak poskytnout variantu na m\u00edru, a\u017e do d\u00e9lky 7 000 mm.<\/span><\/span><\/p>\n<p>[\/et_pb_toggle][et_pb_toggle title=&#8220;Ostatn\u00ed vybaven\u00ed stroje&#8220; open_toggle_text_color=&#8220;#000000&#8243; open_toggle_background_color=&#8220;RGBA(255,255,255,0)&#8220; closed_toggle_background_color=&#8220;RGBA(255,255,255,0)&#8220; icon_color=&#8220;#008C9A&#8220; open_icon_color=&#8220;#008C9A&#8220; _builder_version=&#8220;4.17.6&#8243; _module_preset=&#8220;default&#8220; title_text_color=&#8220;#000000&#8243; title_level=&#8220;h4&#8243; title_font=&#8220;|700|||||||&#8220; title_line_height=&#8220;1.7em&#8220; max_width=&#8220;600px&#8220; custom_margin=&#8220;||50px||false|false&#8220; border_width_all=&#8220;0px&#8220; border_width_top=&#8220;1px&#8220; border_color_top=&#8220;#008C9A&#8220; border_width_bottom=&#8220;1px&#8220; border_color_bottom=&#8220;#008C9A&#8220; global_colors_info=&#8220;{}&#8220;]<\/p>\n<ul>\n<li>Ovl\u00e1d\u00e1n\u00ed z\u00a0ovl\u00e1dac\u00edho pultu<\/li>\n<li>Mo\u017enost integrace do st\u00e1vaj\u00edc\u00edch v\u00fdrobn\u00edch linek<\/li>\n<li>Robustn\u00ed a odoln\u00e1 konstrukce s\u00a0n\u00edzk\u00fdmi n\u00e1roky na \u00fadr\u017ebu<\/li>\n<li>Umo\u017e\u0148uje provoz ve velmi pra\u0161n\u00e9m prost\u0159ed\u00ed<\/li>\n<\/ul>\n<p>[\/et_pb_toggle][dipi_masonry_gallery gallery_ids=&#8220;346072,346074,346076,346078,351702,351703&#8243; _builder_version=&#8220;4.27.0&#8243; _module_preset=&#8220;default&#8220; width=&#8220;100%&#8220; max_width=&#8220;600px&#8220; module_alignment=&#8220;left&#8220; filter_saturate=&#8220;0%&#8220; hover_enabled=&#8220;0&#8243; global_colors_info=&#8220;{}&#8220; filter_saturate__hover_enabled=&#8220;on|hover&#8220; filter_saturate__hover=&#8220;100%&#8220; sticky_enabled=&#8220;0&#8243;][\/dipi_masonry_gallery][et_pb_button button_url=&#8220;mailto:m.vanek@prestar.cz?cc=prestar@prestar.cz&#038;subject=Popt%C3%A1vka%20z%20webu%20-%20Manipula%C4%8Dn%C3%AD%20technika&#038;body=Dobr%C3%BD%20den%2C%20R%C3%A1d%2Fa%20bych%20se%20dozv%C4%9Bd%C4%9Bl%2Fa%20v%C3%ADce%20o%20va%C5%A1ich%20produktech.%20Kontaktovat%20m%C4%9B%20m%C5%AF%C5%BEete%20na%20tel.%20%C4%8D%C3%ADsle%20(vypl%C5%88te).%20D%C4%9Bkuji%20a%20s%20pozdravem%2C%20&#8212;&#8212;&#8212;&#8212;&#8212;&#8212;&#8212;%20Hello%2C%20I%20would%20like%20to%20know%20more%20about%20your%20products.%20You%20can%20contact%20me%20at%20this%20number%3A%20(fill%20in).%20Best%20wishes%2C%20&#8243; button_text=&#8220;Kontaktovat obchodn\u00edka&#8220; button_alignment=&#8220;left&#8220; _builder_version=&#8220;4.21.0&#8243; _module_preset=&#8220;default&#8220; custom_button=&#8220;on&#8220; button_text_color=&#8220;#008C9A&#8220; button_bg_color=&#8220;#FFFFFF&#8220; button_border_width=&#8220;12px&#8220; button_border_color=&#8220;#FFFFFF&#8220; custom_margin=&#8220;||100px||false|false&#8220; box_shadow_style=&#8220;preset3&#8243; box_shadow_spread=&#8220;-80px&#8220; global_module=&#8220;349384&#8243; global_colors_info=&#8220;{}&#8220; button_text_color__hover_enabled=&#8220;on|hover&#8220; button_text_color__hover=&#8220;#FFFFFF&#8220; button_bg_color__hover_enabled=&#8220;on|hover&#8220; button_bg_color__hover=&#8220;#008C9A&#8220; button_bg_enable_color__hover=&#8220;on&#8220; button_border_color__hover_enabled=&#8220;on|desktop&#8220; button_border_color__hover=&#8220;#008C9A&#8220; box_shadow_spread__hover_enabled=&#8220;on|hover&#8220; box_shadow_spread__hover=&#8220;-6px&#8220;][\/et_pb_button][et_pb_image src=&#8220;https:\/\/www.prestar.cz\/wp-content\/uploads\/2022\/09\/Listy-s-logy-ke-kazdemu-produkto_otaceni-forem-1.png&#8220; title_text=&#8220;Li\u0161ty s logy ke ka\u017ed\u00e9mu produkto_ot\u00e1\u010den\u00ed forem&#8220; align=&#8220;center&#8220; _builder_version=&#8220;4.18.0&#8243; _module_preset=&#8220;default&#8220; filter_saturate=&#8220;0%&#8220; filter_opacity=&#8220;60%&#8220; global_colors_info=&#8220;{}&#8220;][\/et_pb_image][\/et_pb_column][et_pb_column type=&#8220;1_2&#8243; _builder_version=&#8220;4.18.0&#8243; _module_preset=&#8220;default&#8220; custom_padding=&#8220;|2%|20px||false|false&#8220; sticky_limit_bottom=&#8220;row&#8220; global_colors_info=&#8220;{}&#8220;][et_pb_product_viewer gallery_ids=&#8220;340538,340540,340542,340544,340546,340548,340550,340552,340554,340556,340558,340560,340562,340564,340566,340568,340570,340572,340574,340576,340578,340580,340582,340584,340586,340588,340590,340592,340594,340596,340598,340600,340602,340604,340606,340608&#8243; _builder_version=&#8220;4.19.4&#8243; _module_preset=&#8220;default&#8220; global_colors_info=&#8220;{}&#8220;][\/et_pb_product_viewer][et_pb_video _builder_version=&#8220;4.27.0&#8243; _module_preset=&#8220;default&#8220; src=&#8220;https:\/\/youtu.be\/uAmvlCL4Q54&#8243; hover_enabled=&#8220;0&#8243; sticky_enabled=&#8220;0&#8243;][\/et_pb_video][\/et_pb_column][\/et_pb_row][et_pb_row _builder_version=&#8220;4.20.2&#8243; _module_preset=&#8220;default&#8220; global_colors_info=&#8220;{}&#8220;][et_pb_column type=&#8220;4_4&#8243; _builder_version=&#8220;4.20.2&#8243; _module_preset=&#8220;default&#8220; global_colors_info=&#8220;{}&#8220;][\/et_pb_column][\/et_pb_row][\/et_pb_section][et_pb_section fb_built=&#8220;1&#8243; disabled_on=&#8220;on|on|on&#8220; module_id=&#8220;prehled&#8220; _builder_version=&#8220;4.22.1&#8243; _module_preset=&#8220;default&#8220; background_color=&#8220;rgba(0,140,154,0.09)&#8220; da_disable_devices=&#8220;off|off|off&#8220; disabled=&#8220;on&#8220; global_module=&#8220;340902&#8243; global_colors_info=&#8220;{}&#8220; da_is_popup=&#8220;off&#8220; da_exit_intent=&#8220;off&#8220; da_has_close=&#8220;on&#8220; da_alt_close=&#8220;off&#8220; da_dark_close=&#8220;off&#8220; da_not_modal=&#8220;on&#8220; da_is_singular=&#8220;off&#8220; da_with_loader=&#8220;off&#8220; da_has_shadow=&#8220;on&#8220;][et_pb_row column_structure=&#8220;1_4,1_4,1_4,1_4&#8243; use_custom_gutter=&#8220;on&#8220; make_equal=&#8220;on&#8220; _builder_version=&#8220;4.19.4&#8243; _module_preset=&#8220;default&#8220; custom_margin=&#8220;7%|auto|4%|auto|false|false&#8220; custom_margin_tablet=&#8220;365px|auto||auto||&#8220; custom_margin_phone=&#8220;0px||||false|false&#8220; custom_margin_last_edited=&#8220;on|desktop&#8220; scroll_vertical_motion=&#8220;0|50|50|100|-1|0|1.5&#8243; sticky_position_tablet=&#8220;&#8220; sticky_position_phone=&#8220;&#8220; sticky_position_last_edited=&#8220;on|phone&#8220; scroll_vertical_motion_tablet=&#8220;0|50|50|100|-1|0|1.5&#8243; scroll_vertical_motion_phone=&#8220;0|50|50|100|0|0|0&#8243; scroll_vertical_motion_last_edited=&#8220;on|phone&#8220; global_colors_info=&#8220;{}&#8220;][et_pb_column type=&#8220;1_4&#8243; _builder_version=&#8220;4.17.4&#8243; _module_preset=&#8220;default&#8220; background_color=&#8220;RGBA(255,255,255,0)&#8220; box_shadow_style=&#8220;preset3&#8243; box_shadow_spread=&#8220;-80px&#8220; global_colors_info=&#8220;{}&#8220; box_shadow_spread__hover_enabled=&#8220;on|hover&#8220; box_shadow_spread__hover=&#8220;-6px&#8220; background_color__hover=&#8220;rgba(0,140,154,0.2)&#8220; background__hover_enabled=&#8220;on|hover&#8220; background_enable_color__hover=&#8220;on&#8220;][et_pb_blurb title=&#8220;Automatizovan\u00e1 doprava pap\u00edrov\u00fdch rol\u00ed&#8220; image=&#8220;https:\/\/www.prestar.cz\/wp-content\/uploads\/2022\/03\/Aut-2.png&#8220; image_icon_width=&#8220;100%&#8220; image_icon_width_tablet=&#8220;100%&#8220; image_icon_width_phone=&#8220;100%&#8220; image_icon_width_last_edited=&#8220;on|phone&#8220; _builder_version=&#8220;4.21.0&#8243; _module_preset=&#8220;default&#8220; header_font=&#8220;|800|||||||&#8220; header_text_align=&#8220;center&#8220; header_font_size=&#8220;19px&#8220; header_line_height=&#8220;1.3em&#8220; body_text_align=&#8220;center&#8220; custom_margin=&#8220;-30%||||false|false&#8220; custom_margin_tablet=&#8220;-130px||||false|false&#8220; custom_margin_phone=&#8220;0px||||false|false&#8220; custom_margin_last_edited=&#8220;on|desktop&#8220; custom_padding=&#8220;|10%|10%|10%|false|true&#8220; custom_padding_tablet=&#8220;|40px|50px|40px|false|true&#8220; custom_padding_phone=&#8220;40px|10px|40px|10px|true|true&#8220; custom_padding_last_edited=&#8220;on|phone&#8220; link_option_url=&#8220;\/automatizovana-doprava-papirovych-roli\/&#8220; border_width_all_image=&#8220;10px&#8220; border_color_all_image=&#8220;RGBA(255,255,255,0)&#8220; global_colors_info=&#8220;{}&#8220; border_width_all_image__hover=&#8220;0px&#8220; border_width_all_image__hover_enabled=&#8220;on|desktop&#8220;][\/et_pb_blurb][\/et_pb_column][et_pb_column type=&#8220;1_4&#8243; _builder_version=&#8220;4.17.4&#8243; _module_preset=&#8220;default&#8220; background_color=&#8220;RGBA(255,255,255,0)&#8220; box_shadow_style=&#8220;preset3&#8243; box_shadow_spread=&#8220;-80px&#8220; global_colors_info=&#8220;{}&#8220; box_shadow_spread__hover_enabled=&#8220;on|hover&#8220; box_shadow_spread__hover=&#8220;-6px&#8220; background_color__hover=&#8220;rgba(0,140,154,0.2)&#8220; background__hover_enabled=&#8220;on|hover&#8220; background_enable_color__hover=&#8220;on&#8220;][et_pb_blurb title=&#8220;Linka na st\u0159\u00edh\u00e1n\u00ed textili\u00ed&#8220; image=&#8220;https:\/\/www.prestar.cz\/wp-content\/uploads\/2022\/03\/Aut-3.png&#8220; image_icon_width=&#8220;100%&#8220; image_icon_width_tablet=&#8220;100%&#8220; image_icon_width_phone=&#8220;100%&#8220; image_icon_width_last_edited=&#8220;on|phone&#8220; _builder_version=&#8220;4.18.0&#8243; _module_preset=&#8220;default&#8220; header_font=&#8220;|800|||||||&#8220; header_text_align=&#8220;center&#8220; header_font_size=&#8220;19px&#8220; header_line_height=&#8220;1.3em&#8220; body_text_align=&#8220;center&#8220; custom_margin=&#8220;-30%||||false|false&#8220; custom_margin_tablet=&#8220;-130px||||false|false&#8220; custom_margin_phone=&#8220;0px||||false|false&#8220; custom_margin_last_edited=&#8220;on|desktop&#8220; custom_padding=&#8220;|10%|10%|10%|false|true&#8220; custom_padding_tablet=&#8220;|40px|50px|40px|false|true&#8220; custom_padding_phone=&#8220;40px|10px|40px|10px|true|true&#8220; custom_padding_last_edited=&#8220;on|phone&#8220; link_option_url=&#8220;https:\/\/www.prestar.cz\/nuzky-na-textilie\/&#8220; border_width_all_image=&#8220;10px&#8220; border_color_all_image=&#8220;RGBA(255,255,255,0)&#8220; global_colors_info=&#8220;{}&#8220; border_width_all_image__hover=&#8220;0px&#8220; border_width_all_image__hover_enabled=&#8220;on|desktop&#8220;][\/et_pb_blurb][\/et_pb_column][et_pb_column type=&#8220;1_4&#8243; _builder_version=&#8220;4.17.4&#8243; _module_preset=&#8220;default&#8220; background_color=&#8220;RGBA(255,255,255,0)&#8220; box_shadow_style=&#8220;preset3&#8243; box_shadow_spread=&#8220;-80px&#8220; global_colors_info=&#8220;{}&#8220; box_shadow_spread__hover_enabled=&#8220;on|hover&#8220; box_shadow_spread__hover=&#8220;-6px&#8220; background_color__hover=&#8220;rgba(0,140,154,0.2)&#8220; background__hover_enabled=&#8220;on|hover&#8220; background_enable_color__hover=&#8220;on&#8220;][et_pb_blurb title=&#8220;Za\u0159\u00edzen\u00ed pro ot\u00e1\u010den\u00ed forem&#8220; image=&#8220;https:\/\/www.prestar.cz\/wp-content\/uploads\/2022\/03\/Aut-4.png&#8220; image_icon_width=&#8220;100%&#8220; image_icon_width_tablet=&#8220;100%&#8220; image_icon_width_phone=&#8220;100%&#8220; image_icon_width_last_edited=&#8220;on|phone&#8220; _builder_version=&#8220;4.18.0&#8243; _module_preset=&#8220;default&#8220; header_font=&#8220;|800|||||||&#8220; header_text_align=&#8220;center&#8220; header_font_size=&#8220;19px&#8220; header_line_height=&#8220;1.3em&#8220; body_text_align=&#8220;center&#8220; custom_margin=&#8220;-30%||||false|false&#8220; custom_margin_tablet=&#8220;-130px||||false|false&#8220; custom_margin_phone=&#8220;0px||||false|false&#8220; custom_margin_last_edited=&#8220;on|desktop&#8220; custom_padding=&#8220;|10%|10%|10%|false|true&#8220; custom_padding_tablet=&#8220;|40px|50px|40px|false|true&#8220; custom_padding_phone=&#8220;40px|10px|40px|10px|true|true&#8220; custom_padding_last_edited=&#8220;on|phone&#8220; link_option_url=&#8220;https:\/\/www.prestar.cz\/zarizeni-na-otaceni-forem\/&#8220; border_width_all_image=&#8220;10px&#8220; border_color_all_image=&#8220;RGBA(255,255,255,0)&#8220; global_colors_info=&#8220;{}&#8220; border_width_all_image__hover=&#8220;0px&#8220; border_width_all_image__hover_enabled=&#8220;on|desktop&#8220;][\/et_pb_blurb][\/et_pb_column][et_pb_column type=&#8220;1_4&#8243; _builder_version=&#8220;4.18.0&#8243; _module_preset=&#8220;default&#8220; background_color=&#8220;RGBA(255,255,255,0)&#8220; box_shadow_style=&#8220;preset3&#8243; box_shadow_spread=&#8220;-80px&#8220; global_colors_info=&#8220;{}&#8220; background_color__hover=&#8220;rgba(0,140,154,0.2)&#8220; background__hover_enabled=&#8220;on|hover&#8220; box_shadow_spread__hover=&#8220;-6px&#8220; box_shadow_spread__hover_enabled=&#8220;on|hover&#8220; background_enable_color__hover=&#8220;on&#8220;][et_pb_blurb title=&#8220;Linka na t\u0159\u00edd\u011bn\u00ed palet&#8220; image=&#8220;https:\/\/www.prestar.cz\/wp-content\/uploads\/2022\/03\/Aut-1.png&#8220; image_icon_width=&#8220;100%&#8220; image_icon_width_tablet=&#8220;100%&#8220; image_icon_width_phone=&#8220;100%&#8220; image_icon_width_last_edited=&#8220;on|phone&#8220; _builder_version=&#8220;4.18.0&#8243; _module_preset=&#8220;default&#8220; header_font=&#8220;|800|||||||&#8220; header_text_align=&#8220;center&#8220; header_font_size=&#8220;19px&#8220; header_line_height=&#8220;1.3em&#8220; body_text_align=&#8220;center&#8220; custom_margin=&#8220;-30%||||false|false&#8220; custom_margin_tablet=&#8220;-130px||||false|false&#8220; custom_margin_phone=&#8220;0px||||false|false&#8220; custom_margin_last_edited=&#8220;on|desktop&#8220; custom_padding=&#8220;|10%|10%|10%|false|true&#8220; custom_padding_tablet=&#8220;|40px|50px|40px|false|true&#8220; custom_padding_phone=&#8220;40px|10px|40px|10px|true|true&#8220; custom_padding_last_edited=&#8220;on|phone&#8220; link_option_url=&#8220;https:\/\/www.prestar.cz\/linka-na-trideni-euro-palet\/&#8220; border_width_all_image=&#8220;10px&#8220; border_color_all_image=&#8220;RGBA(255,255,255,0)&#8220; global_colors_info=&#8220;{}&#8220; border_width_all_image__hover=&#8220;0px&#8220; border_width_all_image__hover_enabled=&#8220;on|desktop&#8220;][\/et_pb_blurb][\/et_pb_column][\/et_pb_row][et_pb_row _builder_version=&#8220;4.16&#8243; _module_preset=&#8220;default&#8220; custom_margin=&#8220;60px|auto||auto||&#8220; custom_padding=&#8220;||125px|||&#8220; global_colors_info=&#8220;{}&#8220;][et_pb_column type=&#8220;4_4&#8243; _builder_version=&#8220;4.16&#8243; _module_preset=&#8220;default&#8220; global_colors_info=&#8220;{}&#8220;][et_pb_text _builder_version=&#8220;4.16&#8243; _module_preset=&#8220;default&#8220; text_font=&#8220;|||on|||||&#8220; text_text_color=&#8220;#008C9A&#8220; custom_margin=&#8220;50px||-3px|||&#8220; custom_padding=&#8220;||8px|||&#8220; global_colors_info=&#8220;{}&#8220;]<\/p>\n<p style=\"text-align: center;\">Automatizace p\u0159in\u00e1\u0161\u00ed ovoce<\/p>\n<p>[\/et_pb_text][et_pb_text _builder_version=&#8220;4.18.0&#8243; _module_preset=&#8220;default&#8220; header_font=&#8220;|800|||||||&#8220; header_text_color=&#8220;#005E68&#8243; header_font_size=&#8220;40px&#8220; header_line_height=&#8220;1.3em&#8220; max_width=&#8220;800px&#8220; module_alignment=&#8220;center&#8220; custom_margin=&#8220;0px||||false|false&#8220; header_font_size_tablet=&#8220;40px&#8220; header_font_size_phone=&#8220;30px&#8220; header_font_size_last_edited=&#8220;on|desktop&#8220; global_colors_info=&#8220;{}&#8220;]<\/p>\n<h1 style=\"text-align: center;\">79% z\u00e1kazn\u00edk\u016f lituje, \u017ee rozhodnut\u00ed k automatizaci neu\u010dinili rychleji<\/h1>\n<p>[\/et_pb_text][\/et_pb_column][\/et_pb_row][\/et_pb_section]<\/p>\n","protected":false},"excerpt":{"rendered":"<p>Mould turning equipment; automation in industry; prestar; future; efficiency; savings; money <\/p>","protected":false},"author":1,"featured_media":0,"parent":0,"menu_order":0,"comment_status":"closed","ping_status":"closed","template":"","meta":{"_et_pb_use_builder":"on","_et_pb_old_content":"","_et_gb_content_width":"","inline_featured_image":false,"footnotes":""},"dipi_cpt_category":[],"class_list":["post-340919","page","type-page","status-publish","hentry"],"_links":{"self":[{"href":"https:\/\/www.prestar.cz\/en\/wp-json\/wp\/v2\/pages\/340919","targetHints":{"allow":["GET"]}}],"collection":[{"href":"https:\/\/www.prestar.cz\/en\/wp-json\/wp\/v2\/pages"}],"about":[{"href":"https:\/\/www.prestar.cz\/en\/wp-json\/wp\/v2\/types\/page"}],"author":[{"embeddable":true,"href":"https:\/\/www.prestar.cz\/en\/wp-json\/wp\/v2\/users\/1"}],"replies":[{"embeddable":true,"href":"https:\/\/www.prestar.cz\/en\/wp-json\/wp\/v2\/comments?post=340919"}],"version-history":[{"count":13,"href":"https:\/\/www.prestar.cz\/en\/wp-json\/wp\/v2\/pages\/340919\/revisions"}],"predecessor-version":[{"id":351710,"href":"https:\/\/www.prestar.cz\/en\/wp-json\/wp\/v2\/pages\/340919\/revisions\/351710"}],"wp:attachment":[{"href":"https:\/\/www.prestar.cz\/en\/wp-json\/wp\/v2\/media?parent=340919"}],"wp:term":[{"taxonomy":"dipi_cpt_category","embeddable":true,"href":"https:\/\/www.prestar.cz\/en\/wp-json\/wp\/v2\/dipi_cpt_category?post=340919"}],"curies":[{"name":"wp","href":"https:\/\/api.w.org\/{rel}","templated":true}]}}