{"id":345294,"date":"2022-11-11T16:08:39","date_gmt":"2022-11-11T15:08:39","guid":{"rendered":"https:\/\/www.prestar.cz\/?page_id=345294"},"modified":"2024-01-25T09:32:45","modified_gmt":"2024-01-25T08:32:45","slug":"packing-instruction","status":"publish","type":"page","link":"https:\/\/www.prestar.cz\/en\/balici-navod\/","title":{"rendered":"Packing instructions"},"content":{"rendered":"<p>[et_pb_section fb_built=&#8220;1&#8243; custom_padding_last_edited=&#8220;on|desktop&#8220; module_id=&#8220;balici_stroje&#8220; _builder_version=&#8220;4.17.6&#8243; _module_preset=&#8220;default&#8220; background_color=&#8220;rgba(0,140,154,0.09)&#8220; custom_margin=&#8220;||||false|false&#8220; custom_padding=&#8220;0px|6%|3%|6%|false|true&#8220; custom_padding_tablet=&#8220;0px|6%|3%|6%|false|true&#8220; custom_padding_phone=&#8220;0px|0%|3%|0%|false|true&#8220; da_disable_devices=&#8220;off|off|off&#8220; global_colors_info=&#8220;{}&#8220; da_is_popup=&#8220;off&#8220; da_exit_intent=&#8220;off&#8220; da_has_close=&#8220;on&#8220; da_alt_close=&#8220;off&#8220; da_dark_close=&#8220;off&#8220; da_not_modal=&#8220;on&#8220; da_is_singular=&#8220;off&#8220; da_with_loader=&#8220;off&#8220; da_has_shadow=&#8220;on&#8220;][et_pb_row use_custom_gutter=&#8220;on&#8220; gutter_width=&#8220;2&#8243; make_equal=&#8220;on&#8220; _builder_version=&#8220;4.19.0&#8243; _module_preset=&#8220;default&#8220; background_color=&#8220;RGBA(255,255,255,0)&#8220; width=&#8220;95%&#8220; max_width=&#8220;1000px&#8220; module_alignment=&#8220;center&#8220; custom_margin=&#8220;|0px||0px|false|true&#8220; custom_padding=&#8220;5%|0px||0px|false|true&#8220; border_radii=&#8220;on|30px|30px|30px|30px&#8220; global_colors_info=&#8220;{}&#8220;][et_pb_column type=&#8220;4_4&#8243; _builder_version=&#8220;4.17.6&#8243; _module_preset=&#8220;default&#8220; background_color=&#8220;#FFFFFF&#8220; custom_padding=&#8220;0%|0%||5%|false|false&#8220; sticky_limit_bottom=&#8220;section&#8220; border_radii=&#8220;on|30px|30px|30px|30px&#8220; global_colors_info=&#8220;{}&#8220;][et_pb_text _builder_version=&#8220;4.19.0&#8243; _module_preset=&#8220;default&#8220; header_font=&#8220;|800|||||||&#8220; header_text_color=&#8220;#005E68&#8243; header_font_size=&#8220;40px&#8220; header_line_height=&#8220;1.6em&#8220; module_alignment=&#8220;left&#8220; custom_margin=&#8220;5%||||false|false&#8220; custom_padding=&#8220;|0px||0px|false|true&#8220; header_font_size_tablet=&#8220;40px&#8220; header_font_size_phone=&#8220;30px&#8220; header_font_size_last_edited=&#8220;on|desktop&#8220; global_colors_info=&#8220;{}&#8220;]<\/p>\n<h1 style=\"text-align: left;\">Bal\u00edc\u00ed n\u00e1vod<\/h1>\n<p>[\/et_pb_text][et_pb_text _builder_version=&#8220;4.19.0&#8243; _module_preset=&#8220;default&#8220; header_2_font=&#8220;|700|||||||&#8220; header_2_text_color=&#8220;#00343A&#8220; header_2_line_height=&#8220;1.8em&#8220; text_orientation=&#8220;justified&#8220; module_alignment=&#8220;left&#8220; custom_margin=&#8220;||5%||false|false&#8220; custom_padding=&#8220;|5%|||false|false&#8220; global_colors_info=&#8220;{}&#8220;]<\/p>\n<h2>1. \u00da\u010cEL A ROZSAH PLATNOSTI<\/h2>\n<p>Tento n\u00e1vod pro dodavatele je z\u00e1vazn\u00fd pro v\u0161echny dod\u00e1vky do firmy odb\u011bratele. D\u00edky jeho dodr\u017eov\u00e1n\u00ed lze v\u00fdznamn\u011b p\u0159isp\u011bt k dodr\u017een\u00ed kvality dod\u00e1vek.<br \/>Jsou zn\u00e1zorn\u011bna obecn\u011b platn\u00e1 ujedn\u00e1n\u00ed a ustanoven\u00ed, kter\u00e1 pro intern\u00ed a extern\u00ed dodavatele plat\u00ed jako vod\u00edtko pro balen\u00ed a dod\u00e1v\u00e1n\u00ed.<br \/>Nedodr\u017een\u00ed balic\u00edho n\u00e1vodu lze br\u00e1t jako poru\u0161en\u00ed po\u017eadavk\u016f na kvalitu firmy Prestar, s.r.o.<\/p>\n<p>Rozsah platnosti se vztahuje na v\u0161echny dodavatele a subdodavatele spole\u010dnosti Prestar, s.r.o. Speci\u00e1ln\u011b u\u010din\u011bn\u00e9 \u00famluvy ohledn\u011b balen\u00ed a dod\u00e1v\u00e1n\u00ed z\u016fst\u00e1vaj\u00ed t\u00edmto nedot\u010deny. Zm\u011bny na z\u00e1klad\u011b technologick\u00e9ho pokroku jsou vyhrazeny.<\/p>\n<p>POZOR! N\u00e1vod je platn\u00fd i pro intern\u00ed dodavatele Prestar, s.r.o. tzn. nap\u0159\u00edklad pro:<br \/>\u2022 Sklad jako intern\u00ed dodavatel pro v\u00fdrobu<br \/>\u2022 3D m\u011b\u0159en\u00ed a vstupn\u00ed kontrola kvality jako intern\u00ed dodavatel pro sklad a v\u00fdrobu<br \/>\u2022 Mont\u00e1\u017e jako intern\u00ed dodavatel pro logistiku (p\u0159\u00edprava d\u00edl\u016f do kooperace)<\/p>\n<h2>2. Z\u00c1SADA<\/h2>\n<p>Je odpov\u011bdnost\u00ed intern\u00edho i extern\u00edho dodavatele zajistit, aby byly v\u0161echny dod\u00e1van\u00e9 v\u00fdrobky \u0159\u00e1dn\u011b a adekv\u00e1tn\u011b nakonzervovan\u00e9, chr\u00e1n\u011bn\u00e9, zabalen\u00e9 a ozna\u010den\u00e9 tak, aby bezpe\u010dn\u011b dos\u00e1hly m\u00edsta ur\u010den\u00ed.<\/p>\n<p>P\u0159i nedodr\u017een\u00ed balic\u00edho n\u00e1vodu m\u016f\u017ee b\u00fdt dodavatel vyzv\u00e1n k u\u010din\u011bn\u00ed n\u00e1pravn\u00fdch opat\u0159en\u00ed. Nav\u00edc m\u016f\u017ee b\u00fdt dodavatel \u010din\u011bn odpov\u011bdn\u00fdm za jak\u00e9koliv dodate\u010dn\u00e9 n\u00e1klady, kter\u00e9 vzniknou v souvislosti s p\u0159ebalov\u00e1n\u00edm, manipulac\u00ed nebo likvidac\u00ed odpadu a rovn\u011b\u017e za \u00fajmu na kvalit\u011b v d\u016fsledku neadekv\u00e1tn\u00edho nebo zne\u010di\u0161t\u011bn\u00e9ho obalu.<\/p>\n<h2>3. PO\u017dADAVKY NA BALEN\u00cd<\/h2>\n<p>V\u00fdb\u011br zp\u016fsobu balen\u00ed se \u0159\u00edd\u00ed podle vlastnost\u00ed v\u00fdrobku, po\u017eadavk\u016f na ochranu, druhu p\u0159epravy a dan\u00fdch skute\u010dnost\u00ed u dodavatele.<\/p>\n<p>Nehled\u011b k v\u00fdb\u011bru balen\u00ed mus\u00ed dodavatel zajistit, aby dod\u00e1vka posta\u010dovala n\u00e1sleduj\u00edc\u00edm po\u017eadavk\u016fm:<\/p>\n<p>\u2022 D\u00edly je t\u0159eba dodat bez \u00fajmy na kvalit\u011b a prost\u00e9 ne\u010distot.<\/p>\n<p>\u2022 P\u0159epravn\u00ed obaly by m\u011bly zaru\u010dovat bezpe\u010dnou a snadnou manipulaci b\u011bhem vykl\u00e1dky a rovn\u011b\u017e b\u011bhem p\u0159epravy prost\u0159edky pro pozemn\u00ed dopravu.<\/p>\n<p>\u2022 Vytv\u00e1\u0159en\u00ed \u00fa\u010deln\u00fdch n\u00e1kladov\u00fdch jednotek a efektivn\u00ed vyu\u017e\u00edv\u00e1n\u00ed kapacit.<\/p>\n<p>\u2022 Dostate\u010dn\u00e9 p\u0159epravn\u00ed zaji\u0161t\u011bn\u00ed.<\/p>\n<p>\u2022 Bezpe\u010dn\u00e1 a snadn\u00e1 manipulace p\u0159i vyj\u00edm\u00e1n\u00ed d\u00edl\u016f z obalu.<\/p>\n<p>\u2022 \u0158\u00e1dn\u00e9 ozna\u010den\u00ed (viz ZVL\u00c1\u0160TN\u00cd BOD OZNA\u010cEN\u00cd). Ka\u017ed\u00e1 dod\u00e1van\u00e1 polo\u017eka mus\u00ed b\u00fdt ozna\u010den\u00e1. Respektujte p\u0159itom n\u00e1vod Povinnost ozna\u010den\u00ed.<\/p>\n<p>\u2022 Jeden v\u00fdrobek (d\u00edly jednoho \u010d\u00edsla) na ka\u017ed\u00e9 jednotkov\u00e9 balen\u00ed. Skl\u00e1d\u00e1-li se d\u00edl z v\u00edce jednotliv\u00fdch d\u00edl\u016f, je t\u0159eba tyto ozna\u010dit tak, aby je bylo mo\u017en\u00e9 p\u0159i\u0159adit. P\u0159i v\u00edce p\u0159edmontovan\u00fdch konstruk\u010dn\u00edch skupin\u00e1ch je t\u0159eba voln\u00e9 jednotliv\u00e9 d\u00edly (\u0161rouby, pru\u017einy, z\u00e1tky atd.) jednotliv\u00fdch konstruk\u010dn\u00edch skupin p\u0159ilo\u017eit samostatn\u011b (nap\u0159. p\u0159ipevnit s\u00e1\u010dek na jednotlivou konstruk\u010dn\u00ed skupinu).<\/p>\n<p>\u2022 Nelze-li se vyvarovat sm\u00ed\u0161en\u00e9ho svazku, je t\u0159eba d\u00edly z\u0159eteln\u011b viditeln\u011b odd\u011blit a \u00fa\u010deln\u011b zorganizovat.<\/p>\n<p>\u2022 M\u016f\u017ee-li sesmeknut\u00edm nebo t\u0159en\u00edm doj\u00edt k po\u0161kozen\u00ed, je t\u0159eba pou\u017e\u00edt p\u0159ep\u00e1\u017eky.<\/p>\n<p>\u2022 Citliv\u00e9 d\u00edly je t\u0159eba \u0159\u00e1dn\u011b vypolstrovat.<\/p>\n<p>\u2022 Obalov\u00fd materi\u00e1l nesm\u00ed ovlivnit \u010distotu a kvalitu d\u00edl\u016f.<\/p>\n<p>\u2022 Snadno koroduj\u00edc\u00ed d\u00edly je t\u0159eba na dobu p\u0159epravy a skladov\u00e1n\u00ed (nejm\u00e9n\u011b po dobu 3 m\u011bs\u00edc\u016f) balit v such\u00e9m, nekoroduj\u00edc\u00edm prost\u0159ed\u00ed. Druh pou\u017eit\u00e9ho antikorozn\u00edho materi\u00e1lu se \u0159\u00edd\u00ed podle citlivosti balen\u00e9ho materi\u00e1lu, p\u0159epravn\u00edch podm\u00ednek, doby p\u0159epravy a skladovac\u00edch podm\u00ednek (indoor \/outdoor).<\/p>\n<p>\u2022 Balen\u00ed, kter\u00e1 se zvedaj\u00ed ru\u010dn\u011b, by nem\u011bla b\u00fdt t\u011b\u017e\u0161\u00ed ne\u017e 20 kg. Balen\u00ed s hmotnost\u00ed nad 20 kg je t\u0159eba v\u017edy dod\u00e1vat na palet\u00e1ch.<\/p>\n<p>\u2022 D\u00edly je t\u0159eba v r\u00e1mci nosi\u010de n\u00e1kladu uspo\u0159\u00e1dat tak, aby byla hmotnost rovnom\u011brn\u011b rozd\u011blen\u00e1. To sam\u00e9 plat\u00ed pro polohov\u00e1n\u00ed jednotliv\u00fdch obalov\u00fdch jednotek na nosi\u010di n\u00e1kladu. Nen\u00ed-li to v od\u016fvodn\u011bn\u00fdch a odsouhlasen\u00fdch p\u0159\u00edpadech mo\u017en\u00e9, mus\u00ed b\u00fdt toto z\u0159eteln\u011b viditeln\u011b ozna\u010deno (pozor na p\u0159esunut\u00ed t\u011b\u017ei\u0161t\u011b).<\/p>\n<p>\u2022 Velikost nosi\u010de n\u00e1kladu by m\u011bla odpov\u00eddat balen\u00e9mu zbo\u017e\u00ed. U p\u0159e\u010dn\u00edvaj\u00edc\u00edch d\u00edl\u016f je t\u0159eba db\u00e1t na \u0159\u00e1dnou a dostate\u010dnou ochranu proti n\u00e1raz\u016fm.<\/p>\n<p>\u2022 V\u0161echny dut\u00e9 prostory je t\u0159eba vyplnit tak, aby se d\u00edly p\u0159i p\u0159eprav\u011b a manipulaci nemohly sesmeknout. Toto neplat\u00ed pro n\u00e1sypn\u00fd materi\u00e1l jako nap\u0159\u00edklad \u0161rouby, matice atd.<\/p>\n<p>\u2022 Pou\u017eije-li se polstrovac\u00ed materi\u00e1l, je t\u0159eba db\u00e1t, aby byl snadno a rychle odstraniteln\u00fd a co mo\u017en\u00e1 nejvhodn\u011bj\u0161\u00ed pro recyklaci. V maxim\u00e1ln\u00ed m\u00ed\u0159e je t\u0159eba upustit od voln\u00e9ho v\u00fdpl\u0148ov\u00e9ho materi\u00e1lu, balic\u00edch od\u0159ezk\u016f, materi\u00e1lu ze skartova\u010dek, novinov\u00e9ho pap\u00edru, d\u0159evit\u00e9 vlny atd.<\/p>\n<p>\u2022 D\u00edly s povrchovou \u00fapravou je t\u0159eba zabalit odoln\u011b proti po\u0161kr\u00e1b\u00e1n\u00ed. Speci\u00e1ln\u00ed pozornost je t\u0159eba v\u011bnovat zach\u00e1zen\u00ed s brou\u0161en\u00fdmi d\u00edly. Brou\u0161en\u00e9 d\u00edly se nesm\u00ed pokl\u00e1dat na sebe a obecn\u011b<\/p>\n<p>se s nimi mus\u00ed p\u0159i manipulaci zach\u00e1zet tak, aby nedo\u0161lo k \u017e\u00e1dn\u00e9mu po\u0161kozen\u00ed povrchu.<\/p>\n<h2>4. OZNA\u010cEN\u00cd<\/h2>\n<p>Ka\u017ed\u00e1 polo\u017eka mus\u00ed b\u00fdt ozna\u010dena. Respektujte p\u0159itom n\u00e1vod Povinnost ozna\u010den\u00ed.<\/p>\n<p>Bez v\u00fdjimky v\u0161echny d\u00edly mus\u00ed b\u00fdt za \u00fa\u010delem jednozna\u010dn\u00e9 identifikace dod\u00e1ny \u0159\u00e1dn\u011b ozna\u010den\u00e9.<\/p>\n<p>Po\u017eadavky na ozna\u010den\u00ed:<\/p>\n<p>Z ka\u017ed\u00e9ho d\u00edlu mus\u00ed b\u00fdt mo\u017en\u00e9 zjistit n\u00e1sleduj\u00edc\u00ed informace:<\/p>\n<p>\u2022 Materi\u00e1lov\u00e9 \u010d\u00edslo<\/p>\n<p>\u2022 Objednac\u00ed \u010d\u00edslo a polo\u017eka objedn\u00e1vky<\/p>\n<p>\u2022 V p\u0159\u00edpad\u011b pot\u0159eby \u010d\u00edslo reklamace<\/p>\n<p>\u2022 Po\u010det kus\u016f<\/p>\n<p>&nbsp;<\/p>\n<p>\u2022 Nen\u00ed-li ozna\u010den\u00ed ka\u017ed\u00e9ho jednotliv\u00e9ho d\u00edlu \u00fa\u010deln\u00e9 (technicky nebo hospod\u00e1\u0159sky (nap\u0159. \u0161rouby)), je t\u0159eba d\u00edly zabalit do adekv\u00e1tn\u00ed obalov\u00e9 schr\u00e1nky, na kterou je znovu t\u0159eba um\u00edstit v\u00fd\u0161e uveden\u00e9 informace.<\/p>\n<p>\u2022 Doporu\u010duje se popis strojov\u00fdm p\u00edsmem (etiketa). Popis by m\u011bl b\u00fdt \u010dern\u00fd na b\u00edl\u00e9m podkladu pro doc\u00edlen\u00ed co nejvy\u0161\u0161\u00edho kontrastu.<\/p>\n<p>\u2022 Ozna\u010den\u00ed nesm\u00ed ovlivnit \u010distotu a kvalitu d\u00edl\u016f. Zvl\u00e1\u0161t\u011b je t\u0159eba db\u00e1t na to, aby bylo mo\u017en\u00e9 p\u0159\u00edpadn\u00e9 popisky\/etiketov\u00e1n\u00ed beze zbytku odstranit.<\/p>\n<p>\u2022 Ozna\u010den\u00ed by m\u011blo b\u00fdt kdykoliv a v ka\u017ed\u00e9 poloze co nejsnadn\u011bji viditeln\u00e9. U velk\u00fdch d\u00edl\u016f se doporu\u010duje p\u0159ipevn\u011bn\u00ed druh\u00e9ho ozna\u010den\u00ed stejn\u00e9ho druhu.<\/p>\n<h2>5. DODAC\u00cd DOKUMENTY<\/h2>\n<p>Dodac\u00ed dokumenty a rovn\u011b\u017e pr\u016fvodn\u00ed podklady (nap\u0159. protokoly o zkou\u0161ce, doklady o p\u016fvodu atd.) maj\u00ed b\u00fdt v \u010dist\u00e9 form\u011b p\u0159ed\u00e1ny pracovn\u00edk\u016fm skladu.<\/p>\n<p>Jedn\u00e1-li se speci\u00e1ln\u00ed dod\u00e1vky (reklamace, odstran\u011bn\u00ed z\u00e1vad, rychl\u00e9 zm\u011bny atd.), je t\u0159eba toto pracovn\u00edk\u016fm skladu zvl\u00e1\u0161\u0165 sd\u011blit. Je t\u0159eba p\u0159ilo\u017eit zvl\u00e1\u0161tn\u00ed dokumenty (rychl\u00e1 zm\u011bna).<\/p>\n<h2>6. DOD\u00c1V\u00c1N\u00cd<\/h2>\n<p>Dodavatel\u00e9 jsou \u017e\u00e1d\u00e1ni, aby se p\u0159ihl\u00e1sili u pultu skladov\u00e9 oblasti.<\/p>\n<p>P\u0159i dod\u00e1n\u00ed osobn\u00edm automobilem\/n\u00e1kladn\u00edm automobilem je t\u0159eba respektovat ozna\u010den\u00ed parkovac\u00edch m\u00edst na ploch\u00e1ch prostranstv\u00ed p\u0159ed skladem. V are\u00e1lu spole\u010dnosti Prestar, s.r.o. plat\u00ed j\u00edzda krokem a mimo\u0159\u00e1dn\u00e1 pozornost na pohyb osob. M\u00e1 b\u00fdt db\u00e1no na dod\u00e1v\u00e1n\u00ed vhodn\u00fdmi a snadno vylo\u017eiteln\u00fdmi p\u0159epravn\u00edmi vozidly.<\/p>\n<p>Je t\u0159eba respektovat doby pro dod\u00e1v\u00e1n\u00ed:<\/p>\n<p>Pond\u011bl\u00ed a\u017e p\u00e1tek: 06:00 h \u2013 14:00 h<\/p>\n<p>P\u0159i v\u00fdjimk\u00e1ch, sp\u011b\u0161n\u00fdch dod\u00e1vk\u00e1ch (nap\u0159. zp\u011btn\u00e9 dod\u00e1vky, reklamace atd.), kter\u00e9 maj\u00ed b\u00fdt dod\u00e1ny mimo doby pro dod\u00e1v\u00e1n\u00ed, je nutno kontaktovat p\u0159\u00edslu\u0161n\u00e9ho n\u00e1kup\u010d\u00edho.<\/p>\n<p>Vyd\u00e1n\u00ed poskytovan\u00fdch d\u00edl\u016f je mo\u017en\u00e9 v\u00fdhradn\u011b u pultu skladov\u00e9 oblasti.<\/p>\n<p>&nbsp;<\/p>\n<h2>7. SHRNUT\u00cd<\/h2>\n<h2><img loading=\"lazy\" decoding=\"async\" src=\"https:\/\/www.prestar.cz\/wp-content\/uploads\/2022\/11\/Navod-na-baleni-1-300x121.jpg\" width=\"300\" height=\"121\" alt=\"\" class=\"wp-image-345297 alignnone size-medium\" \/><\/h2>\n<p>V\u0161echny dut\u00e9 prostory je t\u0159eba vyplnit tak, aby se d\u00edly p\u0159i p\u0159eprav\u011b a manipulaci nemohly sesmeknout.<\/p>\n<p>&nbsp;<\/p>\n<h2><img loading=\"lazy\" decoding=\"async\" src=\"https:\/\/www.prestar.cz\/wp-content\/uploads\/2022\/11\/Navod-na-baleni-2-300x127.jpg\" width=\"300\" height=\"127\" alt=\"\" class=\"wp-image-345299 alignnone size-medium\" \/><\/h2>\n<p>Balen\u00ed, kter\u00e1 se zvedaj\u00ed ru\u010dn\u011b, by nemela byt te\u017e\u0161\u00ed ne\u2265 20 kg.\u00a0Balen\u00ed s hmotnosti nad 20 kg je treba vidy dod\u00e1vat na palet\u00e1ch.<\/p>\n<p>&nbsp;<\/p>\n<h2><img loading=\"lazy\" decoding=\"async\" src=\"https:\/\/www.prestar.cz\/wp-content\/uploads\/2022\/11\/Navod-na-baleni-3-300x100.jpg\" width=\"300\" height=\"100\" alt=\"\" class=\"wp-image-345301 alignnone size-medium\" \/><\/h2>\n<p>Nosi\u010d n\u00e1kladu je t\u0159eba zabalit tak, aby se hmotnost rovnom\u011brn\u011b rozlo\u017eila na plochu. Nen\u00ed-li toto mo\u017en\u00e9, mus\u00ed byt toto z\u0159eteln\u011b viditeln\u011b ozna\u010deno (pozor na p\u0159esunut\u00ed t\u011b\u017ei\u0161t\u011b).<\/p>\n<p>&nbsp;<\/p>\n<h2><img loading=\"lazy\" decoding=\"async\" src=\"https:\/\/www.prestar.cz\/wp-content\/uploads\/2022\/11\/Navod-na-baleni-4-300x118.jpg\" width=\"300\" height=\"118\" alt=\"\" class=\"wp-image-345303 alignnone size-medium\" \/><\/h2>\n<p>D\u00edly je t\u0159eba v r\u00e1mci nosi\u010de n\u00e1kladu uspo\u0159\u00e1dat tak, aby byla hmotnost rovnom\u011brn\u011b rozd\u011blen\u00e1. To sam\u00e9 plat\u00ed pro polohov\u00e1ni jednotliv\u00fdch obalov\u00fdch jednotek na nosi\u010di n\u00e1kladu.\u00a0Citliv\u00e9 d\u00edly je t\u0159eba \u0159\u00e1dn\u011b vypolstrovat.<\/p>\n<p>&nbsp;<\/p>\n<h2><img loading=\"lazy\" decoding=\"async\" src=\"https:\/\/www.prestar.cz\/wp-content\/uploads\/2022\/11\/Navod-na-baleni-5-300x101.jpg\" width=\"300\" height=\"101\" alt=\"\" class=\"wp-image-345305 alignnone size-medium\" \/><\/h2>\n<p>Kapacitu nosi\u010de n\u00e1kladu je t\u0159eba podle \u00fa\u010deln\u00e9ho posouzeni optim\u00e1ln\u011b vyu\u017e\u00edt. Je t\u0159eba db\u00e1t na v\u00fdb\u011br p\u0159im\u011b\u0159en\u00e9ho nosi\u010de n\u00e1kladu.<\/p>\n<p>&nbsp;<\/p>\n<h2><img loading=\"lazy\" decoding=\"async\" src=\"https:\/\/www.prestar.cz\/wp-content\/uploads\/2022\/11\/Navod-na-baleni-6-300x84.jpg\" width=\"300\" height=\"84\" alt=\"\" class=\"wp-image-345307 alignnone size-medium\" \/><\/h2>\n<p>P\u0159i balen\u00ed t\u011b\u017ek\u00fdch anebo velmi velk\u00fdch d\u00edl\u016f do d\u0159ev\u011bn\u00fdch beden, bedn\u011bn\u00ed, p\u0159epravn\u00edch pom\u016fcek nebo palet je t\u0159eba zajistit, aby byly vlo\u017eky tvarovan\u00e9 tak, aby byl n\u00e1klad \u0159\u00e1dn\u011b zaji\u0161t\u011bn\u00fd proti sesmeknut\u00ed.<\/p>\n<p>&nbsp;<\/p>\n<h2><img loading=\"lazy\" decoding=\"async\" src=\"https:\/\/www.prestar.cz\/wp-content\/uploads\/2022\/11\/Navod-na-baleni-7-300x87.jpg\" width=\"300\" height=\"87\" alt=\"\" class=\"wp-image-345309 alignnone size-medium\" \/><\/h2>\n<p>Je nezbytn\u00e9 dostate\u010dn\u00e9 p\u0159epravn\u00ed zaji\u0161t\u011bn\u00ed. Je t\u0159eba db\u00e1t, aby byly hrany chr\u00e1n\u011bn\u00e9 vhodn\u00fdm polstrovac\u00edm materi\u00e1lem.\u00a0V\u00e1lcovit\u00e9 d\u00edly je t\u0159eba p\u0159\u00edpadn\u011b podep\u0159\u00edt p\u0159i\u0161roubovan\u00fdmi hranami.<\/p>\n<p>&nbsp;<\/p>\n<h2><img loading=\"lazy\" decoding=\"async\" src=\"https:\/\/www.prestar.cz\/wp-content\/uploads\/2022\/11\/Navod-na-baleni-8-300x104.jpg\" width=\"300\" height=\"104\" alt=\"\" class=\"wp-image-345311 alignnone size-medium\" \/><\/h2>\n<p>Nen\u00ed-li ozna\u010den\u00ed ka\u017ed\u00e9ho jednotliv\u00e9ho d\u00edlu \u00fa\u010deln\u00e9 (technicky nebo hospod\u00e1\u0159sk\u00fd (nap\u0159. \u0161rouby)), je t\u0159eba d\u00edly zabalit do adekv\u00e1tn\u00ed obalov\u00e9 schr\u00e1nky.<\/p>\n<p>&nbsp;<\/p>\n<h2><img loading=\"lazy\" decoding=\"async\" src=\"https:\/\/www.prestar.cz\/wp-content\/uploads\/2022\/11\/Navod-na-baleni-9-300x89.jpg\" width=\"300\" height=\"89\" alt=\"\" class=\"wp-image-345313 alignnone size-medium\" \/><\/h2>\n<p>D\u00edly je t\u0159eba dodat bez \u00fajmy na kvalit\u011b a prost\u00e9 ne\u010distot.\u00a0Obalov\u00fd materi\u00e1l nesm\u00ed ovlivnit \u010distotu a kvalitu d\u00edl\u016f.<\/p>\n<p>&nbsp;<\/p>\n<h2><img loading=\"lazy\" decoding=\"async\" src=\"https:\/\/www.prestar.cz\/wp-content\/uploads\/2022\/11\/Navod-na-baleni-10-300x89.jpg\" width=\"300\" height=\"89\" alt=\"\" class=\"wp-image-345315 alignnone size-medium\" \/><\/h2>\n<p>Nelze-li se vyvarovat sm\u00ed\u0161en\u00e9ho svazku, je t\u0159eba d\u00edly z\u0159eteln\u011b viditeln\u011b ozna\u010dit a \u00fa\u010deln\u011b zorganizovat.<\/p>\n<p>&nbsp;<\/p>\n<h2><img loading=\"lazy\" decoding=\"async\" src=\"https:\/\/www.prestar.cz\/wp-content\/uploads\/2022\/11\/Navod-na-baleni-11-300x94.jpg\" width=\"300\" height=\"94\" alt=\"\" class=\"wp-image-345317 alignnone size-medium\" \/><\/h2>\n<p>Pou\u017eije-li se polstrovaci materi\u00e1l, je t\u0159eba db\u00e1t, aby byl snadno a rychle odstraniteln\u00fd a co mo\u017en\u00e1 nejvhodn\u011bj\u0161\u00ed pro recyklaci. V maxim\u00e1ln\u00ed m\u00ed\u0159e je t\u0159eba upustit od voln\u00e9ho v\u00fdpl\u0148ov\u00e9ho materi\u00e1lu, bal\u00edc\u00edch od\u0159ezk\u016f, materi\u00e1lu ze skartova\u010dek, novinov\u00e9ho pap\u00edru, d\u0159evit\u00e9 vlny atd.<\/p>\n<p>&nbsp;<\/p>\n<h2><img loading=\"lazy\" decoding=\"async\" src=\"https:\/\/www.prestar.cz\/wp-content\/uploads\/2022\/11\/Navod-na-baleni-12-300x72.jpg\" width=\"300\" height=\"72\" alt=\"\" class=\"wp-image-345319 alignnone size-medium\" \/><\/h2>\n<p>Velikost nosi\u010de n\u00e1kladu by m\u011bla odpov\u00eddat balen\u00e9mu zbo\u017e\u00ed.\u00a0U p\u0159e\u010dn\u00edvaj\u00edc\u00edch d\u00edl\u016f je t\u0159eba db\u00e1t na \u0159\u00e1dnou a dostate\u010dnou ochranu proti n\u00e1raz\u016fm.<\/p>\n<p>&nbsp;<\/p>\n<h2><img loading=\"lazy\" decoding=\"async\" src=\"https:\/\/www.prestar.cz\/wp-content\/uploads\/2022\/11\/Navod-na-baleni-13-300x67.jpg\" width=\"300\" height=\"67\" alt=\"\" class=\"wp-image-345321 alignnone size-medium\" \/><\/h2>\n<p>M\u016f\u017ee-li sesmeknutim nebo t\u0159en\u00edm dojit k po\u0161kozen\u00ed,\u00a0je t\u0159eba pou\u017e\u00edt p\u0159ep\u00e1\u017eky\/odd\u011blovac\u00ed materi\u00e1l.\u00a0D\u00edly s povrchovou \u00fapravou je obecn\u00e9 t\u0159eba zabalit odoln\u00e9 proti po\u0161kr\u00e1b\u00e1ni.<\/p>\n<p>[\/et_pb_text][\/et_pb_column][\/et_pb_row][\/et_pb_section]<\/p>\n","protected":false},"excerpt":{"rendered":"<p>Packaging; instructions; information; free; efficiency; automation; savings; technology <\/p>","protected":false},"author":1,"featured_media":0,"parent":0,"menu_order":0,"comment_status":"closed","ping_status":"closed","template":"","meta":{"_et_pb_use_builder":"on","_et_pb_old_content":"","_et_gb_content_width":"","inline_featured_image":false,"footnotes":""},"dipi_cpt_category":[],"class_list":["post-345294","page","type-page","status-publish","hentry"],"_links":{"self":[{"href":"https:\/\/www.prestar.cz\/en\/wp-json\/wp\/v2\/pages\/345294","targetHints":{"allow":["GET"]}}],"collection":[{"href":"https:\/\/www.prestar.cz\/en\/wp-json\/wp\/v2\/pages"}],"about":[{"href":"https:\/\/www.prestar.cz\/en\/wp-json\/wp\/v2\/types\/page"}],"author":[{"embeddable":true,"href":"https:\/\/www.prestar.cz\/en\/wp-json\/wp\/v2\/users\/1"}],"replies":[{"embeddable":true,"href":"https:\/\/www.prestar.cz\/en\/wp-json\/wp\/v2\/comments?post=345294"}],"version-history":[{"count":5,"href":"https:\/\/www.prestar.cz\/en\/wp-json\/wp\/v2\/pages\/345294\/revisions"}],"predecessor-version":[{"id":351484,"href":"https:\/\/www.prestar.cz\/en\/wp-json\/wp\/v2\/pages\/345294\/revisions\/351484"}],"wp:attachment":[{"href":"https:\/\/www.prestar.cz\/en\/wp-json\/wp\/v2\/media?parent=345294"}],"wp:term":[{"taxonomy":"dipi_cpt_category","embeddable":true,"href":"https:\/\/www.prestar.cz\/en\/wp-json\/wp\/v2\/dipi_cpt_category?post=345294"}],"curies":[{"name":"wp","href":"https:\/\/api.w.org\/{rel}","templated":true}]}}