{"id":345694,"date":"2022-12-24T11:18:46","date_gmt":"2022-12-24T10:18:46","guid":{"rendered":"https:\/\/www.prestar.cz\/?page_id=345694"},"modified":"2025-09-19T11:21:19","modified_gmt":"2025-09-19T09:21:19","slug":"protection-of-personal-data","status":"publish","type":"page","link":"https:\/\/www.prestar.cz\/en\/ochrana-osobnich-udaju\/","title":{"rendered":"Data protection"},"content":{"rendered":"<p>[et_pb_section fb_built=&#8220;1&#8243; custom_padding_last_edited=&#8220;on|desktop&#8220; module_id=&#8220;balici_stroje&#8220; _builder_version=&#8220;4.17.6&#8243; _module_preset=&#8220;default&#8220; background_color=&#8220;rgba(0,140,154,0.09)&#8220; custom_margin=&#8220;||||false|false&#8220; custom_padding=&#8220;0px|6%|3%|6%|false|true&#8220; custom_padding_tablet=&#8220;0px|6%|3%|6%|false|true&#8220; custom_padding_phone=&#8220;0px|0%|3%|0%|false|true&#8220; da_disable_devices=&#8220;off|off|off&#8220; global_colors_info=&#8220;{}&#8220; da_is_popup=&#8220;off&#8220; da_exit_intent=&#8220;off&#8220; da_has_close=&#8220;on&#8220; da_alt_close=&#8220;off&#8220; da_dark_close=&#8220;off&#8220; da_not_modal=&#8220;on&#8220; da_is_singular=&#8220;off&#8220; da_with_loader=&#8220;off&#8220; da_has_shadow=&#8220;on&#8220;][et_pb_row use_custom_gutter=&#8220;on&#8220; gutter_width=&#8220;2&#8243; make_equal=&#8220;on&#8220; _builder_version=&#8220;4.19.0&#8243; _module_preset=&#8220;default&#8220; background_color=&#8220;RGBA(255,255,255,0)&#8220; width=&#8220;95%&#8220; max_width=&#8220;1000px&#8220; module_alignment=&#8220;center&#8220; custom_margin=&#8220;|0px||0px|false|true&#8220; custom_padding=&#8220;|0px||0px|false|true&#8220; border_radii=&#8220;on|30px|30px|30px|30px&#8220; global_colors_info=&#8220;{}&#8220;][et_pb_column type=&#8220;4_4&#8243; _builder_version=&#8220;4.17.6&#8243; _module_preset=&#8220;default&#8220; background_color=&#8220;#FFFFFF&#8220; custom_padding=&#8220;0%|0%||5%|false|false&#8220; sticky_limit_bottom=&#8220;section&#8220; border_radii=&#8220;on|30px|30px|30px|30px&#8220; global_colors_info=&#8220;{}&#8220;][et_pb_text _builder_version=&#8220;4.19.0&#8243; _module_preset=&#8220;default&#8220; header_font=&#8220;|800|||||||&#8220; header_text_color=&#8220;#005E68&#8243; header_font_size=&#8220;40px&#8220; header_line_height=&#8220;1.6em&#8220; module_alignment=&#8220;left&#8220; custom_margin=&#8220;5%||||false|false&#8220; custom_padding=&#8220;|0px||0px|false|true&#8220; header_font_size_tablet=&#8220;40px&#8220; header_font_size_phone=&#8220;30px&#8220; header_font_size_last_edited=&#8220;on|desktop&#8220; global_colors_info=&#8220;{}&#8220;]<\/p>\n<h1 style=\"text-align: left;\">Z\u00e1sady ochrany osobn\u00edch \u00fadaj\u016f<\/h1>\n<p>[\/et_pb_text][et_pb_text _builder_version=&#8220;4.27.4&#8243; _module_preset=&#8220;default&#8220; header_2_font=&#8220;|700|||||||&#8220; header_2_text_color=&#8220;#00343A&#8220; header_2_line_height=&#8220;1.8em&#8220; header_3_font=&#8220;|700|||||||&#8220; header_3_font_size=&#8220;20px&#8220; header_3_line_height=&#8220;1.7em&#8220; text_orientation=&#8220;justified&#8220; module_alignment=&#8220;left&#8220; custom_margin=&#8220;||5%||false|false&#8220; custom_padding=&#8220;|5%|||false|false&#8220; hover_enabled=&#8220;0&#8243; global_colors_info=&#8220;{}&#8220; sticky_enabled=&#8220;0&#8243;]<\/p>\n<p>Tyto z\u00e1sady zpracov\u00e1n\u00ed osobn\u00edch \u00fadaj\u016f (d\u00e1le jen \u201eZ\u00e1sady\u201c) popisuj\u00ed zp\u016fsob z\u00edsk\u00e1v\u00e1n\u00ed, pou\u017e\u00edv\u00e1n\u00ed a dal\u0161\u00edho nakl\u00e1d\u00e1n\u00ed s osobn\u00edmi \u00fadaji z\u00edskan\u00fdmi prost\u0159ednictv\u00edm webov\u00e9ho rozhran\u00ed www.prestar.cz (d\u00e1le jen \u201ewebov\u00e9 rozhran\u00ed\u201c)<\/p>\n<h2>Spr\u00e1vce osobn\u00edch \u00fadaj\u016f:<\/h2>\n<p>Prestar, s.r.o., se s\u00eddlem V\u00e1vrovick\u00e1 287\/101,\u00a0747 07 Opava,\u00a0I\u010cO: 64609219,\u00a0DI\u010c: CZ64609219<\/p>\n<h2>Kontaktn\u00ed \u00fadaje spr\u00e1vce osobn\u00edch \u00fadaj\u016f:<\/h2>\n<p>Adresa pro doru\u010dov\u00e1n\u00ed: Prestar, s.r.o., se s\u00eddlem V\u00e1vrovick\u00e1 287\/101,\u00a0747 07 Opava<br \/>Telefonn\u00ed \u010d\u00edslo: +420 553 759 720<br \/>Kontaktn\u00ed e-mail: prestar@prestar.cz<br \/>Ochrana osobn\u00edch \u00fadaj\u016f je pro n\u00e1s velice d\u016fle\u017eit\u00e1. Pros\u00edme o d\u016fsledn\u00e9 sezn\u00e1men\u00ed se s t\u011bmito Podm\u00ednkami, kter\u00e9 obsahuj\u00ed d\u016fle\u017eit\u00e9 informace t\u00fdkaj\u00edc\u00ed se nakl\u00e1d\u00e1n\u00ed s Va\u0161imi osobn\u00edmi \u00fadaji a souvisej\u00edc\u00edch pr\u00e1v a povinnost\u00ed.<\/p>\n<h2>1. \u00davodn\u00ed ustanoven\u00ed<\/h2>\n<h3>1.1. \u010c\u00edm se \u0159\u00edd\u00edme p\u0159i nakl\u00e1d\u00e1n\u00ed s osobn\u00edmi \u00fadaji?<\/h3>\n<p>P\u0159i nakl\u00e1d\u00e1n\u00ed s osobn\u00edmi \u00fadaji postupujeme v souladu s pr\u00e1vn\u00edm \u0159\u00e1dem \u010cesk\u00e9 republiky a p\u0159\u00edmo aplikovateln\u00fdmi p\u0159edpisy Evropsk\u00e9 unie, zejm\u00e9na Na\u0159\u00edzen\u00ed Evropsk\u00e9ho parlamentu a Rady (EU) 2016\/679 ze dne 27. dubna 2016 o ochran\u011b fyzick\u00fdch osob v souvislosti se zpracov\u00e1n\u00edm osobn\u00edch \u00fadaj\u016f a o voln\u00e9m pohybu t\u011bchto \u00fadaj\u016f, a se z\u00e1konem \u010d. 101\/2000 Sb., o ochran\u011b osobn\u00edch \u00fadaj\u016f, ve zn\u011bn\u00ed pozd\u011bj\u0161\u00edch p\u0159edpis\u016f (d\u00e1le jen \u201eZOO\u00da\u201c) a z\u00e1konem \u010d. 480\/2004 Sb., o n\u011bkter\u00fdch slu\u017eb\u00e1ch informa\u010dn\u00ed spole\u010dnosti a o zm\u011bn\u011b n\u011bkter\u00fdch z\u00e1kon\u016f, ve zn\u011bn\u00ed pozd\u011bj\u0161\u00edch p\u0159edpis\u016f.<\/p>\n<h3>1.2. Co jsou osobn\u00ed \u00fadaje?<\/h3>\n<p>Osobn\u00edmi \u00fadaji se rozum\u00ed ve\u0161ker\u00e9 informace, kter\u00e9 identifikuj\u00ed nebo mohou identifikovat konkr\u00e9tn\u00ed fyzickou osobu. Osobn\u00edmi \u00fadaji jsou zejm\u00e9na (av\u0161ak nikoliv v\u00fdlu\u010dn\u011b):<br \/>identifika\u010dn\u00ed \u00fadaje, jako nap\u0159. jm\u00e9no a p\u0159\u00edjmen\u00ed, rodn\u00e9 \u010d\u00edslo, datum narozen\u00ed, pohlav\u00ed, p\u0159ihla\u0161ovac\u00ed jm\u00e9no do u\u017eivatelsk\u00e9ho \u00fa\u010dtu;<br \/>kontaktn\u00ed \u00fadaje, jako nap\u0159. adresa bydli\u0161t\u011b (nebo doru\u010dovac\u00ed adresa), telefonn\u00ed \u010d\u00edslo, emailov\u00e1 adresa;<br \/>dal\u0161\u00ed \u00fadaje, jako nap\u0159. informace z\u00edskan\u00e9 pomoc\u00ed soubor\u016f cookies, IP adresa (s\u00ed\u0165ov\u00fd identifik\u00e1tor) v\u010detn\u011b typu prohl\u00ed\u017ee\u010de, za\u0159\u00edzen\u00ed a opera\u010dn\u00edho syst\u00e9mu, doby a po\u010dtu p\u0159\u00edstup\u016f na webov\u00e9 rozhran\u00ed a dal\u0161\u00ed obdobn\u00e9 informace.<\/p>\n<h2>2. Z\u00edsk\u00e1v\u00e1n\u00ed a vyu\u017e\u00edv\u00e1n\u00ed osobn\u00edch \u00fadaj\u016f<\/h2>\n<h3>2.1. Jak z\u00edsk\u00e1v\u00e1me va\u0161e osobn\u00ed \u00fadaje?<\/h3>\n<p>Sv\u00e9 osobn\u00ed \u00fadaje n\u00e1m poskytujete zejm\u00e9na p\u0159i vypln\u011bn\u00ed objedn\u00e1vky, p\u0159\u00edpadn\u011b p\u0159i z\u0159\u00edzen\u00ed u\u017eivatelsk\u00e9ho \u00fa\u010dtu.<br \/>P\u0159i n\u00e1v\u0161t\u011bv\u011b a u\u017e\u00edv\u00e1n\u00ed webov\u00e9ho rozhran\u00ed m\u016f\u017ee d\u00e1le doch\u00e1zet k z\u00edsk\u00e1v\u00e1n\u00ed a ukl\u00e1d\u00e1n\u00ed n\u011bkter\u00fdch osobn\u00edch \u00fadaj\u016f prost\u0159ednictv\u00edm soubor\u016f cookies. V\u00edce o souborech cookies se do\u010dtete v \u010dl\u00e1nku 5 t\u011bchto Z\u00e1sad.<\/p>\n<h3>2.2. Na jak\u00e9m z\u00e1klad\u011b a pro jak\u00e9 \u00fa\u010dely zpracov\u00e1v\u00e1me va\u0161e osobn\u00ed \u00fadaje?<\/h3>\n<p>Osobn\u00ed \u00fadaje zad\u00e1van\u00e9 p\u0159i objedn\u00e1n\u00ed na\u0161ich slu\u017eeb m\u016f\u017eeme bez va\u0161eho v\u00fdslovn\u00e9ho souhlasu shroma\u017e\u010fovat a zpracov\u00e1vat v\u00fdlu\u010dn\u011b za \u00fa\u010delem pln\u011bn\u00ed smlouvy, tedy za \u00fa\u010delem poskytnut\u00ed slu\u017eeb. D\u00e1le m\u016f\u017eeme tyto \u00fadaje zpracov\u00e1vat za \u00fa\u010delem spln\u011bn\u00ed na\u0161ich z\u00e1konem stanoven\u00fdch povinnost\u00ed (zejm\u00e9na eviden\u010dn\u00ed povinnosti, archivace da\u0148ov\u00fdch doklad\u016f apod.).<br \/>Osobn\u00ed \u00fadaje zadan\u00e9 p\u0159i zalo\u017een\u00ed u\u017eivatelsk\u00e9ho \u00fa\u010dtu m\u016f\u017eeme bez va\u0161eho v\u00fdslovn\u00e9ho souhlasu shroma\u017e\u010fovat a zpracov\u00e1vat v\u00fdlu\u010dn\u011b za \u00fa\u010delem umo\u017en\u011bn\u00ed p\u0159\u00edstupu, spr\u00e1vy a veden\u00ed u\u017eivatelsk\u00e9ho \u00fa\u010dtu.<br \/>Va\u0161i e-mailovou adresu jsme opr\u00e1vn\u011bni vyu\u017e\u00edt pro zas\u00edl\u00e1n\u00ed obchodn\u00edch sd\u011blen\u00ed t\u00fdkaj\u00edc\u00edch se na\u0161ich slu\u017eeb, kter\u00e9 jste si u n\u00e1s sjednali. Zas\u00edl\u00e1n\u00ed obchodn\u00edch sd\u011blen\u00ed m\u016f\u017eete kdykoliv odm\u00edtnout.<br \/>Pokud n\u00e1m k tomu potvrzen\u00edm na webov\u00e9m rozhran\u00ed d\u00e1te souhlas, m\u016f\u017eeme va\u0161e osobn\u00ed \u00fadaje zadan\u00e9 na webov\u00e9m rozhran\u00ed, zejm\u00e9na p\u0159i vypln\u011bn\u00ed objedn\u00e1vky nebo p\u0159i zalo\u017een\u00ed u\u017eivatelsk\u00e9ho \u00fa\u010dtu zpracov\u00e1vat za \u00fa\u010delem zas\u00edl\u00e1n\u00ed obchodn\u00edch sd\u011blen\u00ed a p\u0159\u00edm\u00e9ho marketingu, p\u0159\u00edpadn\u011b za dal\u0161\u00edmi \u00fa\u010dely, se kter\u00fdmi jste v\u00fdslovn\u011b souhlasili.<br \/>Osobn\u00ed \u00fadaje z\u00edsk\u00e1van\u00e9 prost\u0159ednictv\u00edm soubor\u016f cookies zpracov\u00e1v\u00e1me na z\u00e1klad\u011b va\u0161eho souhlasu (kter\u00fd m\u016f\u017eete ud\u011blit potvrzen\u00edm na webov\u00e9m rozhran\u00ed pot\u00e9, co jste byli na pou\u017e\u00edv\u00e1n\u00ed cookies upozorn\u011bni a m\u011bli jste mo\u017enost sezn\u00e1mit se s t\u011bmito Z\u00e1sadami). Osobn\u00ed \u00fadaje z\u00edsk\u00e1van\u00e9 prost\u0159ednictv\u00edm soubor\u016f cookies jsme opr\u00e1vn\u011bni zpracov\u00e1vat i v p\u0159\u00edpad\u011b, \u017ee d\u00e1le u\u017e\u00edv\u00e1te webov\u00e9 rozhran\u00ed i pot\u00e9, co jste byli na zpracov\u00e1n\u00ed t\u011bchto osobn\u00edch \u00fadaj\u016f upozorn\u011bni. Osobn\u00ed \u00fadaje z\u00edsk\u00e1van\u00e9 prost\u0159ednictv\u00edm soubor\u016f cookies vyu\u017e\u00edv\u00e1me pro \u00fa\u010dely prov\u00e1d\u011bn\u00ed u\u017eivatelsk\u00e9 podpory, zlep\u0161ov\u00e1n\u00ed na\u0161ich slu\u017eeb v\u010detn\u011b anal\u00fdzy chov\u00e1n\u00ed u\u017eivatel\u016f a marketingu.<br \/>Pou\u017e\u00edt va\u0161e osobn\u00ed \u00fadaje k jin\u00e9mu \u00fa\u010delu, ne\u017e pro kter\u00fd byly z\u00edsk\u00e1ny, m\u016f\u017eeme jen na z\u00e1klad\u011b va\u0161eho souhlasu.<\/p>\n<h3>2.3. Po jak dlouhou dobu \u00fadaje vyu\u017e\u00edv\u00e1me?<\/h3>\n<p>Osobn\u00ed \u00fadaje zadan\u00e9 v r\u00e1mci objedn\u00e1v\u00e1n\u00ed zbo\u017e\u00ed nebo v r\u00e1mci registrace vyu\u017e\u00edv\u00e1me pouze po dobu nezbytnou pro spln\u011bn\u00ed smlouvy a spln\u011bn\u00ed pr\u00e1vn\u00edch povinnost\u00ed.<br \/>Pokud n\u00e1m ud\u011bl\u00edte v\u00fdslovn\u00fd souhlas se zpracov\u00e1n\u00edm osobn\u00edch \u00fadaj\u016f nebo pokud u\u017e\u00edv\u00e1me va\u0161i e-mailovou adresu pro zas\u00edl\u00e1n\u00ed obchodn\u00edch sd\u011blen\u00ed v souladu s p\u0159edchoz\u00edm \u010dl\u00e1nkem, budou \u00fadaje vyu\u017eity po dobu fungov\u00e1n\u00ed webov\u00e9ho rozhran\u00ed.<\/p>\n<h2>3. Va\u0161e pr\u00e1va v souvislosti s osobn\u00edmi \u00fadaji<\/h2>\n<h3>3.1. Pr\u00e1vo na odvol\u00e1n\u00ed souhlasu se zpracov\u00e1n\u00edm osobn\u00edch \u00fadaj\u016f<\/h3>\n<p>Pokud zpracov\u00e1v\u00e1me va\u0161e osobn\u00ed \u00fadaje jen na z\u00e1klad\u011b va\u0161eho souhlasu (tj. bez jin\u00e9ho z\u00e1konn\u00e9ho d\u016fvodu), m\u016f\u017eete tento souhlas kdykoliv odvolat.<br \/>Odvol\u00e1n\u00ed souhlasu se zpracov\u00e1n\u00edm va\u0161ich osobn\u00edch \u00fadaj\u016f je mo\u017en\u00e9 kdykoliv, a to:<br \/>prost\u0159ednictv\u00edm e-mailu zaslan\u00e9ho na na\u0161i kontaktn\u00ed e-mailovou adresu info@avogado.cz;<br \/>p\u00edsemn\u011b formou dopisu zaslan\u00e9ho na na\u0161i doru\u010dovac\u00ed adresu;<br \/>v p\u0159\u00edpad\u011b obchodn\u00edch sd\u011blen\u00ed \u2013 zp\u016fsobem, kter\u00fd je uveden v ka\u017ed\u00e9m e-mailu obsahuj\u00edc\u00edm obchodn\u00ed sd\u011blen\u00ed (kliknut\u00edm na odhla\u0161ovac\u00ed odkaz nebo jin\u00fdm zp\u016fsobem)<br \/>Odvol\u00e1n\u00edm souhlasu nen\u00ed dot\u010dena z\u00e1konnost zpracov\u00e1n\u00ed \u00fadaj\u016f prov\u00e1d\u011bn\u00e9ho do doby odvol\u00e1n\u00ed souhlasu se zpracov\u00e1n\u00edm.<\/p>\n<h3>3.2. Pr\u00e1vo na p\u0159\u00edstup k osobn\u00edm \u00fadaj\u016fm<\/h3>\n<p>M\u00e1te pr\u00e1vo n\u00e1s po\u017e\u00e1dat o informaci, zda prov\u00e1d\u00edme zpracov\u00e1n\u00ed va\u0161ich osobn\u00edch \u00fadaj\u016f. Pokud va\u0161e \u00fadaje zpracov\u00e1v\u00e1me, m\u00e1te pr\u00e1vo na p\u0159\u00edstup k t\u011bmto osobn\u00edm \u00fadaj\u016fm a zejm\u00e9na k n\u00e1sleduj\u00edc\u00edm informac\u00edm:<br \/>\u00fa\u010del zpracov\u00e1n\u00ed;<br \/>kategorie zpracov\u00e1van\u00fdch osobn\u00edch \u00fadaj\u016f;<br \/>p\u0159\u00edjemci nebo kategorie p\u0159\u00edjemc\u016f, kter\u00fdm budou osobn\u00ed \u00fadaje zp\u0159\u00edstupn\u011bny;<br \/>doba, po kterou budou osobn\u00ed \u00fadaje ulo\u017eeny.<br \/>Na va\u0161i \u017e\u00e1dost v\u00e1m poskytneme kopii zpracov\u00e1van\u00fdch \u00fadaj\u016f. Za dal\u0161\u00ed kopie v\u00e1m m\u016f\u017eeme \u00fa\u010dtovat administrativn\u00ed poplatek nep\u0159evy\u0161uj\u00edc\u00ed n\u00e1klady spojen\u00e9 s vyhotoven\u00edm a p\u0159ed\u00e1n\u00edm t\u011bchto dal\u0161\u00edch kopi\u00ed.<\/p>\n<h3>3.3. Pr\u00e1vo na opravu<\/h3>\n<p>Pokud jsou va\u0161e osobn\u00ed \u00fadaje nep\u0159esn\u00e9 nebo ne\u00fapln\u00e9, m\u00e1te pr\u00e1vo po\u017eadovat bezodkladnou n\u00e1pravu, tj. opravu nep\u0159esn\u00fdch \u00fadaj\u016f a\/nebo dopln\u011bn\u00ed ne\u00fapln\u00fdch \u00fadaj\u016f.<\/p>\n<h3>3.4. Pr\u00e1vo vzn\u00e9st n\u00e1mitku proti zpracov\u00e1n\u00ed<\/h3>\n<p>M\u00e1te pr\u00e1vo kdykoliv vzn\u00e9st n\u00e1mitku proti zpracov\u00e1n\u00ed va\u0161ich osobn\u00edch \u00fadaj\u016f, pokud je zpracov\u00e1v\u00e1me pro \u00fa\u010dely p\u0159\u00edm\u00e9ho marketingu v\u010detn\u011b jak\u00e9hokoliv automatizovan\u00e9ho zpracov\u00e1n\u00ed osobn\u00edch \u00fadaj\u016f. Po vznesen\u00ed n\u00e1mitky p\u0159estaneme va\u0161e osobn\u00ed \u00fadaje pro tyto \u00fa\u010dely d\u00e1le zpracov\u00e1vat.<\/p>\n<h3>3.5. Pr\u00e1vo na v\u00fdmaz (\u201epr\u00e1vo b\u00fdt zapomenut\u201c)<\/h3>\n<p>M\u00e1te pr\u00e1vo po\u017eadovat, abychom va\u0161e osobn\u00ed \u00fadaje smazali, pokud:<br \/>osobn\u00ed \u00fadaje ji\u017e nejsou pot\u0159ebn\u00e9 pro \u00fa\u010dely, pro kter\u00e9 byly shrom\u00e1\u017ed\u011bny nebo zpracov\u00e1v\u00e1ny;<br \/>jste odvolali souhlas se zpracov\u00e1n\u00edm;<br \/>jste vznesli n\u00e1mitky proti zpracov\u00e1n\u00ed osobn\u00edch \u00fadaj\u016f;<br \/>osobn\u00ed \u00fadaje byly zpracov\u00e1v\u00e1ny protipr\u00e1vn\u011b.<br \/>Pokud neexistuj\u00ed z\u00e1konn\u00e9 d\u016fvody pro odm\u00edtnut\u00ed vymaz\u00e1n\u00ed, jsme povinni va\u0161\u00ed \u017e\u00e1dosti vyhov\u011bt.<\/p>\n<h3>3.6. Pr\u00e1vo na omezen\u00ed zpracov\u00e1n\u00ed<\/h3>\n<p>M\u00e1te pr\u00e1vo po\u017eadovat, abychom omezili zpracov\u00e1n\u00ed va\u0161ich osobn\u00edch \u00fadaj\u016f, pokud:<br \/>pop\u00edr\u00e1te p\u0159esnost sv\u00fdch osobn\u00edch \u00fadaj\u016f;<br \/>je zpracov\u00e1n\u00ed protipr\u00e1vn\u00ed a vy nam\u00edsto v\u00fdmazu \u017e\u00e1d\u00e1te o omezen\u00ed zpracov\u00e1n\u00ed osobn\u00edch \u00fadaj\u016f;<br \/>ji\u017e va\u0161e osobn\u00ed \u00fadaje nepot\u0159ebujeme pro \u00fa\u010dely zpracov\u00e1n\u00ed, ale vy je po\u017eadujete pro ur\u010den\u00ed, v\u00fdkon \u010di obhajobu pr\u00e1vn\u00edch n\u00e1rok\u016f;<br \/>vznesete n\u00e1mitku proti zpracov\u00e1n\u00ed.<br \/>P\u0159i omezen\u00ed zpracov\u00e1n\u00ed jsme pouze opr\u00e1vn\u011bni va\u0161e osobn\u00ed \u00fadaje ulo\u017eit; dal\u0161\u00ed zpracov\u00e1n\u00ed je mo\u017en\u00e9 jen s va\u0161\u00edm souhlasem, nebo ze z\u00e1konn\u00fdch d\u016fvod\u016f.<br \/>Pokud je zpracov\u00e1n\u00ed osobn\u00edch \u00fadaj\u016f omezeno z d\u016fvodu n\u00e1mitky proti zpracov\u00e1n\u00ed, trv\u00e1 omezen\u00ed po dobu nutnou pro zji\u0161t\u011bn\u00ed, zda jsme povinni va\u0161\u00ed n\u00e1mitce vyhov\u011bt.<br \/>Pokud je zpracov\u00e1n\u00ed osobn\u00edch \u00fadaj\u016f omezeno z d\u016fvodu pop\u0159en\u00ed p\u0159esnosti \u00fadaj\u016f, trv\u00e1 omezen\u00ed po dobu ov\u011b\u0159en\u00ed p\u0159esnosti \u00fadaj\u016f.<\/p>\n<h3>3.7. Pr\u00e1vo na p\u0159enositelnost \u00fadaj\u016f<\/h3>\n<p>M\u00e1te pr\u00e1vo na z\u00edsk\u00e1n\u00ed va\u0161ich osobn\u00edch \u00fadaj\u016f, kter\u00e9 jste n\u00e1m poskytli, ve strukturovan\u00e9m, b\u011b\u017en\u011b pou\u017e\u00edvan\u00e9m a strojov\u011b \u010diteln\u00e9m form\u00e1tu a jejich p\u0159ed\u00e1n\u00ed jin\u00e9mu spr\u00e1vci osobn\u00edch \u00fadaj\u016f.<\/p>\n<h3>3.8. Jak m\u016f\u017eete sv\u00e1 pr\u00e1va uplatnit?<\/h3>\n<p>Va\u0161e pr\u00e1va v souvislosti s osobn\u00edmi \u00fadaji m\u016f\u017eete uplatnit prost\u0159ednictv\u00edm na\u0161ich kontaktn\u00edch \u00fadaj\u016f. Ve\u0161ker\u00e9 informace a \u00fakony v\u00e1m budou poskytnuty bez zbyte\u010dn\u00e9ho odkladu.<br \/>P\u0159i ochran\u011b va\u0161ich osobn\u00edch \u00fadaj\u016f v\u00e1m vyjdeme maxim\u00e1ln\u011b vst\u0159\u00edc. Pokud ov\u0161em s vy\u0159\u00edzen\u00edm nebudete spokojeni, m\u00e1te pr\u00e1vo obr\u00e1tit se na p\u0159\u00edslu\u0161n\u00e9 org\u00e1ny, zejm\u00e9na na \u00da\u0159ad pro ochranu osobn\u00edch \u00fadaj\u016f (http:\/\/www.uoou.cz), kter\u00fd vykon\u00e1v\u00e1 dozor nad ochranou osobn\u00edch \u00fadaj\u016f. T\u00edmto ustanoven\u00edm nen\u00ed dot\u010deno va\u0161e opr\u00e1vn\u011bn\u00ed obr\u00e1tit se se sv\u00fdm podn\u011btem na \u00da\u0159ad pro ochranu osobn\u00edch \u00fadaj\u016f p\u0159\u00edmo.<br \/>Pokud se zejm\u00e9na va\u0161e bydli\u0161t\u011b, m\u00edsto v\u00fdkonu zam\u011bstn\u00e1n\u00ed nebo m\u00edsto \u00fadajn\u00e9ho poru\u0161en\u00ed ochrany osobn\u00edch \u00fadaj\u016f nach\u00e1z\u00ed mimo \u010ceskou republiku v jin\u00e9m \u010dlensk\u00e9m st\u00e1t\u011b Evropsk\u00e9 unie, m\u016f\u017eete se obr\u00e1tit na p\u0159\u00edslu\u0161n\u00fd dozorov\u00fd \u00fa\u0159ad v tomto \u010dlensk\u00e9m st\u00e1t\u011b.<\/p>\n<h2>4. Spr\u00e1va a zpracov\u00e1n\u00ed osobn\u00edch \u00fadaj\u016f<\/h2>\n<h3>4.1. Jak spravujeme a zpracov\u00e1v\u00e1me va\u0161e osobn\u00ed \u00fadaje?<\/h3>\n<p>Jsme spr\u00e1vcem osobn\u00edch \u00fadaj\u016f ve smyslu ZOO\u00da a GDPR. Va\u0161e osobn\u00ed \u00fadaje pro pln\u011bn\u00ed d\u00edl\u010d\u00edch \u00fakol\u016f zpracov\u00e1vaj\u00ed extern\u00ed spole\u010dnosti nap\u0159. da\u0148ov\u00fd poradce, \u00fa\u010detn\u00ed, subdodavatel\u00e9, extern\u00ed firmy zaji\u0161\u0165uj\u00edc\u00ed marketing, HR, p\u0159\u00edpadn\u011b m\u016f\u017eeme pov\u011b\u0159it i jin\u00e9 zpracovatele osobn\u00edch \u00fadaj\u016f. Kdo konkr\u00e9tn\u011b va\u0161e osobn\u00ed \u00fadaje zpracov\u00e1v\u00e1, v\u00e1m sd\u011bl\u00edme na z\u00e1klad\u011b dotazu.<br \/>Osobn\u00ed i dal\u0161\u00ed z\u00edsk\u00e1van\u00e9 \u00fadaje jsou pln\u011b zabezpe\u010deny proti zneu\u017eit\u00ed. Osobn\u00ed \u00fadaje budou zpracov\u00e1v\u00e1ny v elektronick\u00e9 podob\u011b automatizovan\u00fdm zp\u016fsobem nebo v ti\u0161t\u011bn\u00e9 podob\u011b neautomatizovan\u00fdm zp\u016fsobem.<\/p>\n<h3>4.2. Komu p\u0159ed\u00e1v\u00e1me va\u0161e osobn\u00ed \u00fadaje?<\/h3>\n<p>V rozsahu, jak\u00fd je nutn\u00fd pro spln\u011bn\u00ed smlouvy nebo dal\u0161\u00edch povinnost\u00ed, jsme opr\u00e1vn\u011bni va\u0161e osobn\u00ed \u00fadaje p\u0159ed\u00e1vat i dal\u0161\u00edm osob\u00e1m (nap\u0159. l\u00e9ka\u0159\u016fm, znalc\u016fm, advok\u00e1t\u016fm, policejn\u00edm org\u00e1n\u016fm, poji\u0161\u0165ovn\u00e1m). Osobn\u00ed \u00fadaje nep\u0159ed\u00e1v\u00e1me \u017e\u00e1dn\u00e9 dal\u0161\u00ed osob\u011b.<br \/>Va\u0161e osobn\u00ed \u00fadaje mohou b\u00fdt p\u0159ed\u00e1v\u00e1ny do st\u00e1t\u016f mimo Evropskou unii, nap\u0159. v p\u0159\u00edpad\u011b \u0159e\u0161en\u00ed pojistn\u00fdch a \u0161kodn\u00edch ud\u00e1lost\u00ed v zahrani\u010d\u00ed.<\/p>\n<h2>5. Soubory cookies<\/h2>\n<h3>5.1. Co jsou to cookies?<\/h3>\n<p>Cookies jsou textov\u00e9 soubory ukl\u00e1dan\u00e9 do po\u010d\u00edta\u010de nebo jin\u00e9ho elektronick\u00e9ho za\u0159\u00edzen\u00ed ka\u017ed\u00e9ho n\u00e1v\u0161t\u011bvn\u00edka webov\u00e9ho rozhran\u00ed, kter\u00e9 umo\u017e\u0148uj\u00ed fungov\u00e1n\u00ed webov\u00e9ho rozhran\u00ed.<br \/>Ne v\u0161echny cookies shroma\u017e\u010fuj\u00ed osobn\u00ed \u00fadaje; n\u011bkter\u00e9 pouze umo\u017e\u0148uj\u00ed spr\u00e1vn\u00e9 fungov\u00e1n\u00ed webov\u00e9ho rozhran\u00ed. Pou\u017e\u00edv\u00e1n\u00ed soubor\u016f cookies m\u016f\u017eete odm\u00edtnout volbou v p\u0159\u00edslu\u0161n\u00e9m nastaven\u00ed v internetov\u00e9m prohl\u00ed\u017ee\u010di.<br \/>Upozor\u0148ujeme na to, \u017ee p\u0159i odm\u00edtnut\u00ed pou\u017e\u00edv\u00e1n\u00ed soubor\u016f cookies nen\u00ed vylou\u010deno, \u017ee nebudete moci pln\u011b vyu\u017e\u00edvat ve\u0161ker\u00e9 funkce webov\u00e9ho rozhran\u00ed.<\/p>\n<h3>5.2. Jak\u00e9 cookies a pro jak\u00e9 \u00fa\u010dely je webov\u00e9 rozhran\u00ed vyu\u017e\u00edv\u00e1?<\/h3>\n<p>Webov\u00e9 rozhran\u00ed pou\u017e\u00edv\u00e1 rela\u010dn\u00ed (do\u010dasn\u00e9) cookies, kter\u00e9 jsou automaticky maz\u00e1ny po ukon\u010den\u00ed prohl\u00ed\u017een\u00ed webov\u00e9ho rozhran\u00ed. D\u00e1le vyu\u017e\u00edv\u00e1 trval\u00e9 cookies, kter\u00e9 z\u016fst\u00e1vaj\u00ed ve va\u0161em za\u0159\u00edzen\u00ed, dokud je nesma\u017eete.<br \/>Cookies, kter\u00e9 vyu\u017e\u00edv\u00e1 webov\u00e9 rozhran\u00ed, jsou n\u00e1sleduj\u00edc\u00ed:<br \/>cookies prvn\u00ed strany \u2013 tyto cookies jsou p\u0159i\u0159azeny k dom\u00e9n\u011b na\u0161eho webu; jedn\u00e1 se o nezbytn\u00e9 cookies a v\u00fdkonnostn\u00ed cookies, mohou b\u00fdt do\u010dasn\u00e9 nebo trval\u00e9;<br \/>nezbytn\u00e9 cookies \u2013 umo\u017e\u0148uj\u00ed navigaci na webov\u00e9m rozhran\u00ed a vyu\u017e\u00edv\u00e1n\u00ed z\u00e1kladn\u00edch funkc\u00ed, nijak v\u00e1s neidentifikuj\u00ed a nejedn\u00e1 se o osobn\u00ed \u00fadaje;<br \/>v\u00fdkonnostn\u00ed cookies \u2013 slou\u017e\u00ed pro anal\u00fdzu zp\u016fsobu vyu\u017e\u00edv\u00e1n\u00ed webov\u00e9ho rozhran\u00ed (po\u010det n\u00e1v\u0161t\u011bv, \u010das str\u00e1ven\u00fd na webov\u00e9m rozhran\u00ed apod.); \u00fadaje z\u00edskan\u00e9 t\u011bmito cookies jsou anonymn\u00ed;<br \/>cookies t\u0159et\u00edch stran \u2013 tyto cookies jsou p\u0159i\u0159azeny k jin\u00e9 dom\u00e9n\u011b, ne\u017e je dom\u00e9na na\u0161eho webu, a to i kdy\u017e se nach\u00e1z\u00edte na na\u0161em webu; tyto cookies n\u00e1m umo\u017e\u0148uj\u00ed analyzovat n\u00e1\u0161 web a zobrazovat pro v\u00e1s reklamu na m\u00edru; jedn\u00e1 se o funk\u010dn\u00ed cookies a c\u00edlen\u00e9 a reklamn\u00ed cookies;<br \/>funk\u010dn\u00ed cookies \u2013 slou\u017e\u00ed k personalizaci obsahu prost\u0159ednictv\u00edm zapamatov\u00e1n\u00ed p\u0159ihla\u0161ovac\u00edch \u00fadaj\u016f, geolokace apod.; jejich prost\u0159ednictv\u00edm m\u016f\u017ee doch\u00e1zet k z\u00edsk\u00e1v\u00e1n\u00ed a zpracov\u00e1n\u00ed osobn\u00edch \u00fadaj\u016f;<br \/>c\u00edlen\u00e9 a reklamn\u00ed cookies \u2013 slou\u017e\u00ed k zobrazov\u00e1n\u00ed c\u00edlen\u00fdch reklam na webov\u00e9m rozhran\u00ed i mimo n\u011b; jejich prost\u0159ednictv\u00edm m\u016f\u017ee doch\u00e1zet k z\u00edsk\u00e1v\u00e1n\u00ed a zpracov\u00e1n\u00ed osobn\u00edch \u00fadaj\u016f. Informace o tom, jak n\u00e1\u0161 web vyu\u017e\u00edv\u00e1te, m\u016f\u017eeme d\u00e1le sd\u00edlet s na\u0161imi partnery z oblasti soci\u00e1ln\u00edch s\u00edt\u00ed, inzerce a anal\u00fdz.<\/p>\n<h3>5.3. Pou\u017e\u00edvan\u00e9 slu\u017eby spole\u010dnosti Google<\/h3>\n<p>Webov\u00e9 rozhran\u00ed pou\u017e\u00edv\u00e1 slu\u017ebu Google Analytics a p\u0159\u00edpadn\u011b i dal\u0161\u00ed slu\u017eby poskytovan\u00e9 spole\u010dnost\u00ed Google, Inc (d\u00e1le jen \u201eGoogle\u201c). Tyto slu\u017eby pracuj\u00ed s informacemi z\u00edskan\u00fdmi prost\u0159ednictv\u00edm soubor\u016f cookies.<br \/>Pokud v\u00e1s zaj\u00edm\u00e1, jak Google vyu\u017e\u00edv\u00e1 data, kter\u00e9 od n\u00e1s z\u00edsk\u00e1v\u00e1, a jak zpracov\u00e1n\u00ed upravit nebo zak\u00e1zat, dozv\u00edte se tyto informace kliknut\u00edm na n\u00e1sleduj\u00edc\u00ed odkaz: Jak Google vyu\u017e\u00edv\u00e1 data, kdy\u017e pou\u017e\u00edv\u00e1te weby nebo aplikace na\u0161ich partner\u016f (https:\/\/www.google.com\/policies\/privacy\/partners\/).<\/p>\n<p>[\/et_pb_text][\/et_pb_column][\/et_pb_row][\/et_pb_section]<\/p>\n","protected":false},"excerpt":{"rendered":"<p>Z\u00e1sady ochrany osobn\u00edch \u00fadaj\u016fTyto z\u00e1sady zpracov\u00e1n\u00ed osobn\u00edch \u00fadaj\u016f (d\u00e1le jen \u201eZ\u00e1sady\u201c) popisuj\u00ed zp\u016fsob z\u00edsk\u00e1v\u00e1n\u00ed, pou\u017e\u00edv\u00e1n\u00ed a dal\u0161\u00edho nakl\u00e1d\u00e1n\u00ed s osobn\u00edmi \u00fadaji z\u00edskan\u00fdmi prost\u0159ednictv\u00edm webov\u00e9ho rozhran\u00ed www.prestar.cz (d\u00e1le jen \u201ewebov\u00e9 rozhran\u00ed\u201c) Spr\u00e1vce osobn\u00edch \u00fadaj\u016f: Prestar, s.r.o., se s\u00eddlem V\u00e1vrovick\u00e1 287\/101,\u00a0747 07 Opava,\u00a0I\u010cO: 64609219,\u00a0DI\u010c: CZ64609219 Kontaktn\u00ed \u00fadaje spr\u00e1vce osobn\u00edch \u00fadaj\u016f: Adresa pro doru\u010dov\u00e1n\u00ed: Prestar, s.r.o., se s\u00eddlem [&hellip;]<\/p>\n","protected":false},"author":1,"featured_media":0,"parent":0,"menu_order":0,"comment_status":"closed","ping_status":"closed","template":"","meta":{"_et_pb_use_builder":"on","_et_pb_old_content":"","_et_gb_content_width":"","inline_featured_image":false,"footnotes":""},"dipi_cpt_category":[],"class_list":["post-345694","page","type-page","status-publish","hentry"],"_links":{"self":[{"href":"https:\/\/www.prestar.cz\/en\/wp-json\/wp\/v2\/pages\/345694","targetHints":{"allow":["GET"]}}],"collection":[{"href":"https:\/\/www.prestar.cz\/en\/wp-json\/wp\/v2\/pages"}],"about":[{"href":"https:\/\/www.prestar.cz\/en\/wp-json\/wp\/v2\/types\/page"}],"author":[{"embeddable":true,"href":"https:\/\/www.prestar.cz\/en\/wp-json\/wp\/v2\/users\/1"}],"replies":[{"embeddable":true,"href":"https:\/\/www.prestar.cz\/en\/wp-json\/wp\/v2\/comments?post=345694"}],"version-history":[{"count":6,"href":"https:\/\/www.prestar.cz\/en\/wp-json\/wp\/v2\/pages\/345694\/revisions"}],"predecessor-version":[{"id":352568,"href":"https:\/\/www.prestar.cz\/en\/wp-json\/wp\/v2\/pages\/345694\/revisions\/352568"}],"wp:attachment":[{"href":"https:\/\/www.prestar.cz\/en\/wp-json\/wp\/v2\/media?parent=345694"}],"wp:term":[{"taxonomy":"dipi_cpt_category","embeddable":true,"href":"https:\/\/www.prestar.cz\/en\/wp-json\/wp\/v2\/dipi_cpt_category?post=345694"}],"curies":[{"name":"wp","href":"https:\/\/api.w.org\/{rel}","templated":true}]}}