{"id":349686,"date":"2023-06-22T10:27:15","date_gmt":"2023-06-22T08:27:15","guid":{"rendered":"https:\/\/www.prestar.cz\/?page_id=349686"},"modified":"2023-10-02T13:42:50","modified_gmt":"2023-10-02T11:42:50","slug":"linear-positioning-systems","status":"publish","type":"page","link":"https:\/\/www.prestar.cz\/en\/linearni-polohovaci-systemy\/","title":{"rendered":"Linear positioning systems"},"content":{"rendered":"<p>[et_pb_section fb_built=&#8220;1&#8243; module_id=&#8220;role&#8220; _builder_version=&#8220;4.18.0&#8243; _module_preset=&#8220;default&#8220; background_color=&#8220;rgba(0,140,154,0.09)&#8220; custom_padding=&#8220;0px|6%|3%|6%|false|true&#8220; da_disable_devices=&#8220;off|off|off&#8220; global_colors_info=&#8220;{}&#8220; da_is_popup=&#8220;off&#8220; da_exit_intent=&#8220;off&#8220; da_has_close=&#8220;on&#8220; da_alt_close=&#8220;off&#8220; da_dark_close=&#8220;off&#8220; da_not_modal=&#8220;on&#8220; da_is_singular=&#8220;off&#8220; da_with_loader=&#8220;off&#8220; da_has_shadow=&#8220;on&#8220;][et_pb_row _builder_version=&#8220;4.18.0&#8243; _module_preset=&#8220;default&#8220; width=&#8220;90%&#8220; global_colors_info=&#8220;{}&#8220;][et_pb_column type=&#8220;4_4&#8243; _builder_version=&#8220;4.17.6&#8243; _module_preset=&#8220;default&#8220; custom_padding=&#8220;|5%||5%|false|true&#8220; global_colors_info=&#8220;{}&#8220;][et_pb_text _builder_version=&#8220;4.18.0&#8243; _module_preset=&#8220;default&#8220; header_font=&#8220;|800|||||||&#8220; header_text_color=&#8220;#005E68&#8243; header_font_size=&#8220;3vw&#8220; width=&#8220;100%&#8220; custom_margin=&#8220;||||false|false&#8220; custom_padding=&#8220;5%||||false|false&#8220; header_font_size_tablet=&#8220;60px&#8220; header_font_size_phone=&#8220;30px&#8220; header_font_size_last_edited=&#8220;on|phone&#8220; global_colors_info=&#8220;{}&#8220;]<\/p>\n<h1>Line\u00e1rn\u00ed polohovac\u00ed osy a syst\u00e9my<\/h1>\n<p>&nbsp;<\/p>\n<p>[\/et_pb_text][\/et_pb_column][\/et_pb_row][et_pb_row column_structure=&#8220;1_2,1_2&#8243; _builder_version=&#8220;4.18.0&#8243; _module_preset=&#8220;default&#8220; background_color=&#8220;#FFFFFF&#8220; width=&#8220;95%&#8220; module_alignment=&#8220;center&#8220; custom_margin=&#8220;|0%||0%|false|true&#8220; custom_padding=&#8220;|0%||0%|false|true&#8220; border_radii=&#8220;on|30px|30px|30px|30px&#8220; global_colors_info=&#8220;{}&#8220;][et_pb_column type=&#8220;1_2&#8243; _builder_version=&#8220;4.17.6&#8243; _module_preset=&#8220;default&#8220; custom_padding=&#8220;0%|0%||5%|false|false&#8220; sticky_limit_bottom=&#8220;section&#8220; global_colors_info=&#8220;{}&#8220;][et_pb_text disabled_on=&#8220;on|on|on&#8220; _builder_version=&#8220;4.18.0&#8243; _module_preset=&#8220;default&#8220; header_font=&#8220;|800|||||||&#8220; header_text_color=&#8220;#005E68&#8243; header_font_size=&#8220;40px&#8220; header_line_height=&#8220;1.6em&#8220; max_width=&#8220;600px&#8220; module_alignment=&#8220;left&#8220; custom_margin=&#8220;5%||||false|false&#8220; header_font_size_tablet=&#8220;40px&#8220; header_font_size_phone=&#8220;30px&#8220; header_font_size_last_edited=&#8220;on|desktop&#8220; disabled=&#8220;on&#8220; global_colors_info=&#8220;{}&#8220;]<\/p>\n<h1>Pro urychlen\u00ed a zefektivn\u011bn\u00ed p\u0159epravy<\/h1>\n<p>[\/et_pb_text][et_pb_blurb title=&#8220;Popis za\u0159\u00edzen\u00ed &#8220; use_icon=&#8220;on&#8220; font_icon=&#8220;&#x5a;||divi||400&#8243; icon_placement=&#8220;left&#8220; content_max_width=&#8220;600px&#8220; _builder_version=&#8220;4.17.6&#8243; _module_preset=&#8220;default&#8220; header_font=&#8220;|700|||||||&#8220; header_line_height=&#8220;1.8em&#8220; max_width=&#8220;600px&#8220; module_alignment=&#8220;left&#8220; custom_margin=&#8220;||50px|||&#8220; custom_padding=&#8220;||0px||false|false&#8220; global_colors_info=&#8220;{}&#8220;]<\/p>\n<div title=\"Page 1\">\n<div>\n<div>\n<div>\n<p>Kompletn\u00ed \u0159e\u0161en\u00ed pro rozmanit\u00e9 druhy automatizace manipula\u010dn\u00edch proces\u016f. Standardn\u00ed moduly lze kombinovat jako samostatnou sou\u010d\u00e1st nebo jako integrovan\u00fd osov\u00fd syst\u00e9m. v\u010detn\u011b perifern\u00edch za\u0159\u00edzen\u00ed. \u0160irok\u00e1 \u0161k\u00e1la variant koncepce pro osazen\u00ed aktu\u00e1toru nebo robotick\u00e9ho ramene, a\u0165 u\u017e v port\u00e1lov\u00e9m nebo podlahov\u00e9m proveden\u00ed.<\/p>\n<\/div>\n<\/div>\n<\/div>\n<\/div>\n<p>[\/et_pb_blurb][et_pb_toggle title=&#8220;Typy za\u0159\u00edzen\u00ed&#8220; open_toggle_text_color=&#8220;#000000&#8243; open_toggle_background_color=&#8220;RGBA(255,255,255,0)&#8220; closed_toggle_background_color=&#8220;RGBA(255,255,255,0)&#8220; icon_color=&#8220;#008C9A&#8220; open_icon_color=&#8220;#008C9A&#8220; _builder_version=&#8220;4.22.2&#8243; _module_preset=&#8220;default&#8220; title_text_color=&#8220;#000000&#8243; title_level=&#8220;h4&#8243; title_font=&#8220;|700|||||||&#8220; title_line_height=&#8220;1.7em&#8220; max_width=&#8220;600px&#8220; custom_margin=&#8220;||0px||false|false&#8220; hover_enabled=&#8220;0&#8243; border_width_all=&#8220;0px&#8220; border_width_top=&#8220;1px&#8220; border_color_top=&#8220;#008C9A&#8220; global_colors_info=&#8220;{}&#8220; sticky_enabled=&#8220;0&#8243;]<\/p>\n<ol>\n<li>Jednoos\u00fd modul\u00e1rn\u00ed port\u00e1l<\/li>\n<li>Univerz\u00e1ln\u00ed dvouos\u00fd port\u00e1l<\/li>\n<li>T\u0159\u00edos\u00fd prostorov\u00fd port\u00e1l<\/li>\n<li>T\u0159\u00edos\u00fd liniov\u00fd port\u00e1l<\/li>\n<li>Horizont\u00e1ln\u00ed zaklada\u010de<\/li>\n<\/ol>\n<p>[\/et_pb_toggle][et_pb_toggle title=&#8220;Ostatn\u00ed vybaven\u00ed stroje&#8220; open_toggle_text_color=&#8220;#000000&#8243; open_toggle_background_color=&#8220;RGBA(255,255,255,0)&#8220; closed_toggle_background_color=&#8220;RGBA(255,255,255,0)&#8220; icon_color=&#8220;#008C9A&#8220; open_icon_color=&#8220;#008C9A&#8220; disabled_on=&#8220;on|on|on&#8220; _builder_version=&#8220;4.21.0&#8243; _module_preset=&#8220;default&#8220; title_text_color=&#8220;#000000&#8243; title_level=&#8220;h4&#8243; title_font=&#8220;|700|||||||&#8220; title_line_height=&#8220;1.7em&#8220; max_width=&#8220;600px&#8220; custom_margin=&#8220;||50px||false|false&#8220; border_width_all=&#8220;0px&#8220; border_width_top=&#8220;1px&#8220; border_color_top=&#8220;#008C9A&#8220; border_width_bottom=&#8220;1px&#8220; border_color_bottom=&#8220;#008C9A&#8220; disabled=&#8220;on&#8220; global_colors_info=&#8220;{}&#8220;]<\/p>\n<ul>\n<li>Automatick\u00fd\/ ru\u010dn\u00ed re\u017eim<\/li>\n<li>Materi\u00e1lov\u011b \u0161etrn\u00e1 p\u0159eprava pap\u00edrov\u00fdch rol\u00ed<\/li>\n<li>Vysok\u00e1 provozn\u00ed bezpe\u010dnost<\/li>\n<li>P\u0159\u00edm\u00e1 podpora s \u0159e\u0161en\u00edm d\u00e1lkov\u00e9 \u00fadr\u017eby<\/li>\n<li>Export dat do nad\u0159azen\u00fdch vnitropodnikov\u00fdch syst\u00e9m\u016f<\/li>\n<\/ul>\n<p>[\/et_pb_toggle][dipi_masonry_gallery _builder_version=&#8220;4.17.6&#8243; _module_preset=&#8220;default&#8220; width=&#8220;100%&#8220; max_width=&#8220;600px&#8220; module_alignment=&#8220;left&#8220; filter_saturate=&#8220;0%&#8220; global_colors_info=&#8220;{}&#8220; filter_saturate__hover_enabled=&#8220;on|hover&#8220; filter_saturate__hover=&#8220;100%&#8220;][\/dipi_masonry_gallery][et_pb_button button_url=&#8220;mailto:m.vanek@prestar.cz?cc=prestar@prestar.cz&#038;subject=Popt%C3%A1vka%20z%20webu%20-%20Manipula%C4%8Dn%C3%AD%20technika&#038;body=Dobr%C3%BD%20den%2C%20R%C3%A1d%2Fa%20bych%20se%20dozv%C4%9Bd%C4%9Bl%2Fa%20v%C3%ADce%20o%20va%C5%A1ich%20produktech.%20Kontaktovat%20m%C4%9B%20m%C5%AF%C5%BEete%20na%20tel.%20%C4%8D%C3%ADsle%20(vypl%C5%88te).%20D%C4%9Bkuji%20a%20s%20pozdravem%2C%20&#8212;&#8212;&#8212;&#8212;&#8212;&#8212;&#8212;%20Hello%2C%20I%20would%20like%20to%20know%20more%20about%20your%20products.%20You%20can%20contact%20me%20at%20this%20number%3A%20(fill%20in).%20Best%20wishes%2C%20&#8243; button_text=&#8220;Kontaktovat obchodn\u00edka&#8220; button_alignment=&#8220;left&#8220; _builder_version=&#8220;4.21.0&#8243; _module_preset=&#8220;default&#8220; custom_button=&#8220;on&#8220; button_text_color=&#8220;#008C9A&#8220; button_bg_color=&#8220;#FFFFFF&#8220; button_border_width=&#8220;12px&#8220; button_border_color=&#8220;#FFFFFF&#8220; custom_margin=&#8220;||100px||false|false&#8220; box_shadow_style=&#8220;preset3&#8243; box_shadow_spread=&#8220;-80px&#8220; global_module=&#8220;349384&#8243; saved_tabs=&#8220;all&#8220; global_colors_info=&#8220;{}&#8220; button_text_color__hover_enabled=&#8220;on|hover&#8220; button_text_color__hover=&#8220;#FFFFFF&#8220; button_bg_color__hover_enabled=&#8220;on|hover&#8220; button_bg_color__hover=&#8220;#008C9A&#8220; button_bg_enable_color__hover=&#8220;on&#8220; button_border_color__hover_enabled=&#8220;on|desktop&#8220; button_border_color__hover=&#8220;#008C9A&#8220; box_shadow_spread__hover_enabled=&#8220;on|hover&#8220; box_shadow_spread__hover=&#8220;-6px&#8220;][\/et_pb_button][et_pb_image src=&#8220;https:\/\/www.prestar.cz\/wp-content\/uploads\/2022\/09\/Listy-s-logy-ke-kazdemu-produkto_papirove-role-1.png&#8220; title_text=&#8220;Li\u0161ty s logy ke ka\u017ed\u00e9mu produkto_pap\u00edrov\u00e9 role&#8220; align=&#8220;center&#8220; disabled_on=&#8220;on|on|on&#8220; _builder_version=&#8220;4.21.0&#8243; _module_preset=&#8220;default&#8220; filter_saturate=&#8220;0%&#8220; filter_opacity=&#8220;60%&#8220; disabled=&#8220;on&#8220; global_colors_info=&#8220;{}&#8220;][\/et_pb_image][\/et_pb_column][et_pb_column type=&#8220;1_2&#8243; _builder_version=&#8220;4.18.0&#8243; _module_preset=&#8220;default&#8220; custom_padding=&#8220;|2%|20px||false|false&#8220; sticky_limit_bottom=&#8220;row&#8220; global_colors_info=&#8220;{}&#8220;][et_pb_product_viewer gallery_ids=&#8220;350138,350140,350142,350144,350146,350148,350150,350152,350154,350156,350158,350160,350162,350164,350166,350168,350170,350172,350174,350176,350178,350180,350182,350184,350186,350188,350190,350192,350194,350196,350198,350200,350202,350204,350206,350208,350210,350212,350214,350216,350218,350220,350222,350224,350226,350228,350230,350232,350234,350236,350238,350240,350242,350244,350246,350248,350250,350252,350254,350256,350258,350260,350262,350264,350266,350268,350270,350272,350274,350276,350278&#8243; disabled_on=&#8220;off|off|off&#8220; _builder_version=&#8220;4.22.1&#8243; _module_preset=&#8220;default&#8220; global_colors_info=&#8220;{}&#8220;][\/et_pb_product_viewer][et_pb_video src=&#8220;https:\/\/www.youtube.com\/watch?v=kJIu25mJQkk&#038;t=2s&#8220; _builder_version=&#8220;4.21.0&#8243; _module_preset=&#8220;default&#8220; global_colors_info=&#8220;{}&#8220;][\/et_pb_video][\/et_pb_column][\/et_pb_row][\/et_pb_section]<\/p>\n","protected":false},"excerpt":{"rendered":"<p>Line\u00e1rn\u00ed polohovac\u00ed osy a syst\u00e9my &nbsp;Pro urychlen\u00ed a zefektivn\u011bn\u00ed p\u0159epravy Kompletn\u00ed \u0159e\u0161en\u00ed pro rozmanit\u00e9 druhy automatizace manipula\u010dn\u00edch proces\u016f. Standardn\u00ed moduly lze kombinovat jako samostatnou sou\u010d\u00e1st nebo jako integrovan\u00fd osov\u00fd syst\u00e9m. v\u010detn\u011b perifern\u00edch za\u0159\u00edzen\u00ed. \u0160irok\u00e1 \u0161k\u00e1la variant koncepce pro osazen\u00ed aktu\u00e1toru nebo robotick\u00e9ho ramene, a\u0165 u\u017e v port\u00e1lov\u00e9m nebo podlahov\u00e9m proveden\u00ed. Jednoos\u00fd modul\u00e1rn\u00ed port\u00e1l Univerz\u00e1ln\u00ed dvouos\u00fd [&hellip;]<\/p>\n","protected":false},"author":2,"featured_media":0,"parent":0,"menu_order":0,"comment_status":"closed","ping_status":"closed","template":"","meta":{"_et_pb_use_builder":"on","_et_pb_old_content":"","_et_gb_content_width":"","inline_featured_image":false,"footnotes":""},"dipi_cpt_category":[],"class_list":["post-349686","page","type-page","status-publish","hentry"],"_links":{"self":[{"href":"https:\/\/www.prestar.cz\/en\/wp-json\/wp\/v2\/pages\/349686","targetHints":{"allow":["GET"]}}],"collection":[{"href":"https:\/\/www.prestar.cz\/en\/wp-json\/wp\/v2\/pages"}],"about":[{"href":"https:\/\/www.prestar.cz\/en\/wp-json\/wp\/v2\/types\/page"}],"author":[{"embeddable":true,"href":"https:\/\/www.prestar.cz\/en\/wp-json\/wp\/v2\/users\/2"}],"replies":[{"embeddable":true,"href":"https:\/\/www.prestar.cz\/en\/wp-json\/wp\/v2\/comments?post=349686"}],"version-history":[{"count":7,"href":"https:\/\/www.prestar.cz\/en\/wp-json\/wp\/v2\/pages\/349686\/revisions"}],"predecessor-version":[{"id":351017,"href":"https:\/\/www.prestar.cz\/en\/wp-json\/wp\/v2\/pages\/349686\/revisions\/351017"}],"wp:attachment":[{"href":"https:\/\/www.prestar.cz\/en\/wp-json\/wp\/v2\/media?parent=349686"}],"wp:term":[{"taxonomy":"dipi_cpt_category","embeddable":true,"href":"https:\/\/www.prestar.cz\/en\/wp-json\/wp\/v2\/dipi_cpt_category?post=349686"}],"curies":[{"name":"wp","href":"https:\/\/api.w.org\/{rel}","templated":true}]}}