{"id":349718,"date":"2023-06-23T13:12:29","date_gmt":"2023-06-23T11:12:29","guid":{"rendered":"https:\/\/www.prestar.cz\/?page_id=349718"},"modified":"2023-09-19T07:52:54","modified_gmt":"2023-09-19T05:52:54","slug":"robotic-workstation-for-shield-polishing","status":"publish","type":"page","link":"https:\/\/www.prestar.cz\/en\/roboticke-pracoviste-na-lesteni-stitu\/","title":{"rendered":"Robotic workstation for shield polishing"},"content":{"rendered":"<p>[et_pb_section fb_built=&#8220;1&#8243; _builder_version=&#8220;4.21.0&#8243; _module_preset=&#8220;default&#8220; da_disable_devices=&#8220;off|off|off&#8220; global_colors_info=&#8220;{}&#8220; da_is_popup=&#8220;off&#8220; da_exit_intent=&#8220;off&#8220; da_has_close=&#8220;on&#8220; da_alt_close=&#8220;off&#8220; da_dark_close=&#8220;off&#8220; da_not_modal=&#8220;on&#8220; da_is_singular=&#8220;off&#8220; da_with_loader=&#8220;off&#8220; da_has_shadow=&#8220;on&#8220;][\/et_pb_section][et_pb_section fb_built=&#8220;1&#8243; module_id=&#8220;role&#8220; _builder_version=&#8220;4.18.0&#8243; _module_preset=&#8220;default&#8220; background_color=&#8220;rgba(0,140,154,0.09)&#8220; custom_padding=&#8220;0px|6%|3%|6%|false|true&#8220; da_disable_devices=&#8220;off|off|off&#8220; global_colors_info=&#8220;{}&#8220; da_is_popup=&#8220;off&#8220; da_exit_intent=&#8220;off&#8220; da_has_close=&#8220;on&#8220; da_alt_close=&#8220;off&#8220; da_dark_close=&#8220;off&#8220; da_not_modal=&#8220;on&#8220; da_is_singular=&#8220;off&#8220; da_with_loader=&#8220;off&#8220; da_has_shadow=&#8220;on&#8220;][et_pb_row _builder_version=&#8220;4.18.0&#8243; _module_preset=&#8220;default&#8220; width=&#8220;90%&#8220; global_colors_info=&#8220;{}&#8220;][et_pb_column type=&#8220;4_4&#8243; _builder_version=&#8220;4.17.6&#8243; _module_preset=&#8220;default&#8220; custom_padding=&#8220;|5%||5%|false|true&#8220; global_colors_info=&#8220;{}&#8220;][et_pb_text _builder_version=&#8220;4.18.0&#8243; _module_preset=&#8220;default&#8220; header_font=&#8220;|800|||||||&#8220; header_text_color=&#8220;#005E68&#8243; header_font_size=&#8220;3vw&#8220; width=&#8220;100%&#8220; custom_margin=&#8220;||||false|false&#8220; custom_padding=&#8220;5%||||false|false&#8220; header_font_size_tablet=&#8220;60px&#8220; header_font_size_phone=&#8220;30px&#8220; header_font_size_last_edited=&#8220;on|phone&#8220; global_colors_info=&#8220;{}&#8220;]<\/p>\n<h1><span class=\"NormalTextRun SCXW6302892 BCX8\">Robotick\u00e9 pracovi\u0161t\u011b na le\u0161t\u011bn\u00ed \u0161t\u00edt\u016f<\/span><span class=\"NormalTextRun SCXW6302892 BCX8\"> <\/span><\/h1>\n<p>[\/et_pb_text][\/et_pb_column][\/et_pb_row][et_pb_row column_structure=&#8220;1_2,1_2&#8243; _builder_version=&#8220;4.18.0&#8243; _module_preset=&#8220;default&#8220; background_color=&#8220;#FFFFFF&#8220; width=&#8220;95%&#8220; module_alignment=&#8220;center&#8220; custom_margin=&#8220;|0%||0%|false|true&#8220; custom_padding=&#8220;|0%||0%|false|true&#8220; border_radii=&#8220;on|30px|30px|30px|30px&#8220; global_colors_info=&#8220;{}&#8220;][et_pb_column type=&#8220;1_2&#8243; _builder_version=&#8220;4.17.6&#8243; _module_preset=&#8220;default&#8220; custom_padding=&#8220;0%|0%||5%|false|false&#8220; sticky_limit_bottom=&#8220;section&#8220; global_colors_info=&#8220;{}&#8220;][et_pb_text disabled_on=&#8220;on|on|on&#8220; _builder_version=&#8220;4.18.0&#8243; _module_preset=&#8220;default&#8220; header_font=&#8220;|800|||||||&#8220; header_text_color=&#8220;#005E68&#8243; header_font_size=&#8220;40px&#8220; header_line_height=&#8220;1.6em&#8220; max_width=&#8220;600px&#8220; module_alignment=&#8220;left&#8220; custom_margin=&#8220;5%||||false|false&#8220; header_font_size_tablet=&#8220;40px&#8220; header_font_size_phone=&#8220;30px&#8220; header_font_size_last_edited=&#8220;on|desktop&#8220; disabled=&#8220;on&#8220; global_colors_info=&#8220;{}&#8220;]<\/p>\n<h1>Pro urychlen\u00ed a zefektivn\u011bn\u00ed p\u0159epravy<\/h1>\n<p>[\/et_pb_text][et_pb_blurb title=&#8220;Popis za\u0159\u00edzen\u00ed &#8220; use_icon=&#8220;on&#8220; font_icon=&#8220;&#x5a;||divi||400&#8243; icon_placement=&#8220;left&#8220; content_max_width=&#8220;600px&#8220; _builder_version=&#8220;4.17.6&#8243; _module_preset=&#8220;default&#8220; header_font=&#8220;|700|||||||&#8220; header_line_height=&#8220;1.8em&#8220; max_width=&#8220;600px&#8220; module_alignment=&#8220;left&#8220; custom_margin=&#8220;||50px|||&#8220; custom_padding=&#8220;||0px||false|false&#8220; global_colors_info=&#8220;{}&#8220;]<\/p>\n<div title=\"Page 1\">\n<div>\n<div>\n<div>\n<p><span data-contrast=\"none\" xml:lang=\"CS-CZ\" lang=\"CS-CZ\" class=\"TextRun SCXW239448843 BCX8\"><span class=\"NormalTextRun SCXW239448843 BCX8\">Z\u00e1klad pracovi\u0161t\u011b <\/span><span class=\"NormalTextRun SCXW239448843 BCX8\">tvo\u0159\u00ed<\/span><span class=\"NormalTextRun SCXW239448843 BCX8\"> <\/span><span class=\"NormalTextRun ContextualSpellingAndGrammarErrorV2Themed SCXW239448843 BCX8\">6ti<\/span><span class=\"NormalTextRun SCXW239448843 BCX8\">\u00a0<\/span><span class=\"NormalTextRun SpellingErrorV2Themed SCXW239448843 BCX8\">os\u00fd<\/span><span class=\"NormalTextRun SCXW239448843 BCX8\"> robot, kter\u00fd je zav\u011b\u0161en na strop\u011b kabiny. <\/span><span class=\"NormalTextRun SCXW239448843 BCX8\">Na efektoru robota je p\u0159ipevn\u011bna <\/span><span class=\"NormalTextRun SpellingErrorV2Themed SCXW239448843 BCX8\">satinovac\u00ed<\/span><span class=\"NormalTextRun SCXW239448843 BCX8\"> bruska, kter\u00e1 je vybavena v\u00e1lcem <\/span><span class=\"NormalTextRun SCXW239448843 BCX8\">z<\/span><span class=\"NormalTextRun SCXW239448843 BCX8\">\u202fbrusn\u00e9ho rouna a\u202fvedle n\u011bj v\u202frychloup\u00ednac\u00edm skl\u00ed\u010didle lamelov\u00fd kotou\u010d.<\/span><\/span><span class=\"EOP SCXW239448843 BCX8\" data-ccp-props=\"{&quot;201341983&quot;:0,&quot;335551550&quot;:6,&quot;335551620&quot;:6,&quot;335559739&quot;:160,&quot;335559740&quot;:252}\">\u00a0<\/span><\/p>\n<\/div>\n<\/div>\n<\/div>\n<\/div>\n<p>[\/et_pb_blurb][et_pb_toggle title=&#8220;Technick\u00e9 parametry stroje&#8220; open_toggle_text_color=&#8220;#000000&#8243; open_toggle_background_color=&#8220;RGBA(255,255,255,0)&#8220; closed_toggle_background_color=&#8220;RGBA(255,255,255,0)&#8220; icon_color=&#8220;#008C9A&#8220; open_icon_color=&#8220;#008C9A&#8220; _builder_version=&#8220;4.20.4&#8243; _module_preset=&#8220;default&#8220; title_text_color=&#8220;#000000&#8243; title_level=&#8220;h4&#8243; title_font=&#8220;|700|||||||&#8220; title_line_height=&#8220;1.7em&#8220; max_width=&#8220;600px&#8220; custom_margin=&#8220;||0px||false|false&#8220; border_width_all=&#8220;0px&#8220; border_width_top=&#8220;1px&#8220; border_color_top=&#8220;#008C9A&#8220; global_colors_info=&#8220;{}&#8220;]<\/p>\n<ul style=\"font-weight: 400;\">\n<li data-leveltext=\"-\" data-font=\"Calibri\" data-listid=\"4\" data-list-defn-props=\"{&quot;335551671&quot;:0,&quot;335552541&quot;:1,&quot;335559684&quot;:-2,&quot;335559685&quot;:720,&quot;335559991&quot;:360,&quot;469769226&quot;:&quot;Calibri&quot;,&quot;469769242&quot;:[8226],&quot;469777803&quot;:&quot;left&quot;,&quot;469777804&quot;:&quot;-&quot;,&quot;469777815&quot;:&quot;hybridMultilevel&quot;}\" aria-setsize=\"-1\" data-aria-posinset=\"0\" data-aria-level=\"1\"><span data-contrast=\"none\">Robotick\u00e9 rameno s\u202f6-ti osami<\/span><span data-ccp-props=\"{&quot;201341983&quot;:0,&quot;335559739&quot;:0,&quot;335559740&quot;:252}\">\u00a0<\/span><\/li>\n<li data-leveltext=\"-\" data-font=\"Calibri\" data-listid=\"4\" data-list-defn-props=\"{&quot;335551671&quot;:0,&quot;335552541&quot;:1,&quot;335559684&quot;:-2,&quot;335559685&quot;:720,&quot;335559991&quot;:360,&quot;469769226&quot;:&quot;Calibri&quot;,&quot;469769242&quot;:[8226],&quot;469777803&quot;:&quot;left&quot;,&quot;469777804&quot;:&quot;-&quot;,&quot;469777815&quot;:&quot;hybridMultilevel&quot;}\" aria-setsize=\"-1\" data-aria-posinset=\"0\" data-aria-level=\"1\"><span data-contrast=\"none\">Automatick\u00e9 rozpozn\u00e1n\u00ed velikosti brou\u0161en\u00e9ho \u0161t\u00edtu<\/span><span data-ccp-props=\"{&quot;201341983&quot;:0,&quot;335559739&quot;:0,&quot;335559740&quot;:252}\">\u00a0<\/span><\/li>\n<\/ul>\n<p>[\/et_pb_toggle][et_pb_toggle title=&#8220;Ostatn\u00ed vybaven\u00ed stroje&#8220; open_toggle_text_color=&#8220;#000000&#8243; open_toggle_background_color=&#8220;RGBA(255,255,255,0)&#8220; closed_toggle_background_color=&#8220;RGBA(255,255,255,0)&#8220; icon_color=&#8220;#008C9A&#8220; open_icon_color=&#8220;#008C9A&#8220; _builder_version=&#8220;4.21.0&#8243; _module_preset=&#8220;default&#8220; title_text_color=&#8220;#000000&#8243; title_level=&#8220;h4&#8243; title_font=&#8220;|700|||||||&#8220; title_line_height=&#8220;1.7em&#8220; max_width=&#8220;600px&#8220; custom_margin=&#8220;||50px||false|false&#8220; border_width_all=&#8220;0px&#8220; border_width_top=&#8220;1px&#8220; border_color_top=&#8220;#008C9A&#8220; border_width_bottom=&#8220;1px&#8220; border_color_bottom=&#8220;#008C9A&#8220; global_colors_info=&#8220;{}&#8220;]<\/p>\n<p><span data-contrast=\"none\"><\/span><\/p>\n<ul>\n<li><span data-contrast=\"none\">Aktivn\u00ed kontaktn\u00ed p\u0159\u00edruba<\/span><span data-ccp-props=\"{&quot;201341983&quot;:0,&quot;335559739&quot;:160,&quot;335559740&quot;:252}\">\u00a0<\/span><\/li>\n<li><span data-contrast=\"none\">Satinovac\u00ed p\u0159\u00edstroj<\/span><span data-ccp-props=\"{&quot;201341983&quot;:0,&quot;335559739&quot;:160,&quot;335559740&quot;:252}\">\u00a0<\/span><\/li>\n<li><span data-contrast=\"none\">Stojan s\u202fvoz\u00edkem<\/span><span data-ccp-props=\"{&quot;201341983&quot;:0,&quot;335559739&quot;:160,&quot;335559740&quot;:252}\">\u00a0<\/span><\/li>\n<li><span data-contrast=\"none\">Ods\u00e1v\u00e1n\u00ed pracovn\u00edho n\u00e1stroje<\/span><span data-ccp-props=\"{&quot;201341983&quot;:0,&quot;335559739&quot;:160,&quot;335559740&quot;:252}\">\u00a0<\/span><\/li>\n<li><span data-contrast=\"none\">Oplocen\u00ed<\/span><span data-ccp-props=\"{&quot;201341983&quot;:0,&quot;335559739&quot;:160,&quot;335559740&quot;:252}\"> <\/span><\/li>\n<li>Ovl\u00e1d\u00e1n\u00ed dotykov\u00fdm pultem<span data-ccp-props=\"{&quot;201341983&quot;:0,&quot;335559739&quot;:160,&quot;335559740&quot;:252}\" style=\"font-size: 16px;\">\u00a0<\/span><\/li>\n<\/ul>\n<p>[\/et_pb_toggle][dipi_masonry_gallery _builder_version=&#8220;4.17.6&#8243; _module_preset=&#8220;default&#8220; width=&#8220;100%&#8220; max_width=&#8220;600px&#8220; module_alignment=&#8220;left&#8220; filter_saturate=&#8220;0%&#8220; global_colors_info=&#8220;{}&#8220; filter_saturate__hover_enabled=&#8220;on|hover&#8220; filter_saturate__hover=&#8220;100%&#8220;][\/dipi_masonry_gallery][et_pb_button button_url=&#8220;mailto:m.vanek@prestar.cz?cc=prestar@prestar.cz&#038;subject=Popt%C3%A1vka%20z%20webu%20-%20Manipula%C4%8Dn%C3%AD%20technika&#038;body=Dobr%C3%BD%20den%2C%20R%C3%A1d%2Fa%20bych%20se%20dozv%C4%9Bd%C4%9Bl%2Fa%20v%C3%ADce%20o%20va%C5%A1ich%20produktech.%20Kontaktovat%20m%C4%9B%20m%C5%AF%C5%BEete%20na%20tel.%20%C4%8D%C3%ADsle%20(vypl%C5%88te).%20D%C4%9Bkuji%20a%20s%20pozdravem%2C%20&#8212;&#8212;&#8212;&#8212;&#8212;&#8212;&#8212;%20Hello%2C%20I%20would%20like%20to%20know%20more%20about%20your%20products.%20You%20can%20contact%20me%20at%20this%20number%3A%20(fill%20in).%20Best%20wishes%2C%20&#8243; button_text=&#8220;Kontaktovat obchodn\u00edka&#8220; button_alignment=&#8220;left&#8220; _builder_version=&#8220;4.21.0&#8243; _module_preset=&#8220;default&#8220; custom_button=&#8220;on&#8220; button_text_color=&#8220;#008C9A&#8220; button_bg_color=&#8220;#FFFFFF&#8220; button_border_width=&#8220;12px&#8220; button_border_color=&#8220;#FFFFFF&#8220; custom_margin=&#8220;||100px||false|false&#8220; box_shadow_style=&#8220;preset3&#8243; box_shadow_spread=&#8220;-80px&#8220; global_module=&#8220;349384&#8243; saved_tabs=&#8220;all&#8220; global_colors_info=&#8220;{}&#8220; button_text_color__hover_enabled=&#8220;on|hover&#8220; button_text_color__hover=&#8220;#FFFFFF&#8220; button_bg_color__hover_enabled=&#8220;on|hover&#8220; button_bg_color__hover=&#8220;#008C9A&#8220; button_bg_enable_color__hover=&#8220;on&#8220; button_border_color__hover_enabled=&#8220;on|desktop&#8220; button_border_color__hover=&#8220;#008C9A&#8220; box_shadow_spread__hover_enabled=&#8220;on|hover&#8220; box_shadow_spread__hover=&#8220;-6px&#8220;][\/et_pb_button][et_pb_image src=&#8220;https:\/\/www.prestar.cz\/wp-content\/uploads\/2022\/09\/Listy-s-logy-ke-kazdemu-produkto_papirove-role-1.png&#8220; title_text=&#8220;Li\u0161ty s logy ke ka\u017ed\u00e9mu produkto_pap\u00edrov\u00e9 role&#8220; align=&#8220;center&#8220; disabled_on=&#8220;on|on|on&#8220; _builder_version=&#8220;4.21.0&#8243; _module_preset=&#8220;default&#8220; filter_saturate=&#8220;0%&#8220; filter_opacity=&#8220;60%&#8220; disabled=&#8220;on&#8220; global_colors_info=&#8220;{}&#8220;][\/et_pb_image][\/et_pb_column][et_pb_column type=&#8220;1_2&#8243; _builder_version=&#8220;4.18.0&#8243; _module_preset=&#8220;default&#8220; custom_padding=&#8220;|2%|20px||false|false&#8220; sticky_limit_bottom=&#8220;row&#8220; global_colors_info=&#8220;{}&#8220;][et_pb_product_viewer disabled_on=&#8220;off|off|off&#8220; _builder_version=&#8220;4.22.1&#8243; _module_preset=&#8220;default&#8220; global_colors_info=&#8220;{}&#8220; gallery_ids=&#8220;350426,350428,350430,350432,350434,350436,350438,350440,350442,350444,350446,350448,350450,350452,350454,350456,350458,350460,350462,350464,350466,350468,350470,350472,350474,350476,350478,350480,350482,350484,350486,350488,350490,350492,350494,350496,350498,350500,350502,350504,350506,350508,350510,350512,350514,350516,350518,350520,350522,350524,350526,350528,350530,350532,350534,350536,350538,350540,350542,350544,350546,350548,350550,350552,350554,350556,350558,350560,350562,350564,350566&#8243; hover_enabled=&#8220;0&#8243; sticky_enabled=&#8220;0&#8243;][\/et_pb_product_viewer][et_pb_video src=&#8220;https:\/\/www.youtube.com\/watch?v=kJIu25mJQkk&#038;t=5s&#8220; _builder_version=&#8220;4.21.0&#8243; _module_preset=&#8220;default&#8220; global_colors_info=&#8220;{}&#8220;][\/et_pb_video][\/et_pb_column][\/et_pb_row][\/et_pb_section][et_pb_section fb_built=&#8220;1&#8243; module_id=&#8220;prehled&#8220; _builder_version=&#8220;4.18.0&#8243; _module_preset=&#8220;default&#8220; background_color=&#8220;rgba(0,140,154,0.09)&#8220; da_disable_devices=&#8220;off|off|off&#8220; global_colors_info=&#8220;{}&#8220; da_is_popup=&#8220;off&#8220; da_exit_intent=&#8220;off&#8220; da_has_close=&#8220;on&#8220; da_alt_close=&#8220;off&#8220; da_dark_close=&#8220;off&#8220; da_not_modal=&#8220;on&#8220; da_is_singular=&#8220;off&#8220; da_with_loader=&#8220;off&#8220; da_has_shadow=&#8220;on&#8220;][et_pb_row column_structure=&#8220;1_4,1_4,1_4,1_4&#8243; use_custom_gutter=&#8220;on&#8220; make_equal=&#8220;on&#8220; _builder_version=&#8220;4.19.4&#8243; _module_preset=&#8220;default&#8220; custom_margin=&#8220;7%|auto|4%|auto|false|false&#8220; custom_margin_tablet=&#8220;365px|auto||auto||&#8220; custom_margin_phone=&#8220;0px||||false|false&#8220; custom_margin_last_edited=&#8220;on|desktop&#8220; scroll_vertical_motion=&#8220;0|50|50|100|-1|0|1.5&#8243; sticky_position_tablet=&#8220;&#8220; sticky_position_phone=&#8220;&#8220; sticky_position_last_edited=&#8220;on|phone&#8220; scroll_vertical_motion_tablet=&#8220;0|50|50|100|-1|0|1.5&#8243; scroll_vertical_motion_phone=&#8220;0|50|50|100|0|0|0&#8243; scroll_vertical_motion_last_edited=&#8220;on|phone&#8220; global_colors_info=&#8220;{}&#8220;][et_pb_column type=&#8220;1_4&#8243; _builder_version=&#8220;4.17.4&#8243; _module_preset=&#8220;default&#8220; background_color=&#8220;RGBA(255,255,255,0)&#8220; box_shadow_style=&#8220;preset3&#8243; box_shadow_spread=&#8220;-80px&#8220; global_colors_info=&#8220;{}&#8220; box_shadow_spread__hover_enabled=&#8220;on|hover&#8220; box_shadow_spread__hover=&#8220;-6px&#8220; background_color__hover=&#8220;rgba(0,140,154,0.2)&#8220; background__hover_enabled=&#8220;on|hover&#8220; background_enable_color__hover=&#8220;on&#8220;][et_pb_blurb title=&#8220;Automatizovan\u00e1 doprava pap\u00edrov\u00fdch rol\u00ed&#8220; image=&#8220;https:\/\/www.prestar.cz\/wp-content\/uploads\/2022\/03\/Aut-2.png&#8220; image_icon_width=&#8220;100%&#8220; image_icon_width_tablet=&#8220;100%&#8220; image_icon_width_phone=&#8220;100%&#8220; image_icon_width_last_edited=&#8220;on|phone&#8220; _builder_version=&#8220;4.18.0&#8243; _module_preset=&#8220;default&#8220; header_font=&#8220;|800|||||||&#8220; header_text_align=&#8220;center&#8220; header_font_size=&#8220;19px&#8220; header_line_height=&#8220;1.3em&#8220; body_text_align=&#8220;center&#8220; custom_margin=&#8220;-30%||||false|false&#8220; custom_margin_tablet=&#8220;-130px||||false|false&#8220; custom_margin_phone=&#8220;0px||||false|false&#8220; custom_margin_last_edited=&#8220;on|desktop&#8220; custom_padding=&#8220;|10%|10%|10%|false|true&#8220; custom_padding_tablet=&#8220;|40px|50px|40px|false|true&#8220; custom_padding_phone=&#8220;40px|10px|40px|10px|true|true&#8220; custom_padding_last_edited=&#8220;on|phone&#8220; link_option_url=&#8220;https:\/\/www.prestar.cz\/automatizovana-doprava-papirovych-roli\/&#8220; border_width_all_image=&#8220;10px&#8220; border_color_all_image=&#8220;RGBA(255,255,255,0)&#8220; global_colors_info=&#8220;{}&#8220; border_width_all_image__hover=&#8220;0px&#8220; border_width_all_image__hover_enabled=&#8220;on|desktop&#8220;][\/et_pb_blurb][\/et_pb_column][et_pb_column type=&#8220;1_4&#8243; _builder_version=&#8220;4.17.4&#8243; _module_preset=&#8220;default&#8220; background_color=&#8220;RGBA(255,255,255,0)&#8220; box_shadow_style=&#8220;preset3&#8243; box_shadow_spread=&#8220;-80px&#8220; global_colors_info=&#8220;{}&#8220; box_shadow_spread__hover_enabled=&#8220;on|hover&#8220; box_shadow_spread__hover=&#8220;-6px&#8220; background_color__hover=&#8220;rgba(0,140,154,0.2)&#8220; background__hover_enabled=&#8220;on|hover&#8220; background_enable_color__hover=&#8220;on&#8220;][et_pb_blurb title=&#8220;Linka na st\u0159\u00edh\u00e1n\u00ed textili\u00ed&#8220; image=&#8220;https:\/\/www.prestar.cz\/wp-content\/uploads\/2022\/03\/Aut-3.png&#8220; image_icon_width=&#8220;100%&#8220; image_icon_width_tablet=&#8220;100%&#8220; image_icon_width_phone=&#8220;100%&#8220; image_icon_width_last_edited=&#8220;on|phone&#8220; _builder_version=&#8220;4.18.0&#8243; _module_preset=&#8220;default&#8220; header_font=&#8220;|800|||||||&#8220; header_text_align=&#8220;center&#8220; header_font_size=&#8220;19px&#8220; header_line_height=&#8220;1.3em&#8220; body_text_align=&#8220;center&#8220; custom_margin=&#8220;-30%||||false|false&#8220; custom_margin_tablet=&#8220;-130px||||false|false&#8220; custom_margin_phone=&#8220;0px||||false|false&#8220; custom_margin_last_edited=&#8220;on|desktop&#8220; custom_padding=&#8220;|10%|10%|10%|false|true&#8220; custom_padding_tablet=&#8220;|40px|50px|40px|false|true&#8220; custom_padding_phone=&#8220;40px|10px|40px|10px|true|true&#8220; custom_padding_last_edited=&#8220;on|phone&#8220; link_option_url=&#8220;https:\/\/www.prestar.cz\/nuzky-na-textilie\/&#8220; border_width_all_image=&#8220;10px&#8220; border_color_all_image=&#8220;RGBA(255,255,255,0)&#8220; global_colors_info=&#8220;{}&#8220; border_width_all_image__hover=&#8220;0px&#8220; border_width_all_image__hover_enabled=&#8220;on|desktop&#8220;][\/et_pb_blurb][\/et_pb_column][et_pb_column type=&#8220;1_4&#8243; _builder_version=&#8220;4.17.4&#8243; _module_preset=&#8220;default&#8220; background_color=&#8220;RGBA(255,255,255,0)&#8220; box_shadow_style=&#8220;preset3&#8243; box_shadow_spread=&#8220;-80px&#8220; global_colors_info=&#8220;{}&#8220; box_shadow_spread__hover_enabled=&#8220;on|hover&#8220; box_shadow_spread__hover=&#8220;-6px&#8220; background_color__hover=&#8220;rgba(0,140,154,0.2)&#8220; background__hover_enabled=&#8220;on|hover&#8220; background_enable_color__hover=&#8220;on&#8220;][et_pb_blurb title=&#8220;Za\u0159\u00edzen\u00ed pro ot\u00e1\u010den\u00ed forem&#8220; image=&#8220;https:\/\/www.prestar.cz\/wp-content\/uploads\/2022\/03\/Aut-4.png&#8220; image_icon_width=&#8220;100%&#8220; image_icon_width_tablet=&#8220;100%&#8220; image_icon_width_phone=&#8220;100%&#8220; image_icon_width_last_edited=&#8220;on|phone&#8220; _builder_version=&#8220;4.18.0&#8243; _module_preset=&#8220;default&#8220; header_font=&#8220;|800|||||||&#8220; header_text_align=&#8220;center&#8220; header_font_size=&#8220;19px&#8220; header_line_height=&#8220;1.3em&#8220; body_text_align=&#8220;center&#8220; custom_margin=&#8220;-30%||||false|false&#8220; custom_margin_tablet=&#8220;-130px||||false|false&#8220; custom_margin_phone=&#8220;0px||||false|false&#8220; custom_margin_last_edited=&#8220;on|desktop&#8220; custom_padding=&#8220;|10%|10%|10%|false|true&#8220; custom_padding_tablet=&#8220;|40px|50px|40px|false|true&#8220; custom_padding_phone=&#8220;40px|10px|40px|10px|true|true&#8220; custom_padding_last_edited=&#8220;on|phone&#8220; link_option_url=&#8220;https:\/\/www.prestar.cz\/zarizeni-na-otaceni-forem\/&#8220; border_width_all_image=&#8220;10px&#8220; border_color_all_image=&#8220;RGBA(255,255,255,0)&#8220; global_colors_info=&#8220;{}&#8220; border_width_all_image__hover=&#8220;0px&#8220; border_width_all_image__hover_enabled=&#8220;on|desktop&#8220;][\/et_pb_blurb][\/et_pb_column][et_pb_column type=&#8220;1_4&#8243; _builder_version=&#8220;4.18.0&#8243; _module_preset=&#8220;default&#8220; background_color=&#8220;RGBA(255,255,255,0)&#8220; box_shadow_style=&#8220;preset3&#8243; box_shadow_spread=&#8220;-80px&#8220; global_colors_info=&#8220;{}&#8220; background_color__hover=&#8220;rgba(0,140,154,0.2)&#8220; background__hover_enabled=&#8220;on|hover&#8220; box_shadow_spread__hover=&#8220;-6px&#8220; box_shadow_spread__hover_enabled=&#8220;on|hover&#8220; background_enable_color__hover=&#8220;on&#8220;][et_pb_blurb title=&#8220;Linka na t\u0159\u00edd\u011bn\u00ed palet&#8220; image=&#8220;https:\/\/www.prestar.cz\/wp-content\/uploads\/2022\/03\/Aut-1.png&#8220; image_icon_width=&#8220;100%&#8220; image_icon_width_tablet=&#8220;100%&#8220; image_icon_width_phone=&#8220;100%&#8220; image_icon_width_last_edited=&#8220;on|phone&#8220; _builder_version=&#8220;4.18.0&#8243; _module_preset=&#8220;default&#8220; header_font=&#8220;|800|||||||&#8220; header_text_align=&#8220;center&#8220; header_font_size=&#8220;19px&#8220; header_line_height=&#8220;1.3em&#8220; body_text_align=&#8220;center&#8220; custom_margin=&#8220;-30%||||false|false&#8220; custom_margin_tablet=&#8220;-130px||||false|false&#8220; custom_margin_phone=&#8220;0px||||false|false&#8220; custom_margin_last_edited=&#8220;on|desktop&#8220; custom_padding=&#8220;|10%|10%|10%|false|true&#8220; custom_padding_tablet=&#8220;|40px|50px|40px|false|true&#8220; custom_padding_phone=&#8220;40px|10px|40px|10px|true|true&#8220; custom_padding_last_edited=&#8220;on|phone&#8220; link_option_url=&#8220;https:\/\/www.prestar.cz\/linka-na-trideni-euro-palet\/&#8220; border_width_all_image=&#8220;10px&#8220; border_color_all_image=&#8220;RGBA(255,255,255,0)&#8220; global_colors_info=&#8220;{}&#8220; border_width_all_image__hover=&#8220;0px&#8220; border_width_all_image__hover_enabled=&#8220;on|desktop&#8220;][\/et_pb_blurb][\/et_pb_column][\/et_pb_row][et_pb_row _builder_version=&#8220;4.16&#8243; _module_preset=&#8220;default&#8220; custom_margin=&#8220;60px|auto||auto||&#8220; custom_padding=&#8220;||125px|||&#8220; global_colors_info=&#8220;{}&#8220;][et_pb_column type=&#8220;4_4&#8243; _builder_version=&#8220;4.16&#8243; _module_preset=&#8220;default&#8220; global_colors_info=&#8220;{}&#8220;][et_pb_text _builder_version=&#8220;4.16&#8243; _module_preset=&#8220;default&#8220; text_font=&#8220;|||on|||||&#8220; text_text_color=&#8220;#008C9A&#8220; custom_margin=&#8220;50px||-3px|||&#8220; custom_padding=&#8220;||8px|||&#8220; global_colors_info=&#8220;{}&#8220;]<\/p>\n<p style=\"text-align: center;\">Automatizace p\u0159in\u00e1\u0161\u00ed ovoce<\/p>\n<p>[\/et_pb_text][et_pb_text _builder_version=&#8220;4.18.0&#8243; _module_preset=&#8220;default&#8220; header_font=&#8220;|800|||||||&#8220; header_text_color=&#8220;#005E68&#8243; header_font_size=&#8220;40px&#8220; header_line_height=&#8220;1.3em&#8220; max_width=&#8220;800px&#8220; module_alignment=&#8220;center&#8220; custom_margin=&#8220;0px||||false|false&#8220; header_font_size_tablet=&#8220;40px&#8220; header_font_size_phone=&#8220;30px&#8220; header_font_size_last_edited=&#8220;on|desktop&#8220; global_colors_info=&#8220;{}&#8220;]<\/p>\n<h1 style=\"text-align: center;\">79% z\u00e1kazn\u00edk\u016f lituje, \u017ee rozhodnut\u00ed k automatizaci neu\u010dinili rychleji<\/h1>\n<p>[\/et_pb_text][\/et_pb_column][\/et_pb_row][\/et_pb_section]<\/p>\n","protected":false},"excerpt":{"rendered":"<p>Robotick\u00e9 pracovi\u0161t\u011b na le\u0161t\u011bn\u00ed \u0161t\u00edt\u016f Pro urychlen\u00ed a zefektivn\u011bn\u00ed p\u0159epravy Z\u00e1klad pracovi\u0161t\u011b tvo\u0159\u00ed 6ti\u00a0os\u00fd robot, kter\u00fd je zav\u011b\u0161en na strop\u011b kabiny. Na efektoru robota je p\u0159ipevn\u011bna satinovac\u00ed bruska, kter\u00e1 je vybavena v\u00e1lcem z\u202fbrusn\u00e9ho rouna a\u202fvedle n\u011bj v\u202frychloup\u00ednac\u00edm skl\u00ed\u010didle lamelov\u00fd kotou\u010d.\u00a0 Robotick\u00e9 rameno s\u202f6-ti osami\u00a0 Automatick\u00e9 rozpozn\u00e1n\u00ed velikosti brou\u0161en\u00e9ho \u0161t\u00edtu\u00a0 Aktivn\u00ed kontaktn\u00ed p\u0159\u00edruba\u00a0 Satinovac\u00ed p\u0159\u00edstroj\u00a0 Stojan [&hellip;]<\/p>\n","protected":false},"author":2,"featured_media":0,"parent":0,"menu_order":0,"comment_status":"closed","ping_status":"closed","template":"","meta":{"_et_pb_use_builder":"on","_et_pb_old_content":"","_et_gb_content_width":"","inline_featured_image":false,"footnotes":""},"dipi_cpt_category":[],"class_list":["post-349718","page","type-page","status-publish","hentry"],"_links":{"self":[{"href":"https:\/\/www.prestar.cz\/en\/wp-json\/wp\/v2\/pages\/349718","targetHints":{"allow":["GET"]}}],"collection":[{"href":"https:\/\/www.prestar.cz\/en\/wp-json\/wp\/v2\/pages"}],"about":[{"href":"https:\/\/www.prestar.cz\/en\/wp-json\/wp\/v2\/types\/page"}],"author":[{"embeddable":true,"href":"https:\/\/www.prestar.cz\/en\/wp-json\/wp\/v2\/users\/2"}],"replies":[{"embeddable":true,"href":"https:\/\/www.prestar.cz\/en\/wp-json\/wp\/v2\/comments?post=349718"}],"version-history":[{"count":9,"href":"https:\/\/www.prestar.cz\/en\/wp-json\/wp\/v2\/pages\/349718\/revisions"}],"predecessor-version":[{"id":350568,"href":"https:\/\/www.prestar.cz\/en\/wp-json\/wp\/v2\/pages\/349718\/revisions\/350568"}],"wp:attachment":[{"href":"https:\/\/www.prestar.cz\/en\/wp-json\/wp\/v2\/media?parent=349718"}],"wp:term":[{"taxonomy":"dipi_cpt_category","embeddable":true,"href":"https:\/\/www.prestar.cz\/en\/wp-json\/wp\/v2\/dipi_cpt_category?post=349718"}],"curies":[{"name":"wp","href":"https:\/\/api.w.org\/{rel}","templated":true}]}}