{"id":351896,"date":"2025-03-25T12:47:54","date_gmt":"2025-03-25T11:47:54","guid":{"rendered":"https:\/\/www.prestar.cz\/?page_id=351896"},"modified":"2025-03-25T12:54:08","modified_gmt":"2025-03-25T11:54:08","slug":"ethicalcodex-prestar","status":"publish","type":"page","link":"https:\/\/www.prestar.cz\/en\/etickykodex-prestar\/","title":{"rendered":"Code of Ethics of PRESTAR, s.r.o."},"content":{"rendered":"\n[et_pb_section fb_built=&#8220;1&#8243; custom_padding_last_edited=&#8220;on|desktop&#8220; module_id=&#8220;balici_stroje&#8220; _builder_version=&#8220;4.17.6&#8243; _module_preset=&#8220;default&#8220; background_color=&#8220;rgba(0,140,154,0.09)&#8220; custom_margin=&#8220;||||false|false&#8220; custom_padding=&#8220;0px|6%|3%|6%|false|true&#8220; custom_padding_tablet=&#8220;0px|6%|3%|6%|false|true&#8220; custom_padding_phone=&#8220;0px|0%|3%|0%|false|true&#8220; da_disable_devices=&#8220;off|off|off&#8220; global_colors_info=&#8220;{}&#8220; da_is_popup=&#8220;off&#8220; da_exit_intent=&#8220;off&#8220; da_has_close=&#8220;on&#8220; da_alt_close=&#8220;off&#8220; da_dark_close=&#8220;off&#8220; da_not_modal=&#8220;on&#8220; da_is_singular=&#8220;off&#8220; da_with_loader=&#8220;off&#8220; da_has_shadow=&#8220;on&#8220;][et_pb_row use_custom_gutter=&#8220;on&#8220; gutter_width=&#8220;2&#8243; make_equal=&#8220;on&#8220; _builder_version=&#8220;4.19.0&#8243; _module_preset=&#8220;default&#8220; background_color=&#8220;RGBA(255,255,255,0)&#8220; width=&#8220;95%&#8220; max_width=&#8220;1000px&#8220; module_alignment=&#8220;center&#8220; custom_margin=&#8220;|0px||0px|false|true&#8220; custom_padding=&#8220;|0px||0px|false|true&#8220; border_radii=&#8220;on|30px|30px|30px|30px&#8220; global_colors_info=&#8220;{}&#8220;][et_pb_column type=&#8220;4_4&#8243; _builder_version=&#8220;4.17.6&#8243; _module_preset=&#8220;default&#8220; background_color=&#8220;#FFFFFF&#8220; custom_padding=&#8220;0%|0%||5%|false|false&#8220; sticky_limit_bottom=&#8220;section&#8220; border_radii=&#8220;on|30px|30px|30px|30px&#8220; global_colors_info=&#8220;{}&#8220;][et_pb_text _builder_version=&#8220;4.27.4&#8243; _module_preset=&#8220;default&#8220; header_font=&#8220;|800|||||||&#8220; header_text_color=&#8220;#005E68&#8243; header_font_size=&#8220;40px&#8220; header_line_height=&#8220;1.6em&#8220; module_alignment=&#8220;left&#8220; custom_margin=&#8220;5%||||false|false&#8220; custom_padding=&#8220;|0px||0px|false|true&#8220; hover_enabled=&#8220;0&#8243; header_font_size_tablet=&#8220;40px&#8220; header_font_size_phone=&#8220;30px&#8220; header_font_size_last_edited=&#8220;on|desktop&#8220; global_colors_info=&#8220;{}&#8220; sticky_enabled=&#8220;0&#8243;]<h1 style=\"text-align: left;\">Etick\u00fd kodex spole\u010dnosti PRESTAR, s.r.o.<\/h1>[\/et_pb_text][et_pb_text _builder_version=&#8220;4.27.4&#8243; _module_preset=&#8220;default&#8220; header_2_font=&#8220;|700|||||||&#8220; header_2_text_color=&#8220;#00343A&#8220; header_2_line_height=&#8220;1.8em&#8220; header_3_font=&#8220;|700|||||||&#8220; header_3_font_size=&#8220;20px&#8220; header_3_line_height=&#8220;1.7em&#8220; text_orientation=&#8220;justified&#8220; module_alignment=&#8220;left&#8220; custom_margin=&#8220;||5%||false|false&#8220; custom_padding=&#8220;|5%|||false|false&#8220; hover_enabled=&#8220;0&#8243; global_colors_info=&#8220;{}&#8220; sticky_enabled=&#8220;0&#8243;]<p>Etick\u00fd kodex je n\u00e1stroj, kter\u00fd pom\u00e1h\u00e1 zaji\u0161\u0165ovat, aby ka\u017edodenn\u00ed aktivity firmy a jedn\u00e1n\u00ed v\u0161ech jej\u00edch zam\u011bstnanc\u016f odpov\u00eddaly stanoven\u00fdm z\u00e1sad\u00e1m. Jde o soubor konkr\u00e9tn\u00edch pravidel vych\u00e1zej\u00edc\u00edch z hodnot a princip\u016f organizace, kter\u00e1 vymezuj\u00ed standard profesion\u00e1ln\u00edho jedn\u00e1n\u00ed. Tento dokument je vnit\u0159n\u00edm p\u0159edpisem spole\u010dnosti a je z\u00e1vazn\u00fd pro v\u0161echny jej\u00ed zam\u011bstnance.<\/p>\n<h2>1. Z\u00e1kladn\u00ed po\u017eadavky chov\u00e1n\u00ed<\/h2>\n<p>Dodr\u017eov\u00e1n\u00ed z\u00e1kon\u016f je z\u00e1kladem etick\u00fdch standard\u016f spole\u010dnosti. Chov\u00e1me se k sob\u011b i ke v\u0161em partner\u016fm slu\u0161n\u011b. Spole\u010dnost PRESTAR, s.r.o., se v\u017edy \u0159\u00edd\u00ed v\u0161emi platn\u00fdmi z\u00e1kony, p\u0159edpisy, pravidly a normami. Pokud jsou z\u00e1sady nebo etick\u00fd kodex spole\u010dnosti v rozporu s platn\u00fdm pr\u00e1vem, je v\u017edy vy\u017eadov\u00e1n soulad se z\u00e1kony.<\/p>\n<h2>2. Ochrana dobr\u00e9ho jm\u00e9na spole\u010dnosti<\/h2>\n<p>Zam\u011bstnanci jsou povinni jednat a vystupovat tak, aby reprezentovali spole\u010dnost PRESTAR, s.r.o., a jejich chov\u00e1n\u00ed, vystupov\u00e1n\u00ed nebo vyj\u00e1d\u0159en\u00ed nepo\u0161kodilo ani neznev\u00e1\u017eilo dobr\u00e9 jm\u00e9no zam\u011bstnavatele. Chov\u00e1me se proaktivn\u011b v\u016f\u010di sob\u011b i z\u00e1kazn\u00edk\u016fm.<\/p>\n<h2>3. Management<\/h2>\n<p>Vedouc\u00ed pracovn\u00edci jsou vzorem mor\u00e1ln\u00edch a etick\u00fdch kvalit pro ostatn\u00ed zam\u011bstnance a z\u00e1stupce spole\u010dnosti. Nesou odpov\u011bdnost za sledov\u00e1n\u00ed dodr\u017eov\u00e1n\u00ed Etick\u00e9ho kodexu sv\u00fdmi pod\u0159\u00edzen\u00fdmi.<\/p>\n<h2>4. Obchodn\u00ed vztahy a vztahy s t\u0159et\u00edmi stranami<\/h2>\n<p>Prosazujeme spravedlivou hospod\u00e1\u0159skou sout\u011b\u017e a dodr\u017eujeme antimonopoln\u00ed z\u00e1kony. PRESTAR, s.r.o., ct\u00ed a dodr\u017euje pravidla poctiv\u00e9 a otev\u0159en\u00e9 hospod\u00e1\u0159sk\u00e9 sout\u011b\u017ee. Ka\u017ed\u00fd z\u00e1stupce spole\u010dnosti sv\u00fdm jedn\u00e1n\u00edm chr\u00e1n\u00ed tato pravidla a zamezuje situac\u00edm vedouc\u00edm k jejich poru\u0161en\u00ed. Zam\u011bstnanci nesm\u00ed prov\u00e1d\u011bt kartelov\u00e9 aktivity, jako jsou dohody o v\u00fdm\u011bn\u011b informac\u00ed s konkurenc\u00ed nebo obchodn\u00edmi spole\u010dnostmi o cen\u00e1ch, uzav\u00edr\u00e1n\u00ed smluv o nab\u00eddk\u00e1ch \u010di jin\u00e9 nez\u00e1konn\u00e9 obchodn\u00ed praktiky. Nenab\u00edz\u00edme a ne\u017e\u00e1d\u00e1me \u017e\u00e1dn\u00e9 poskytov\u00e1n\u00ed v\u00fdhod.<\/p>\n<h2>5. Dodr\u017eov\u00e1n\u00ed z\u00e1sad chov\u00e1n\u00ed dodavatele spole\u010dnosti PRESTAR, s.r.o.<\/h2>\n<p>Spole\u010dnost PRESTAR, s.r.o., vy\u017eaduje, aby jej\u00ed dodavatel\u00e9 dodr\u017eovali stejn\u00e9 z\u00e1sady chov\u00e1n\u00ed, jak\u00e9 ur\u010duje tento Etick\u00fd kodex pro samotnou spole\u010dnost.<\/p>\n<h2>6. Du\u0161evn\u00ed vlastnictv\u00ed druh\u00fdch<\/h2>\n<p>PRESTAR, s.r.o., chr\u00e1n\u00ed sv\u00e1 vlastn\u00ed tajemstv\u00ed a respektuje pr\u00e1va du\u0161evn\u00edho vlastnictv\u00ed druh\u00fdch. Zam\u011bstnanci nesm\u00ed z\u00edsk\u00e1vat d\u016fv\u011brn\u00e9 informace jin\u00fdch stran nedovolen\u00fdmi prost\u0159edky ani je zp\u0159\u00edstup\u0148ovat bez povolen\u00ed.<\/p>\n<h2>7. St\u0159et z\u00e1jm\u016f<\/h2>\n<p>Zam\u011bstnanci se mus\u00ed vyh\u00fdbat situac\u00edm, ve kter\u00fdch by mohlo doj\u00edt ke st\u0159etu mezi jejich osobn\u00edmi z\u00e1jmy a z\u00e1jmy spole\u010dnosti. Ka\u017ed\u00fd zam\u011bstnanec je povinen neprodlen\u011b informovat nad\u0159\u00edzen\u00e9ho o mo\u017en\u00e9m konfliktu z\u00e1jm\u016f.<\/p>\n<h2>8. Vztah k zam\u011bstnanc\u016fm<\/h2>\n<p>Pro spole\u010dnost PRESTAR, s.r.o., je kl\u00ed\u010dov\u00fd vz\u00e1jemn\u011b d\u016fstojn\u00fd vztah se zam\u011bstnanci zalo\u017een\u00fd na \u00fact\u011b. Pracovn\u00ed podm\u00ednky odpov\u00eddaj\u00ed z\u00e1konn\u00fdm norm\u00e1m a p\u0159edpis\u016fm.<\/p>\n<h2>9. Ochrana a u\u017e\u00edv\u00e1n\u00ed majetku<\/h2>\n<p>Pracovn\u00edci maj\u00ed povinnost chr\u00e1nit majetek spole\u010dnosti a efektivn\u011b jej vyu\u017e\u00edvat. Kr\u00e1de\u017ee nebo pl\u00fdtv\u00e1n\u00ed maj\u00ed p\u0159\u00edm\u00fd dopad na v\u00fdsledky spole\u010dnosti. Jak\u00e9koliv podez\u0159en\u00ed na zneu\u017eit\u00ed majetku mus\u00ed b\u00fdt hl\u00e1\u0161eno a pro\u0161et\u0159eno.<\/p>\n<h2>10. \u017divotn\u00ed prost\u0159ed\u00ed<\/h2>\n<p>Spole\u010dnost dodr\u017euje v\u0161echny p\u0159edpisy na ochranu \u017eivotn\u00edho prost\u0159ed\u00ed a minimalizuje dopady sv\u00e9 \u010dinnosti. V\u011bnuje se kvalit\u011b vody, emis\u00edm do ovzdu\u0161\u00ed, \u00faspor\u00e1m energie, sni\u017eov\u00e1n\u00ed CO2.<\/p>\n<h2>11. P\u0159edstavitel etick\u00e9ho kodexu<\/h2>\n<p>Nejvy\u0161\u0161\u00edm p\u0159edstavitelem etick\u00e9ho kodexu je Gener\u00e1ln\u00ed \u0159editel spole\u010dnosti, V\u00fdrobn\u00ed \u0159editel a Mana\u017eer syst\u00e9mu.<\/p>\n<h2>12. Z\u00e1sady neposti\u017eitelnosti<\/h2>\n<p>Spole\u010dnost zaru\u010duje, \u017ee zam\u011bstnanci, kte\u0159\u00ed p\u0159edlo\u017e\u00ed p\u0159ipom\u00ednky a st\u00ed\u017enosti nebo nahl\u00e1s\u00ed poru\u0161en\u00ed kodexu, nebudou vystaveni negativn\u00edmu jedn\u00e1n\u00ed ze strany zam\u011bstnavatele.<\/p>\n<h2>13. Poru\u0161en\u00ed kodexu<\/h2>\n<p>P\u0159i poru\u0161en\u00ed kodexu mohou b\u00fdt p\u0159ijata disciplin\u00e1rn\u00ed opat\u0159en\u00ed dle pr\u00e1vn\u00edch p\u0159edpis\u016f a intern\u00edch pravidel spole\u010dnosti.<\/p>\n<h2>14. Vy\u0161et\u0159ov\u00e1n\u00ed st\u00ed\u017enost\u00ed<\/h2>\n<p>Spole\u010dnost zaji\u0161\u0165uje d\u016fv\u011brnost st\u011b\u017eovatel\u016f a spravedliv\u00e9 \u0159e\u0161en\u00ed.<\/p>\n<p>&nbsp;<\/p>\n<p><em><strong>Jednatel spole\u010dnosti PRESTAR, s.r.o.: Ing. Franti\u0161ek Hor\u00e1k<\/strong><\/em><\/p>[\/et_pb_text][\/et_pb_column][\/et_pb_row][\/et_pb_section]\n","protected":false},"excerpt":{"rendered":"<p>Etick\u00fd kodex spole\u010dnosti PRESTAR, s.r.o.Etick\u00fd kodex je n\u00e1stroj, kter\u00fd pom\u00e1h\u00e1 zaji\u0161\u0165ovat, aby ka\u017edodenn\u00ed aktivity firmy a jedn\u00e1n\u00ed v\u0161ech jej\u00edch zam\u011bstnanc\u016f odpov\u00eddaly stanoven\u00fdm z\u00e1sad\u00e1m. Jde o soubor konkr\u00e9tn\u00edch pravidel vych\u00e1zej\u00edc\u00edch z hodnot a princip\u016f organizace, kter\u00e1 vymezuj\u00ed standard profesion\u00e1ln\u00edho jedn\u00e1n\u00ed. Tento dokument je vnit\u0159n\u00edm p\u0159edpisem spole\u010dnosti a je z\u00e1vazn\u00fd pro v\u0161echny jej\u00ed zam\u011bstnance. 1. Z\u00e1kladn\u00ed po\u017eadavky [&hellip;]<\/p>\n","protected":false},"author":5,"featured_media":0,"parent":0,"menu_order":0,"comment_status":"closed","ping_status":"closed","template":"","meta":{"_et_pb_use_builder":"on","_et_pb_old_content":"","_et_gb_content_width":"","inline_featured_image":false,"footnotes":""},"dipi_cpt_category":[],"class_list":["post-351896","page","type-page","status-publish","hentry"],"_links":{"self":[{"href":"https:\/\/www.prestar.cz\/en\/wp-json\/wp\/v2\/pages\/351896","targetHints":{"allow":["GET"]}}],"collection":[{"href":"https:\/\/www.prestar.cz\/en\/wp-json\/wp\/v2\/pages"}],"about":[{"href":"https:\/\/www.prestar.cz\/en\/wp-json\/wp\/v2\/types\/page"}],"author":[{"embeddable":true,"href":"https:\/\/www.prestar.cz\/en\/wp-json\/wp\/v2\/users\/5"}],"replies":[{"embeddable":true,"href":"https:\/\/www.prestar.cz\/en\/wp-json\/wp\/v2\/comments?post=351896"}],"version-history":[{"count":4,"href":"https:\/\/www.prestar.cz\/en\/wp-json\/wp\/v2\/pages\/351896\/revisions"}],"predecessor-version":[{"id":351902,"href":"https:\/\/www.prestar.cz\/en\/wp-json\/wp\/v2\/pages\/351896\/revisions\/351902"}],"wp:attachment":[{"href":"https:\/\/www.prestar.cz\/en\/wp-json\/wp\/v2\/media?parent=351896"}],"wp:term":[{"taxonomy":"dipi_cpt_category","embeddable":true,"href":"https:\/\/www.prestar.cz\/en\/wp-json\/wp\/v2\/dipi_cpt_category?post=351896"}],"curies":[{"name":"wp","href":"https:\/\/api.w.org\/{rel}","templated":true}]}}